{"id":12,"date":"2023-11-16T04:35:57","date_gmt":"2023-11-16T04:35:57","guid":{"rendered":"https:\/\/theelora.com\/?page_id=12"},"modified":"2023-11-16T04:38:24","modified_gmt":"2023-11-16T04:38:24","slug":"refund_returns","status":"publish","type":"page","link":"https:\/\/theelora.com\/es\/refund_returns\/","title":{"rendered":"Pol\u00edtica de devoluciones y reembolsos"},"content":{"rendered":"<h1 class=\"wp-block-heading\">Pol\u00edtica de devoluciones y reembolsos<\/h1>\n\n\n\n<p>\u00daltima actualizaci\u00f3n: 21 de agosto de 2022<\/p>\n\n\n\n<p>Gracias por comprar en Elora.<\/p>\n\n\n\n<p>Si, por cualquier motivo, no est\u00e1 completamente satisfecho con una compra, le invitamos a revisar nuestra pol\u00edtica de reembolsos y devoluciones.<\/p>\n\n\n\n<p>Los siguientes t\u00e9rminos son aplicables a cualquier producto que Usted haya comprado con Nosotros.<\/p>\n\n\n\n<h1 class=\"wp-block-heading\">Interpretaci\u00f3n y definiciones<\/h1>\n\n\n\n<h2 class=\"wp-block-heading\">Interpretaci\u00f3n<\/h2>\n\n\n\n<p>Las palabras cuya letra inicial va en may\u00fascula tienen significados definidos en las condiciones siguientes. Las siguientes definiciones tendr\u00e1n el mismo significado independientemente de que aparezcan en singular o en plural.<\/p>\n\n\n\n<h2 class=\"wp-block-heading\">Definiciones<\/h2>\n\n\n\n<p>A efectos de la presente pol\u00edtica de devoluciones y reembolsos:<\/p>\n\n\n\n<ul class=\"wp-block-list\">\n<li><strong>Empresa<\/strong>\u00a0Elora Ltd., Unit 3, Tradecity, Kingsway, Luton, LU1 1FW, Reino Unido (en adelante \"la Empresa\", \"Nosotros\", \"Nos\" o \"Nuestro\" en el presente Contrato).<\/li>\n\n\n\n<li><strong>Mercanc\u00edas<\/strong>&nbsp;se refieren a los art\u00edculos puestos a la venta en el Servicio.<\/li>\n\n\n\n<li><strong>Pedidos<\/strong>&nbsp;se entender\u00e1 una solicitud por su parte para que le compremos Productos.<\/li>\n\n\n\n<li><strong>Servicio<\/strong>&nbsp;se refiere al Sitio web.<\/li>\n\n\n\n<li><strong>P\u00e1gina web<\/strong>\u00a0se refiere a Elora, accesible desde\u00a0<a href=\"https:\/\/theelora.com\/es\/\" target=\"_blank\" rel=\"noreferrer noopener\">https:\/\/theelora.com<\/a><\/li>\n\n\n\n<li><strong>Usted<\/strong>&nbsp;la persona f\u00edsica que accede o utiliza el Servicio, o la empresa u otra entidad jur\u00eddica en nombre de la cual dicha persona f\u00edsica accede o utiliza el Servicio, seg\u00fan proceda.<\/li>\n<\/ul>\n\n\n\n<h1 class=\"wp-block-heading\">Sus derechos de cancelaci\u00f3n de pedidos<\/h1>\n\n\n\n<p>Tiene derecho a anular su pedido en un plazo de 14 d\u00edas sin necesidad de justificaci\u00f3n.<\/p>\n\n\n\n<p>El plazo para cancelar un Pedido es de 14 d\u00edas a partir de la fecha en que Usted haya recibido la Mercanc\u00eda o en que un tercero designado por Usted, que no sea el transportista, tome posesi\u00f3n del producto entregado.<\/p>\n\n\n\n<p>Para ejercer su derecho de cancelaci\u00f3n, debe informarnos de su decisi\u00f3n mediante una declaraci\u00f3n clara. Puede informarnos de su decisi\u00f3n mediante:<\/p>\n\n\n\n<ul class=\"wp-block-list\">\n<li>Por correo electr\u00f3nico: info@<a href=\"https:\/\/theelora.com\/es\/\">theelora.com<\/a><\/li>\n\n\n\n<li>Visitando esta p\u00e1gina de nuestro sitio web:\u00a0<a href=\"https:\/\/theelora.com\/es\/contact-us\/\" data-type=\"link\" data-id=\"https:\/\/theelora.com\/contact-us\/\" target=\"_blank\" rel=\"noreferrer noopener\">https:\/\/theelora.com\/contact-us\/<\/a><\/li>\n<\/ul>\n\n\n\n<p>Le reembolsaremos el importe en un plazo m\u00e1ximo de 14 d\u00edas a partir de la fecha de recepci\u00f3n de los Productos devueltos. Utilizaremos el mismo medio de pago que Usted utiliz\u00f3 para el Pedido, y Usted no incurrir\u00e1 en ning\u00fan gasto por dicho reembolso.<\/p>\n\n\n\n<h1 class=\"wp-block-heading\">Condiciones de devoluci\u00f3n<\/h1>\n\n\n\n<p>Para que los Productos puedan ser objeto de devoluci\u00f3n, aseg\u00farese de que:<\/p>\n\n\n\n<ul class=\"wp-block-list\">\n<li>Los bienes se compraron en los \u00faltimos 14 d\u00edas<\/li>\n\n\n\n<li>La mercanc\u00eda est\u00e1 en su embalaje original<\/li>\n<\/ul>\n\n\n\n<p>Los siguientes productos no pueden ser devueltos:<\/p>\n\n\n\n<ul class=\"wp-block-list\">\n<li>El suministro de bienes fabricados seg\u00fan sus especificaciones o claramente personalizados.<\/li>\n\n\n\n<li>El suministro de Bienes que por su naturaleza no sean aptos para ser devueltos, se deterioren r\u00e1pidamente o cuya fecha de caducidad haya vencido.<\/li>\n\n\n\n<li>El suministro de Mercanc\u00edas que no sean aptas para su devoluci\u00f3n por razones de protecci\u00f3n de la salud o de higiene y que hayan sido desprecintadas tras la entrega.<\/li>\n\n\n\n<li>El suministro de Mercanc\u00edas que, despu\u00e9s de la entrega, seg\u00fan su naturaleza, est\u00e1n inseparablemente mezcladas con otros art\u00edculos.<\/li>\n<\/ul>\n\n\n\n<p>Nos reservamos el derecho a rechazar las devoluciones de cualquier mercanc\u00eda que no cumpla las condiciones de devoluci\u00f3n anteriores a nuestra entera discreci\u00f3n.<\/p>\n\n\n\n<p>S\u00f3lo se reembolsar\u00e1n los productos de precio normal. Lamentablemente, los productos en oferta no pueden ser reembolsados. Esta exclusi\u00f3n puede no aplicarse en su caso si no est\u00e1 permitida por la legislaci\u00f3n aplicable.<\/p>\n\n\n\n<h1 class=\"wp-block-heading\">Devoluci\u00f3n de mercanc\u00edas<\/h1>\n\n\n\n<p>Usted es responsable del coste y el riesgo de devolvernos los Productos. Deber\u00e1 enviar los Productos a la siguiente direcci\u00f3n:<\/p>\n\n\n\n<p>Unidad 3, Tradecity, Kingsway<br>Luton, Bedfordshire LU1 1FW<br>Reino Unido<\/p>\n\n\n\n<p>No nos hacemos responsables de los art\u00edculos da\u00f1ados o perdidos en el env\u00edo de devoluci\u00f3n. Por lo tanto, recomendamos un servicio de correo asegurado y con seguimiento. No podemos emitir un reembolso sin la recepci\u00f3n real de los Productos o una prueba de la recepci\u00f3n de la devoluci\u00f3n.<\/p>\n\n\n\n<h1 class=\"wp-block-heading\">Regalos<\/h1>\n\n\n\n<p>Si los Productos se marcaron como regalo en el momento de la compra y luego se le enviaron directamente a usted, recibir\u00e1 un cr\u00e9dito de regalo por el valor de su devoluci\u00f3n. Una vez recibido el producto devuelto, se le enviar\u00e1 por correo un cheque regalo.<\/p>\n\n\n\n<p>Si los Productos no estaban marcados como regalo en el momento de la compra, o si la persona que hizo el regalo se envi\u00f3 el Pedido a s\u00ed misma para entreg\u00e1rselo a Usted m\u00e1s tarde, enviaremos el reembolso a la persona que hizo el regalo.<\/p>\n\n\n\n<h2 class=\"wp-block-heading\">Contacte con nosotros<\/h2>\n\n\n\n<p>Si tiene alguna pregunta sobre nuestra pol\u00edtica de devoluciones y reembolsos, p\u00f3ngase en contacto con nosotros:<\/p>\n\n\n\n<ul class=\"wp-block-list\">\n<li>Por correo electr\u00f3nico: info@<a href=\"\/es\/info@theelora.com\/\">info@theelora.com<\/a>.es<\/li>\n\n\n\n<li>Visitando esta p\u00e1gina de nuestro sitio web:\u00a0<a href=\"https:\/\/theelora.com\/es\/contact-us\/\" target=\"_blank\" rel=\"noreferrer noopener\">https:\/\/theelora.com\/contact-us\/<\/a><\/li>\n<\/ul>","protected":false},"excerpt":{"rendered":"<p>Return and Refund Policy Last updated: August 21, 2022 Thank you for shopping at Elora. If, for any reason, You<\/p>","protected":false},"author":1,"featured_media":0,"parent":0,"menu_order":0,"comment_status":"closed","ping_status":"closed","template":"","meta":{"footnotes":""},"class_list":["post-12","page","type-page","status-publish","hentry"],"_links":{"self":[{"href":"https:\/\/theelora.com\/es\/wp-json\/wp\/v2\/pages\/12","targetHints":{"allow":["GET"]}}],"collection":[{"href":"https:\/\/theelora.com\/es\/wp-json\/wp\/v2\/pages"}],"about":[{"href":"https:\/\/theelora.com\/es\/wp-json\/wp\/v2\/types\/page"}],"author":[{"embeddable":true,"href":"https:\/\/theelora.com\/es\/wp-json\/wp\/v2\/users\/1"}],"replies":[{"embeddable":true,"href":"https:\/\/theelora.com\/es\/wp-json\/wp\/v2\/comments?post=12"}],"version-history":[{"count":0,"href":"https:\/\/theelora.com\/es\/wp-json\/wp\/v2\/pages\/12\/revisions"}],"wp:attachment":[{"href":"https:\/\/theelora.com\/es\/wp-json\/wp\/v2\/media?parent=12"}],"curies":[{"name":"wp","href":"https:\/\/api.w.org\/{rel}","templated":true}]}}