{"id":15608,"date":"2023-11-06T09:25:20","date_gmt":"2023-11-06T09:25:20","guid":{"rendered":"https:\/\/theelora.com\/?post_type=product&#038;p=15608"},"modified":"2023-11-10T12:15:38","modified_gmt":"2023-11-10T12:15:38","slug":"nubuck-luxurious-upholstery-bed","status":"publish","type":"product","link":"https:\/\/theelora.com\/es\/producto\/nubuck-luxurious-upholstery-bed\/","title":{"rendered":"Cama tapizada en nobuk de lujo"},"content":{"rendered":"<p>&nbsp;<\/p>\n<div>\n<p><strong>Detalles del producto<\/strong><\/p>\n<ul>\n<li>Categor\u00eda: Cama<\/li>\n<li>Color: Como imagen o personalizado<\/li>\n<li>MOQ: 1 pieza<\/li>\n<li>N\u00ba de modelo : NLU-BEDS-001<\/li>\n<li>Estilo de dise\u00f1o: Lujo ligero italiano moderno<\/li>\n<li>Volumen estimado del art\u00edculo (m3) : 1,8<\/li>\n<li>Peso estimado del art\u00edculo (KGS) : 180<\/li>\n<li>Plazo de entrega (d\u00edas):  A negociar<\/li>\n<\/ul>\n<p>&nbsp;<\/p>\n<p><strong>Material destacado<\/strong><strong>: <\/strong><\/p>\n<ul>\n<li>Funda: tejido nobuk<\/li>\n<li>Pata de acero inoxidable 304<\/li>\n<li>Esponja:esponja de alto destino(45%-65%)<\/li>\n<li>Estructura: interior de madera maciza<\/li>\n<li>Contenido de agua :8%-13%<\/li>\n<\/ul>\n<p>&nbsp;<\/p>\n<p><strong>Informaci\u00f3n sobre el tama\u00f1o: <\/strong><\/p>\n<div>Tama\u00f1os personalizados disponibles<\/div>\n<\/div>\n<div><\/div>\n<div>\n<div>Regular Informaci\u00f3n sobre tallas:<\/div>\n<ul>\n<li>Tama\u00f1o del colch\u00f3n:1800W*2000D<\/li>\n<li>Cabecera:3350W*210D*1050H<\/li>\n<li>Tablero de pie:2150W*180D*340H<\/li>\n<li>Lateral:2030W*180D*340H<\/li>\n<\/ul>\n<p>&nbsp;<\/p>\n<p><strong>Paquete <\/strong><strong>Detalles<\/strong><strong>:<\/strong><\/p>\n<ul>\n<li>Cartones de papel duro de 5 capas est\u00e1ndar para exportaci\u00f3n + embalaje de madera<\/li>\n<li>Protecci\u00f3n interior de espuma y EPE<\/li>\n<li>Esquineras de papel duro en cada esquina<\/li>\n<\/ul>\n<p><strong>El precio puede variar seg\u00fan el material y la cantidad que pida, p\u00f3ngase en contacto con nosotros para obtener informaci\u00f3n sobre precios. <\/strong><\/p>\n<\/div>","protected":false},"excerpt":{"rendered":"<div class=\"productAttItem\">\n<div class=\"productAttTitel\">\n<p>La cama tiene un tapizado no desenfundable en piel o tela; el cabecero tiene un bordado acolchado especial. Somier de perfil redondeado.Esta cama combina con un estilo muy personal. Podemos elegir y combinar los materiales m\u00e1s preciados para crear una combinaci\u00f3n inusual y sutil.<\/p>\n<\/div>\n<\/div>\n<div class=\"productAttItem\">\n<div class=\"productAttTitel\">\n<p>C\u00f3digo del producto: NLU-BEDS-001<\/p>\n<p>OEM: Disponible<\/p>\n<p>Muestra: Disponible<\/p>\n<p>Puerto: Foshan, Guangzhou, Shenzhen<\/p>\n<p>Lugar de origen: China<\/p>\n<p>Env\u00edos: Support Express - Flete mar\u00edtimo - Flete terrestre - Flete a\u00e9reo<\/p>\n<p>Capacidad de suministro\uff1a1000 piezas al mes<\/p>\n<\/div>\n<\/div>","protected":false},"featured_media":16648,"comment_status":"open","ping_status":"closed","template":"","meta":[],"product_brand":[],"product_cat":[71],"product_tag":[],"class_list":{"0":"post-15608","1":"product","2":"type-product","3":"status-publish","4":"has-post-thumbnail","6":"product_cat-beds","8":"first","9":"instock","10":"shipping-taxable","11":"purchasable","12":"product-type-simple"},"_links":{"self":[{"href":"https:\/\/theelora.com\/es\/wp-json\/wp\/v2\/product\/15608","targetHints":{"allow":["GET"]}}],"collection":[{"href":"https:\/\/theelora.com\/es\/wp-json\/wp\/v2\/product"}],"about":[{"href":"https:\/\/theelora.com\/es\/wp-json\/wp\/v2\/types\/product"}],"replies":[{"embeddable":true,"href":"https:\/\/theelora.com\/es\/wp-json\/wp\/v2\/comments?post=15608"}],"version-history":[{"count":0,"href":"https:\/\/theelora.com\/es\/wp-json\/wp\/v2\/product\/15608\/revisions"}],"wp:featuredmedia":[{"embeddable":true,"href":"https:\/\/theelora.com\/es\/wp-json\/wp\/v2\/media\/16648"}],"wp:attachment":[{"href":"https:\/\/theelora.com\/es\/wp-json\/wp\/v2\/media?parent=15608"}],"wp:term":[{"taxonomy":"product_brand","embeddable":true,"href":"https:\/\/theelora.com\/es\/wp-json\/wp\/v2\/product_brand?post=15608"},{"taxonomy":"product_cat","embeddable":true,"href":"https:\/\/theelora.com\/es\/wp-json\/wp\/v2\/product_cat?post=15608"},{"taxonomy":"product_tag","embeddable":true,"href":"https:\/\/theelora.com\/es\/wp-json\/wp\/v2\/product_tag?post=15608"}],"curies":[{"name":"wp","href":"https:\/\/api.w.org\/{rel}","templated":true}]}}