{"id":15626,"date":"2023-11-06T10:35:56","date_gmt":"2023-11-06T10:35:56","guid":{"rendered":"https:\/\/theelora.com\/?post_type=product&#038;p=15626"},"modified":"2023-11-15T10:05:54","modified_gmt":"2023-11-15T10:05:54","slug":"modern-italian-light-luxury-wood-bed","status":"publish","type":"product","link":"https:\/\/theelora.com\/es\/producto\/modern-italian-light-luxury-wood-bed\/","title":{"rendered":"Cama Moderna Italiana Ligera de Madera de Lujo"},"content":{"rendered":"<div>\n<p><strong>Detalles del producto<\/strong><\/p>\n<ul>\n<li>Categor\u00eda: Cama<\/li>\n<li>Color: Como imagen o personalizado<\/li>\n<li>MOQ: 1 pieza<\/li>\n<li>N\u00ba de modelo : VL IPE -BED-09-ULTRASONIDO<\/li>\n<li>Estilo de dise\u00f1o: Lujo ligero italiano moderno<\/li>\n<li>Volumen estimado del art\u00edculo (m3) : 1,8<\/li>\n<li>Peso estimado del art\u00edculo (KGS) : 400<\/li>\n<li>Plazo de entrega (d\u00edas): A negociar<\/li>\n<\/ul>\n<p><strong>\u00a0<\/strong><\/p>\n<p><strong>Material destacado<\/strong><strong>: <\/strong><\/p>\n<ul>\n<li>\u00a0cubierta: cuero de fibra de napa<\/li>\n<li>Acero inoxidable 304<\/li>\n<li>esponja: esponja de alta densidad (45%-65%)<\/li>\n<li>Estructura: interior de madera maciza<\/li>\n<li>contenido en agua : 8%-13%<\/li>\n<\/ul>\n<p>&nbsp;<\/p>\n<p><strong>Informaci\u00f3n sobre el tama\u00f1o: <\/strong><\/p>\n<p>Tama\u00f1os personalizados disponibles<\/p>\n<p>Regular Informaci\u00f3n sobre tallas:<\/p>\n<p>3300W*2280D*1300H<\/p>\n<p>con almacenamiento<\/p>\n<p><strong>Paquete <\/strong><strong>Detalles<\/strong><strong>:<\/strong><\/p>\n<ul>\n<li>1.Export est\u00e1ndar 5-capas cartones de papel duro + embalaje de madera<\/li>\n<li>2.Protecci\u00f3n interior de espuma y EPE<\/li>\n<li>3.Protecci\u00f3n de papel duro en cada esquina<\/li>\n<\/ul>\n<p><strong>El precio puede variar seg\u00fan el material y la cantidad que pida, p\u00f3ngase en contacto con nosotros para obtener informaci\u00f3n sobre precios. <\/strong><\/p>\n<\/div>","protected":false},"excerpt":{"rendered":"<p>La base es de acero inoxidable pulido. Un list\u00f3n de madera sostenido por cuatro marcos angulares y una varilla central, de altura regulable. Las piezas met\u00e1licas pueden utilizarse con cualquier tratamiento de superficie de la selecci\u00f3n de tratamientos de superficie met\u00e1licos.Nos dedicamos a reinterpretar la artesan\u00eda y las t\u00e9cnicas antiguas para crear dise\u00f1os contempor\u00e1neos inesperados.<\/p>\n<div class=\"productDetailAtt\">\n<div class=\"productAttItem\">\n<div class=\"productAttText\">\n<p>C\u00f3digo del producto: VL IPE -CAMA-09-ULTRASONIDOS<\/p>\n<p>OEM: Disponible<\/p>\n<p>Muestra: Disponible<\/p>\n<p>Puerto: Foshan, Guangzhou, Shenzhen<\/p>\n<p>Lugar de origen: China<\/p>\n<p>Env\u00edos: Support Express - Flete mar\u00edtimo - Flete terrestre - Flete a\u00e9reo<\/p>\n<p>Capacidad de suministro\uff1a1000 piezas al mes<\/p>\n<\/div>\n<\/div>\n<\/div>","protected":false},"featured_media":16384,"comment_status":"open","ping_status":"closed","template":"","meta":[],"product_brand":[],"product_cat":[71],"product_tag":[],"class_list":{"0":"post-15626","1":"product","2":"type-product","3":"status-publish","4":"has-post-thumbnail","6":"product_cat-beds","8":"first","9":"instock","10":"shipping-taxable","11":"purchasable","12":"product-type-simple"},"_links":{"self":[{"href":"https:\/\/theelora.com\/es\/wp-json\/wp\/v2\/product\/15626","targetHints":{"allow":["GET"]}}],"collection":[{"href":"https:\/\/theelora.com\/es\/wp-json\/wp\/v2\/product"}],"about":[{"href":"https:\/\/theelora.com\/es\/wp-json\/wp\/v2\/types\/product"}],"replies":[{"embeddable":true,"href":"https:\/\/theelora.com\/es\/wp-json\/wp\/v2\/comments?post=15626"}],"version-history":[{"count":0,"href":"https:\/\/theelora.com\/es\/wp-json\/wp\/v2\/product\/15626\/revisions"}],"wp:featuredmedia":[{"embeddable":true,"href":"https:\/\/theelora.com\/es\/wp-json\/wp\/v2\/media\/16384"}],"wp:attachment":[{"href":"https:\/\/theelora.com\/es\/wp-json\/wp\/v2\/media?parent=15626"}],"wp:term":[{"taxonomy":"product_brand","embeddable":true,"href":"https:\/\/theelora.com\/es\/wp-json\/wp\/v2\/product_brand?post=15626"},{"taxonomy":"product_cat","embeddable":true,"href":"https:\/\/theelora.com\/es\/wp-json\/wp\/v2\/product_cat?post=15626"},{"taxonomy":"product_tag","embeddable":true,"href":"https:\/\/theelora.com\/es\/wp-json\/wp\/v2\/product_tag?post=15626"}],"curies":[{"name":"wp","href":"https:\/\/api.w.org\/{rel}","templated":true}]}}