{"id":15637,"date":"2023-11-06T10:43:51","date_gmt":"2023-11-06T10:43:51","guid":{"rendered":"https:\/\/theelora.com\/?post_type=product&#038;p=15637"},"modified":"2023-11-15T10:35:37","modified_gmt":"2023-11-15T10:35:37","slug":"15637","status":"publish","type":"product","link":"https:\/\/theelora.com\/es\/producto\/15637\/","title":{"rendered":"Cama acolchada de dise\u00f1o con cabecero acolchado"},"content":{"rendered":"<div>\n<p><strong>Detalles del producto<\/strong><\/p>\n<ul>\n<li>Categor\u00eda: Cama<\/li>\n<li>Color: Como imagen o personalizado<\/li>\n<li>MOQ: 1 pieza<\/li>\n<li>N\u00ba de modelo : VL IPE-BED-03-RIPLEY<\/li>\n<li>Estilo de dise\u00f1o: Lujo ligero italiano moderno<\/li>\n<li>Volumen estimado del art\u00edculo (m3) : 1,8<\/li>\n<li>Peso estimado del art\u00edculo (KGS) : 180<\/li>\n<li>Plazo de entrega (d\u00edas): A negociar<\/li>\n<\/ul>\n<p><strong>\u00a0<\/strong><\/p>\n<p><strong>Material destacado<\/strong><strong>: <\/strong><\/p>\n<ul>\n<li class=\"p\">Funda: piel de napa + tejido de lino importado<\/li>\n<li class=\"p\">Acero inoxidable 304<\/li>\n<li class=\"p\">esponja: esponja de alta densidad (45%-65%)<\/li>\n<li class=\"p\">Estructura: interior de madera maciza<\/li>\n<li class=\"p\">contenido en agua : 8%-13%<\/li>\n<\/ul>\n<p>&nbsp;<\/p>\n<p><strong>Informaci\u00f3n sobre el tama\u00f1o: <\/strong><\/p>\n<p>Tama\u00f1os personalizados disponibles<\/p>\n<p>Regular Informaci\u00f3n sobre tallas:<\/p>\n<ul>\n<li class=\"p\">Tama\u00f1o del colch\u00f3n : 1800W*2000D<\/li>\n<li class=\"p\">headboard:3500W*110D*1220H<\/li>\n<li class=\"p\">footboard:1980W*90D*330H<\/li>\n<\/ul>\n<p>sideborad:2020W*90D*330H<\/p>\n<p><strong>Paquete <\/strong><strong>Detalles<\/strong><strong>:<\/strong><\/p>\n<ul>\n<li>1.Export est\u00e1ndar 5-capas cartones de papel duro + embalaje de madera<\/li>\n<li>2.Protecci\u00f3n interior de espuma y EPE<\/li>\n<li>3.Protecci\u00f3n de papel duro en cada esquina<\/li>\n<\/ul>\n<p><strong>El precio puede variar seg\u00fan el material y la cantidad que pida, p\u00f3ngase en contacto con nosotros para obtener informaci\u00f3n sobre precios. <\/strong><\/p>\n<\/div>","protected":false},"excerpt":{"rendered":"<p>Detalles del producto Categor\u00eda: CamaColor: Como imagen o modificado para requisitos particulares MOQ: 1 pieza Modelo N : VL IPE -BED-09-ULTRASOUNDDesign Estilo: Moderno italiano Luz de lujo Estim. Custom ultra moderna cama de plataforma Fabricante en China<\/p>\n<div class=\"productDetailAtt\">\n<div class=\"productAttItem\"><\/div>\n<div class=\"productAttItem\">\n<div class=\"productAttTitel\">\n<p>C\u00f3digo de producto: VL IPE-BED-03-RIPLEY<\/p>\n<p>OEM: Disponible<\/p>\n<p>Muestra: Disponible<\/p>\n<p>Puerto: Foshan, Guangzhou, Shenzhen<\/p>\n<p>Lugar de origen: China<\/p>\n<p>Env\u00edos: Support Express - Flete mar\u00edtimo - Flete terrestre - Flete a\u00e9reo<\/p>\n<p>Capacidad de suministro\uff1a1000 piezas al mes<\/p>\n<\/div>\n<\/div>\n<\/div>","protected":false},"featured_media":16387,"comment_status":"open","ping_status":"closed","template":"","meta":[],"product_brand":[],"product_cat":[71],"product_tag":[],"class_list":{"0":"post-15637","1":"product","2":"type-product","3":"status-publish","4":"has-post-thumbnail","6":"product_cat-beds","8":"first","9":"instock","10":"shipping-taxable","11":"purchasable","12":"product-type-simple"},"_links":{"self":[{"href":"https:\/\/theelora.com\/es\/wp-json\/wp\/v2\/product\/15637","targetHints":{"allow":["GET"]}}],"collection":[{"href":"https:\/\/theelora.com\/es\/wp-json\/wp\/v2\/product"}],"about":[{"href":"https:\/\/theelora.com\/es\/wp-json\/wp\/v2\/types\/product"}],"replies":[{"embeddable":true,"href":"https:\/\/theelora.com\/es\/wp-json\/wp\/v2\/comments?post=15637"}],"version-history":[{"count":0,"href":"https:\/\/theelora.com\/es\/wp-json\/wp\/v2\/product\/15637\/revisions"}],"wp:featuredmedia":[{"embeddable":true,"href":"https:\/\/theelora.com\/es\/wp-json\/wp\/v2\/media\/16387"}],"wp:attachment":[{"href":"https:\/\/theelora.com\/es\/wp-json\/wp\/v2\/media?parent=15637"}],"wp:term":[{"taxonomy":"product_brand","embeddable":true,"href":"https:\/\/theelora.com\/es\/wp-json\/wp\/v2\/product_brand?post=15637"},{"taxonomy":"product_cat","embeddable":true,"href":"https:\/\/theelora.com\/es\/wp-json\/wp\/v2\/product_cat?post=15637"},{"taxonomy":"product_tag","embeddable":true,"href":"https:\/\/theelora.com\/es\/wp-json\/wp\/v2\/product_tag?post=15637"}],"curies":[{"name":"wp","href":"https:\/\/api.w.org\/{rel}","templated":true}]}}