{"id":15655,"date":"2023-11-06T10:50:42","date_gmt":"2023-11-06T10:50:42","guid":{"rendered":"https:\/\/theelora.com\/?post_type=product&#038;p=15655"},"modified":"2023-11-15T10:10:18","modified_gmt":"2023-11-15T10:10:18","slug":"nappa-fiber-luxury-leather-bed","status":"publish","type":"product","link":"https:\/\/theelora.com\/es\/producto\/nappa-fiber-luxury-leather-bed\/","title":{"rendered":"Cama de Cuero de Lujo Fibra Nappa"},"content":{"rendered":"<div>\n<p><strong>Detalles del producto<\/strong><\/p>\n<p>Categor\u00eda: Cama<\/p>\n<p>Color: Como imagen o personalizado<\/p>\n<p>MOQ: 1 pieza<\/p>\n<p>N\u00ba de modelo : BL-BED-05-RAMSEY<\/p>\n<p>Estilo de dise\u00f1o: Lujo ligero italiano moderno<\/p>\n<p>Volumen estimado del art\u00edculo (m3) : 1,8<\/p>\n<p>Peso estimado del art\u00edculo (KGS) : 180<\/p>\n<p>Plazo de entrega (d\u00edas): A negociar<\/p>\n<p><strong>\u00a0<\/strong><\/p>\n<p><strong>Material destacado<\/strong><strong>: <\/strong><\/p>\n<div>cubierta:cuero de fibra napa<br \/>\nPata de acero inoxidable 304<br \/>\nesponja: esponja de alta densidad (45%-65%)<br \/>\nEstructura: interior de madera maciza<br \/>\ncontenido en agua : 8%-13%<\/div>\n<p>&nbsp;<\/p>\n<p><strong>Informaci\u00f3n sobre el tama\u00f1o: <\/strong><\/p>\n<p>Tama\u00f1os personalizados disponibles<\/p>\n<p>Informaci\u00f3n sobre el tama\u00f1o normal: 1800W*2000D<\/p>\n<p><strong>Paquete <\/strong><strong>Detalles<\/strong><strong>:<\/strong><\/p>\n<ul>\n<li>1.Export est\u00e1ndar 5-capas cartones de papel duro + embalaje de madera<\/li>\n<li>2.Protecci\u00f3n interior de espuma y EPE<\/li>\n<li>3.Protecci\u00f3n de papel duro en cada esquina<\/li>\n<\/ul>\n<p><strong>El precio puede variar seg\u00fan el material y la cantidad que pida, p\u00f3ngase en contacto con nosotros para obtener informaci\u00f3n sobre precios. <\/strong><\/p>\n<\/div>","protected":false},"excerpt":{"rendered":"<div class=\"productDetailAtt\">\n<div class=\"productAttItem\">\n<div class=\"productAttTitel\"><\/div>\n<\/div>\n<div class=\"productAttItem\">\n<div class=\"productAttText\">\n<p>C\u00f3digo del producto: BL-BED-05-RAMSEY<\/p>\n<p>OEM: Disponible<\/p>\n<p>Muestra: Disponible<\/p>\n<p>Puerto: Foshan, Guangzhou, Shenzhen<\/p>\n<p>Lugar de origen: China<\/p>\n<p>Env\u00edos: Support Express - Flete mar\u00edtimo - Flete terrestre - Flete a\u00e9reo<\/p>\n<p>Capacidad de suministro\uff1a1000 piezas al mes<\/p>\n<\/div>\n<\/div>\n<\/div>","protected":false},"featured_media":16389,"comment_status":"open","ping_status":"closed","template":"","meta":[],"product_brand":[],"product_cat":[71],"product_tag":[],"class_list":{"0":"post-15655","1":"product","2":"type-product","3":"status-publish","4":"has-post-thumbnail","6":"product_cat-beds","8":"first","9":"instock","10":"shipping-taxable","11":"purchasable","12":"product-type-simple"},"_links":{"self":[{"href":"https:\/\/theelora.com\/es\/wp-json\/wp\/v2\/product\/15655","targetHints":{"allow":["GET"]}}],"collection":[{"href":"https:\/\/theelora.com\/es\/wp-json\/wp\/v2\/product"}],"about":[{"href":"https:\/\/theelora.com\/es\/wp-json\/wp\/v2\/types\/product"}],"replies":[{"embeddable":true,"href":"https:\/\/theelora.com\/es\/wp-json\/wp\/v2\/comments?post=15655"}],"version-history":[{"count":0,"href":"https:\/\/theelora.com\/es\/wp-json\/wp\/v2\/product\/15655\/revisions"}],"wp:featuredmedia":[{"embeddable":true,"href":"https:\/\/theelora.com\/es\/wp-json\/wp\/v2\/media\/16389"}],"wp:attachment":[{"href":"https:\/\/theelora.com\/es\/wp-json\/wp\/v2\/media?parent=15655"}],"wp:term":[{"taxonomy":"product_brand","embeddable":true,"href":"https:\/\/theelora.com\/es\/wp-json\/wp\/v2\/product_brand?post=15655"},{"taxonomy":"product_cat","embeddable":true,"href":"https:\/\/theelora.com\/es\/wp-json\/wp\/v2\/product_cat?post=15655"},{"taxonomy":"product_tag","embeddable":true,"href":"https:\/\/theelora.com\/es\/wp-json\/wp\/v2\/product_tag?post=15655"}],"curies":[{"name":"wp","href":"https:\/\/api.w.org\/{rel}","templated":true}]}}