{"id":15673,"date":"2023-11-06T11:35:15","date_gmt":"2023-11-06T11:35:15","guid":{"rendered":"https:\/\/theelora.com\/?post_type=product&#038;p=15673"},"modified":"2023-11-15T10:38:50","modified_gmt":"2023-11-15T10:38:50","slug":"richmond-italian-luxurious-bed","status":"publish","type":"product","link":"https:\/\/theelora.com\/es\/producto\/richmond-italian-luxurious-bed\/","title":{"rendered":"Cama de lujo italiana Richmond"},"content":{"rendered":"<div>\n<p><strong>Detalles del producto<\/strong><\/p>\n<p>Categor\u00eda: Cama<\/p>\n<p>Color: Como imagen o personalizado<\/p>\n<p>MOQ: 1 pieza<\/p>\n<p>N\u00ba de modelo : BL-BED-03-RICHMOND<\/p>\n<p>Estilo de dise\u00f1o: Lujo ligero italiano moderno<\/p>\n<p>Volumen estimado del art\u00edculo (m3) : 1,5<\/p>\n<p>Peso estimado del art\u00edculo (KGS) : 150<\/p>\n<p>Plazo de entrega (d\u00edas): A negociar<\/p>\n<p><strong>\u00a0<\/strong><\/p>\n<p><strong>Material destacado<\/strong><strong>: <\/strong><\/p>\n<ul>\n<li class=\"p\">cubierta:cuero de fibra napa<\/li>\n<li class=\"p\">Pata de acero inoxidable 304<\/li>\n<li class=\"p\">esponja: esponja de alta densidad (45%-65%)<\/li>\n<li class=\"p\">Estructura: interior de madera maciza<\/li>\n<li class=\"p\">contenido en agua : 8%-13%<\/li>\n<\/ul>\n<p>&nbsp;<\/p>\n<p>&nbsp;<\/p>\n<p><strong>Informaci\u00f3n sobre el tama\u00f1o: <\/strong><\/p>\n<p>Tama\u00f1os personalizados disponibles<\/p>\n<p>Regular Informaci\u00f3n sobre tallas:<\/p>\n<div>1800W*2000D<br \/>\ncabecera :1950W*490D*1250H<br \/>\nTablero de pie: 1900W*300D*320H<br \/>\ntablero lateral: 1530W*40D*320H<\/div>\n<p><strong>Paquete <\/strong><strong>Detalles<\/strong><strong>:<\/strong><\/p>\n<ul>\n<li>1.Export est\u00e1ndar 5-capas cartones de papel duro + embalaje de madera<\/li>\n<li>2.Protecci\u00f3n interior de espuma y EPE<\/li>\n<li>3.Protecci\u00f3n de papel duro en cada esquina<\/li>\n<\/ul>\n<p><strong>El precio puede variar seg\u00fan el material y la cantidad que pida, p\u00f3ngase en contacto con nosotros para obtener informaci\u00f3n sobre precios. <\/strong><\/p>\n<\/div>","protected":false},"excerpt":{"rendered":"<div class=\"productDetailAtt\">\n<div class=\"productAttItem\">\n<div class=\"productAttTitel\">Fabricada a mano por artesanos expertos, la cama es un ejemplo de elegante sencillez. Un dise\u00f1o atemporal, elegante y vers\u00e1til que se adapta a una gran variedad de estilos de dormitorio. Adem\u00e1s de lat\u00f3n, la cama tiene tachuelas o ribetes de n\u00edquel en el cabecero y est\u00e1 disponible en algod\u00f3n, lino y terciopelo.<\/div>\n<\/div>\n<div class=\"productAttItem\"><\/div>\n<div class=\"productAttItem\">\n<div class=\"productAttText\">\n<p>C\u00f3digo del producto: BL-BED-03-RICHMOND<\/p>\n<p>OEM: Disponible<\/p>\n<p>Muestra: Disponible<\/p>\n<p>Puerto: Foshan, Guangzhou, Shenzhen<\/p>\n<p>Lugar de origen: China<\/p>\n<p>Env\u00edos: Support Express - Flete mar\u00edtimo - Flete terrestre - Flete a\u00e9reo<\/p>\n<p>Capacidad de suministro\uff1a1000 piezas al mes<\/p>\n<\/div>\n<\/div>\n<\/div>","protected":false},"featured_media":16397,"comment_status":"open","ping_status":"closed","template":"","meta":[],"product_brand":[],"product_cat":[71],"product_tag":[],"class_list":{"0":"post-15673","1":"product","2":"type-product","3":"status-publish","4":"has-post-thumbnail","6":"product_cat-beds","8":"first","9":"instock","10":"shipping-taxable","11":"purchasable","12":"product-type-simple"},"_links":{"self":[{"href":"https:\/\/theelora.com\/es\/wp-json\/wp\/v2\/product\/15673","targetHints":{"allow":["GET"]}}],"collection":[{"href":"https:\/\/theelora.com\/es\/wp-json\/wp\/v2\/product"}],"about":[{"href":"https:\/\/theelora.com\/es\/wp-json\/wp\/v2\/types\/product"}],"replies":[{"embeddable":true,"href":"https:\/\/theelora.com\/es\/wp-json\/wp\/v2\/comments?post=15673"}],"version-history":[{"count":0,"href":"https:\/\/theelora.com\/es\/wp-json\/wp\/v2\/product\/15673\/revisions"}],"wp:featuredmedia":[{"embeddable":true,"href":"https:\/\/theelora.com\/es\/wp-json\/wp\/v2\/media\/16397"}],"wp:attachment":[{"href":"https:\/\/theelora.com\/es\/wp-json\/wp\/v2\/media?parent=15673"}],"wp:term":[{"taxonomy":"product_brand","embeddable":true,"href":"https:\/\/theelora.com\/es\/wp-json\/wp\/v2\/product_brand?post=15673"},{"taxonomy":"product_cat","embeddable":true,"href":"https:\/\/theelora.com\/es\/wp-json\/wp\/v2\/product_cat?post=15673"},{"taxonomy":"product_tag","embeddable":true,"href":"https:\/\/theelora.com\/es\/wp-json\/wp\/v2\/product_tag?post=15673"}],"curies":[{"name":"wp","href":"https:\/\/api.w.org\/{rel}","templated":true}]}}