{"id":15698,"date":"2023-11-06T12:06:58","date_gmt":"2023-11-06T12:06:58","guid":{"rendered":"https:\/\/theelora.com\/?post_type=product&#038;p=15698"},"modified":"2023-11-15T10:15:12","modified_gmt":"2023-11-15T10:15:12","slug":"hotel-bedroom-furniture-bed-room-furniture-sets-4-star-wholesale","status":"publish","type":"product","link":"https:\/\/theelora.com\/es\/producto\/hotel-bedroom-furniture-bed-room-furniture-sets-4-star-wholesale\/","title":{"rendered":"Cama Montgomery para dormitorio y hotel"},"content":{"rendered":"<p><strong>Detalles del producto<\/strong><\/p>\n<p>Categor\u00eda:<\/p>\n<p>Color: Como imagen o personalizado<\/p>\n<p>MOQ: 1 pieza<\/p>\n<p>N\u00ba de modelo : FD-BED-01-MONTGOMERY<\/p>\n<p>Estilo de dise\u00f1o: Lujo ligero italiano moderno<\/p>\n<p>Volumen estimado de la partida (m3) : 1,3<\/p>\n<p>Peso estimado del art\u00edculo (KGS) : 130<\/p>\n<p>Plazo de entrega (d\u00edas): A negociar<\/p>\n<p><strong>\u00a0<\/strong><\/p>\n<p><strong>Material destacado<\/strong><strong>: <\/strong><\/p>\n<ul>\n<li class=\"p\">cubierta: cuero de fibra de napa<\/li>\n<li class=\"p\">Acero inoxidable 304<\/li>\n<li class=\"p\">esponja: esponja de alta densidad (45%-65%)<\/li>\n<li class=\"p\">Estructura: interior de madera maciza<\/li>\n<li class=\"p\">contenido en agua : 8%-13% <strong>\u00a0<\/strong><\/li>\n<\/ul>\n<p><strong>Informaci\u00f3n sobre el tama\u00f1o: <\/strong><\/p>\n<p>Tama\u00f1os personalizados disponibles<\/p>\n<p>Regular Informaci\u00f3n sobre tallas:<\/p>\n<ul>\n<li class=\"p\">1800W*2000D<\/li>\n<li class=\"p\">cabecera de la cama:214*15*153<\/li>\n<li class=\"p\">reposapi\u00e9s:194*7*32<\/li>\n<li class=\"p\">tablero lateral: 202*7*32<\/li>\n<\/ul>\n<p><strong>Paquete <\/strong><strong>Detalles<\/strong><strong>:<\/strong><\/p>\n<ul>\n<li>1.Export est\u00e1ndar 5-capas cartones de papel duro + embalaje de madera<\/li>\n<li>2.Protecci\u00f3n interior de espuma y EPE<\/li>\n<li>3.Protecci\u00f3n de papel duro en cada esquina<\/li>\n<\/ul>\n<p><strong>El precio puede variar seg\u00fan el material y la cantidad que pida, p\u00f3ngase en contacto con nosotros para obtener informaci\u00f3n sobre precios.<\/strong><\/p>","protected":false},"excerpt":{"rendered":"<div class=\"productDetailAtt\">\n<div class=\"productAttItem\">\n<div class=\"productAttTitel\">C\u00f3digo del producto\uff1aFD-BED-01-MONTGOMERY<\/div>\n<\/div>\n<div class=\"productAttItem\">\n<div class=\"productAttTitel\">OEM\uff1aDisponible<\/div>\n<\/div>\n<div class=\"productAttItem\">\n<div class=\"productAttTitel\">Muestra\uff1aDisponible<\/div>\n<\/div>\n<div class=\"productAttItem\">\n<div class=\"productAttTitel\">Puerto\uff1aFoshan, Guangzhou, Shenzhen<\/div>\n<\/div>\n<div class=\"productAttItem\">\n<div class=\"productAttText\">Lugar de Origen\uff1aChina<\/div>\n<\/div>\n<div class=\"productAttItem\">\n<div class=\"productAttTitel\">Capacidad de suministro\uff1a1000 piezas al mes<\/div>\n<\/div>\n<\/div>","protected":false},"featured_media":16356,"comment_status":"open","ping_status":"closed","template":"","meta":[],"product_brand":[],"product_cat":[71],"product_tag":[],"class_list":{"0":"post-15698","1":"product","2":"type-product","3":"status-publish","4":"has-post-thumbnail","6":"product_cat-beds","8":"first","9":"instock","10":"shipping-taxable","11":"purchasable","12":"product-type-simple"},"_links":{"self":[{"href":"https:\/\/theelora.com\/es\/wp-json\/wp\/v2\/product\/15698","targetHints":{"allow":["GET"]}}],"collection":[{"href":"https:\/\/theelora.com\/es\/wp-json\/wp\/v2\/product"}],"about":[{"href":"https:\/\/theelora.com\/es\/wp-json\/wp\/v2\/types\/product"}],"replies":[{"embeddable":true,"href":"https:\/\/theelora.com\/es\/wp-json\/wp\/v2\/comments?post=15698"}],"version-history":[{"count":0,"href":"https:\/\/theelora.com\/es\/wp-json\/wp\/v2\/product\/15698\/revisions"}],"wp:featuredmedia":[{"embeddable":true,"href":"https:\/\/theelora.com\/es\/wp-json\/wp\/v2\/media\/16356"}],"wp:attachment":[{"href":"https:\/\/theelora.com\/es\/wp-json\/wp\/v2\/media?parent=15698"}],"wp:term":[{"taxonomy":"product_brand","embeddable":true,"href":"https:\/\/theelora.com\/es\/wp-json\/wp\/v2\/product_brand?post=15698"},{"taxonomy":"product_cat","embeddable":true,"href":"https:\/\/theelora.com\/es\/wp-json\/wp\/v2\/product_cat?post=15698"},{"taxonomy":"product_tag","embeddable":true,"href":"https:\/\/theelora.com\/es\/wp-json\/wp\/v2\/product_tag?post=15698"}],"curies":[{"name":"wp","href":"https:\/\/api.w.org\/{rel}","templated":true}]}}