{"id":15699,"date":"2023-11-06T12:06:34","date_gmt":"2023-11-06T12:06:34","guid":{"rendered":"https:\/\/theelora.com\/?post_type=product&#038;p=15699"},"modified":"2023-11-15T10:18:42","modified_gmt":"2023-11-15T10:18:42","slug":"factory-five-star-hotel-room-king-bed-frame-platform","status":"publish","type":"product","link":"https:\/\/theelora.com\/es\/producto\/factory-five-star-hotel-room-king-bed-frame-platform\/","title":{"rendered":"Cama King italiana de alta calidad"},"content":{"rendered":"<div>\n<p><strong>Detalles del producto<\/strong><\/p>\n<ul>\n<li>Categor\u00eda: Cama<\/li>\n<li>Color: Como imagen o personalizado<\/li>\n<li>MOQ: 1 pieza<\/li>\n<li>N\u00ba de modelo : RC-BED-03-NILO<\/li>\n<li>Estilo de dise\u00f1o: Lujo ligero italiano moderno<\/li>\n<li>Volumen estimado del art\u00edculo (m3) : 1,8<\/li>\n<li>Peso estimado del art\u00edculo (KGS) : 180<\/li>\n<li>Plazo de entrega (d\u00edas):  A negociar<\/li>\n<\/ul>\n<p><strong>Material destacado<\/strong><strong>: <\/strong><\/p>\n<div>Funda: napa + bordado<br \/>\nPata de acero inoxidable 304<br \/>\nesponja: esponja de alta densidad (45%-65%)<br \/>\nEstructura: interior de madera maciza<br \/>\ncontenido en agua : 8%-13%<\/div>\n<p><strong>Informaci\u00f3n sobre el tama\u00f1o: <\/strong><\/p>\n<div>Tama\u00f1os personalizados disponibles<\/div>\n<div>Regular Informaci\u00f3n sobre tallas:<\/div>\n<div>1800W*2000D<br \/>\ncabecero 3130W*20D*1320H<\/div>\n<p><strong>Paquete <\/strong><strong>Detalles<\/strong><strong>:<\/strong><\/p>\n<ul>\n<li>Cartones de papel duro de 5 capas est\u00e1ndar para exportaci\u00f3n + embalaje de madera<\/li>\n<li>Protecci\u00f3n interior de espuma y EPE<\/li>\n<li>Esquineras de papel duro en cada esquina<\/li>\n<\/ul>\n<p><strong>El precio puede variar seg\u00fan el material y la cantidad que pida, p\u00f3ngase en contacto con nosotros para obtener informaci\u00f3n sobre precios. <\/strong><\/p>\n<\/div>","protected":false},"excerpt":{"rendered":"<div class=\"productDetailAtt\">\n<div class=\"productAttItem\">\n<div class=\"productAttTitel\">La cama tiene un tapizado no desenfundable en piel. Tambi\u00e9n tiene un bordado acolchado especial que forma el somier con perfil redondeado.<\/div>\n<\/div>\n<div class=\"productAttItem\">\n<div class=\"productAttTitel\">\n<p>C\u00f3digo del producto: RC-BED-03-NILO<\/p>\n<p>OEM: Disponible<\/p>\n<p>Muestra: Disponible<\/p>\n<p>Puerto: Foshan, Guangzhou, Shenzhen<\/p>\n<p>Lugar de origen: China<\/p>\n<p>Env\u00edos: Support Express - Flete mar\u00edtimo - Flete terrestre - Flete a\u00e9reo<\/p>\n<p>Capacidad de suministro\uff1a1000 piezas al mes<\/p>\n<\/div>\n<\/div>\n<\/div>","protected":false},"featured_media":16360,"comment_status":"open","ping_status":"closed","template":"","meta":[],"product_brand":[],"product_cat":[71],"product_tag":[],"class_list":{"0":"post-15699","1":"product","2":"type-product","3":"status-publish","4":"has-post-thumbnail","6":"product_cat-beds","8":"first","9":"instock","10":"shipping-taxable","11":"purchasable","12":"product-type-simple"},"_links":{"self":[{"href":"https:\/\/theelora.com\/es\/wp-json\/wp\/v2\/product\/15699","targetHints":{"allow":["GET"]}}],"collection":[{"href":"https:\/\/theelora.com\/es\/wp-json\/wp\/v2\/product"}],"about":[{"href":"https:\/\/theelora.com\/es\/wp-json\/wp\/v2\/types\/product"}],"replies":[{"embeddable":true,"href":"https:\/\/theelora.com\/es\/wp-json\/wp\/v2\/comments?post=15699"}],"version-history":[{"count":0,"href":"https:\/\/theelora.com\/es\/wp-json\/wp\/v2\/product\/15699\/revisions"}],"wp:featuredmedia":[{"embeddable":true,"href":"https:\/\/theelora.com\/es\/wp-json\/wp\/v2\/media\/16360"}],"wp:attachment":[{"href":"https:\/\/theelora.com\/es\/wp-json\/wp\/v2\/media?parent=15699"}],"wp:term":[{"taxonomy":"product_brand","embeddable":true,"href":"https:\/\/theelora.com\/es\/wp-json\/wp\/v2\/product_brand?post=15699"},{"taxonomy":"product_cat","embeddable":true,"href":"https:\/\/theelora.com\/es\/wp-json\/wp\/v2\/product_cat?post=15699"},{"taxonomy":"product_tag","embeddable":true,"href":"https:\/\/theelora.com\/es\/wp-json\/wp\/v2\/product_tag?post=15699"}],"curies":[{"name":"wp","href":"https:\/\/api.w.org\/{rel}","templated":true}]}}