{"id":15700,"date":"2023-11-06T12:06:32","date_gmt":"2023-11-06T12:06:32","guid":{"rendered":"https:\/\/theelora.com\/?post_type=product&#038;p=15700"},"modified":"2023-11-09T08:22:15","modified_gmt":"2023-11-09T08:22:15","slug":"sharpei-italian-light-luxury-bed","status":"publish","type":"product","link":"https:\/\/theelora.com\/es\/producto\/sharpei-italian-light-luxury-bed\/","title":{"rendered":"Cama de lujo Sharpei Italian Light"},"content":{"rendered":"<p>Detalles del producto<\/p>\n<p>Categor\u00eda: Cama<br \/>\nColor: Como imagen o personalizado<br \/>\nMOQ: 1 pieza<br \/>\nEstilo de dise\u00f1o: Lujo ligero italiano moderno<br \/>\nVolumen estimado del art\u00edculo (m3) : 1,5<br \/>\nPeso estimado del art\u00edculo (KGS) : 130<br \/>\nPlazo de entrega (d\u00edas): A negociar<\/p>\n<p>Material destacado:<br \/>\nFunda: tejido importado de alta calidad<br \/>\nAcero inoxidable 304<br \/>\nesponja: esponja de alta densidad (45%-65%)<br \/>\nEstructura: interior de madera maciza<br \/>\ncontenido en agua : 8%-13%<\/p>\n<p>Informaci\u00f3n sobre el tama\u00f1o:<br \/>\nTama\u00f1os personalizados disponibles<br \/>\nRegular Informaci\u00f3n sobre tallas:<\/p>\n<p>3350W*2400D*1140H<\/p>","protected":false},"excerpt":{"rendered":"<div class=\"productDetailAtt\">\n<div class=\"productAttItem\">\n<div class=\"productAttTitel\">Nuestros dise\u00f1os desempe\u00f1an un papel importante en este estilo, ya que se adaptan a distintas \u00e9pocas, se inspiran en las fuentes m\u00e1s diversas y prestan especial atenci\u00f3n a las \u00faltimas tendencias y revoluciones sociales.<\/div>\n<\/div>\n<div class=\"productAttItem\">\n<div class=\"productAttTitel\">\n<p>C\u00f3digo del producto: RC-BED-01-SHARPEI<\/p>\n<p>OEM: Disponible<\/p>\n<p>Muestra: Disponible<\/p>\n<p>Puerto: Foshan, Guangzhou, Shenzhen<\/p>\n<p>Lugar de origen: China<\/p>\n<p>Env\u00edos: Support Express - Flete mar\u00edtimo - Flete terrestre - Flete a\u00e9reo<\/p>\n<p>Capacidad de suministro\uff1a1000 piezas al mes<\/p>\n<\/div>\n<\/div>\n<\/div>","protected":false},"featured_media":16364,"comment_status":"open","ping_status":"closed","template":"","meta":[],"product_brand":[],"product_cat":[71],"product_tag":[],"class_list":{"0":"post-15700","1":"product","2":"type-product","3":"status-publish","4":"has-post-thumbnail","6":"product_cat-beds","8":"first","9":"instock","10":"shipping-taxable","11":"purchasable","12":"product-type-simple"},"_links":{"self":[{"href":"https:\/\/theelora.com\/es\/wp-json\/wp\/v2\/product\/15700","targetHints":{"allow":["GET"]}}],"collection":[{"href":"https:\/\/theelora.com\/es\/wp-json\/wp\/v2\/product"}],"about":[{"href":"https:\/\/theelora.com\/es\/wp-json\/wp\/v2\/types\/product"}],"replies":[{"embeddable":true,"href":"https:\/\/theelora.com\/es\/wp-json\/wp\/v2\/comments?post=15700"}],"version-history":[{"count":0,"href":"https:\/\/theelora.com\/es\/wp-json\/wp\/v2\/product\/15700\/revisions"}],"wp:featuredmedia":[{"embeddable":true,"href":"https:\/\/theelora.com\/es\/wp-json\/wp\/v2\/media\/16364"}],"wp:attachment":[{"href":"https:\/\/theelora.com\/es\/wp-json\/wp\/v2\/media?parent=15700"}],"wp:term":[{"taxonomy":"product_brand","embeddable":true,"href":"https:\/\/theelora.com\/es\/wp-json\/wp\/v2\/product_brand?post=15700"},{"taxonomy":"product_cat","embeddable":true,"href":"https:\/\/theelora.com\/es\/wp-json\/wp\/v2\/product_cat?post=15700"},{"taxonomy":"product_tag","embeddable":true,"href":"https:\/\/theelora.com\/es\/wp-json\/wp\/v2\/product_tag?post=15700"}],"curies":[{"name":"wp","href":"https:\/\/api.w.org\/{rel}","templated":true}]}}