{"id":15723,"date":"2023-11-07T04:51:37","date_gmt":"2023-11-07T04:51:37","guid":{"rendered":"https:\/\/theelora.com\/?post_type=product&#038;p=15723"},"modified":"2023-11-15T10:12:08","modified_gmt":"2023-11-15T10:12:08","slug":"modern-minimalist-furniture-headboard-bed-velvet-upholstered","status":"publish","type":"product","link":"https:\/\/theelora.com\/es\/producto\/modern-minimalist-furniture-headboard-bed-velvet-upholstered\/","title":{"rendered":"Cama tapizada moderna de terciopelo con cabecero"},"content":{"rendered":"<p>La cama es un mueble c\u00f3modo y elegante que se caracteriza por su cabecero, decorado con suaves acolchados tridimensionales en forma de rombo. Estos acolchados son un testimonio del alto nivel de destreza sartorial empleado en la creaci\u00f3n de la cama. La cama est\u00e1 disponible en tapicer\u00eda de piel y de tela, lo que ofrece una gama de opciones que se adaptan a diferentes gustos y necesidades. Tanto si prefiere el aspecto y el tacto lujosos de la piel como la est\u00e9tica m\u00e1s suave y desenfadada de la tela, esta cama es perfecta para usted. Por lo tanto, es una excelente opci\u00f3n para cualquiera que desee a\u00f1adir comodidad y sofisticaci\u00f3n a su dormitorio.<\/p>","protected":false},"excerpt":{"rendered":"<div class=\"productAttItem\">\n<div class=\"productAttTitel\">El cabecero de la cama est\u00e1 decorado con suaves acolchados tridimensionales de patr\u00f3n romboidal que ponen de relieve el alto nivel de destreza sartorial empleado en su creaci\u00f3n. La cama est\u00e1 disponible en tapicer\u00eda de piel y tela.<\/div>\n<div class=\"productAttTitel\">\n<p>C\u00f3digo del producto: COCA-CAMA-02-ABRAZO-02<\/p>\n<p>OEM: Disponible<\/p>\n<p>Muestra: Disponible<\/p>\n<p>Puerto: Foshan, Guangzhou, Shenzhen<\/p>\n<p>Lugar de origen: China<\/p>\n<p>Env\u00edos: Support Express - Flete mar\u00edtimo - Flete terrestre - Flete a\u00e9reo<\/p>\n<p>Capacidad de suministro\uff1a1000 piezas al mes<\/p>\n<\/div>\n<\/div>","protected":false},"featured_media":16646,"comment_status":"open","ping_status":"closed","template":"","meta":[],"product_brand":[],"product_cat":[71],"product_tag":[],"class_list":{"0":"post-15723","1":"product","2":"type-product","3":"status-publish","4":"has-post-thumbnail","6":"product_cat-beds","8":"first","9":"instock","10":"shipping-taxable","11":"purchasable","12":"product-type-simple"},"_links":{"self":[{"href":"https:\/\/theelora.com\/es\/wp-json\/wp\/v2\/product\/15723","targetHints":{"allow":["GET"]}}],"collection":[{"href":"https:\/\/theelora.com\/es\/wp-json\/wp\/v2\/product"}],"about":[{"href":"https:\/\/theelora.com\/es\/wp-json\/wp\/v2\/types\/product"}],"replies":[{"embeddable":true,"href":"https:\/\/theelora.com\/es\/wp-json\/wp\/v2\/comments?post=15723"}],"version-history":[{"count":0,"href":"https:\/\/theelora.com\/es\/wp-json\/wp\/v2\/product\/15723\/revisions"}],"wp:featuredmedia":[{"embeddable":true,"href":"https:\/\/theelora.com\/es\/wp-json\/wp\/v2\/media\/16646"}],"wp:attachment":[{"href":"https:\/\/theelora.com\/es\/wp-json\/wp\/v2\/media?parent=15723"}],"wp:term":[{"taxonomy":"product_brand","embeddable":true,"href":"https:\/\/theelora.com\/es\/wp-json\/wp\/v2\/product_brand?post=15723"},{"taxonomy":"product_cat","embeddable":true,"href":"https:\/\/theelora.com\/es\/wp-json\/wp\/v2\/product_cat?post=15723"},{"taxonomy":"product_tag","embeddable":true,"href":"https:\/\/theelora.com\/es\/wp-json\/wp\/v2\/product_tag?post=15723"}],"curies":[{"name":"wp","href":"https:\/\/api.w.org\/{rel}","templated":true}]}}