{"id":15739,"date":"2023-11-07T04:56:20","date_gmt":"2023-11-07T04:56:20","guid":{"rendered":"https:\/\/theelora.com\/?post_type=product&#038;p=15739"},"modified":"2023-11-15T09:22:35","modified_gmt":"2023-11-15T09:22:35","slug":"contemporary-envelope-italian-design-luxury-modern-leather-back-bed","status":"publish","type":"product","link":"https:\/\/theelora.com\/es\/producto\/contemporary-envelope-italian-design-luxury-modern-leather-back-bed\/","title":{"rendered":"Cama sobre de cuero italiano contempor\u00e1neo"},"content":{"rendered":"<p>A la hora de amueblar y decorar su hogar, es importante empezar por las habitaciones m\u00e1s importantes, y el dormitorio principal es sin duda una de ellas. Invertir en muebles de alta calidad que sean a la vez elegantes y funcionales es siempre una buena idea, y esta cama es un gran ejemplo de ello. Tiene un dise\u00f1o moderno y es personalizable con caracter\u00edsticas como un cabecero ajustable, lo que le permite hacerla suya y crear un dormitorio que refleje su estilo personal. Adem\u00e1s, la cama cuenta con el logotipo ic\u00f3nico de la marca como s\u00edmbolo de su artesan\u00eda superior, por lo que es una inversi\u00f3n segura que est\u00e1 seguro de impresionar. Tanto si busca crear un espacio acogedor y acogedor como un refugio m\u00e1s lujoso y elegante, esta cama le ayudar\u00e1 a dar vida a su singular visi\u00f3n.<\/p>","protected":false},"excerpt":{"rendered":"<div class=\"productAttItem\">\n<div class=\"productAttTitel\">La cama tiene un dise\u00f1o moderno, un cabecero ajustable y el ic\u00f3nico logotipo de la marca como s\u00edmbolo de su artesan\u00eda superior. Es un mueble personalizable de alta calidad que puede ayudarle a crear el dormitorio de sus sue\u00f1os.<br \/>\nC\u00f3digo del producto: FD-BED-10-LAMBERTOEM: Disponible<\/p>\n<p>Muestra: Disponible<\/p>\n<p>Puerto: Foshan, Guangzhou, Shenzhen<\/p>\n<p>Lugar de origen: China<\/p>\n<p>Env\u00edos: Support Express - Flete mar\u00edtimo - Flete terrestre - Flete a\u00e9reo<\/p>\n<p>Capacidad de suministro\uff1a1000 piezas al mes<\/p>\n<\/div>\n<\/div>","protected":false},"featured_media":16413,"comment_status":"open","ping_status":"closed","template":"","meta":[],"product_brand":[],"product_cat":[71],"product_tag":[],"class_list":{"0":"post-15739","1":"product","2":"type-product","3":"status-publish","4":"has-post-thumbnail","6":"product_cat-beds","8":"first","9":"instock","10":"shipping-taxable","11":"purchasable","12":"product-type-simple"},"_links":{"self":[{"href":"https:\/\/theelora.com\/es\/wp-json\/wp\/v2\/product\/15739","targetHints":{"allow":["GET"]}}],"collection":[{"href":"https:\/\/theelora.com\/es\/wp-json\/wp\/v2\/product"}],"about":[{"href":"https:\/\/theelora.com\/es\/wp-json\/wp\/v2\/types\/product"}],"replies":[{"embeddable":true,"href":"https:\/\/theelora.com\/es\/wp-json\/wp\/v2\/comments?post=15739"}],"version-history":[{"count":0,"href":"https:\/\/theelora.com\/es\/wp-json\/wp\/v2\/product\/15739\/revisions"}],"wp:featuredmedia":[{"embeddable":true,"href":"https:\/\/theelora.com\/es\/wp-json\/wp\/v2\/media\/16413"}],"wp:attachment":[{"href":"https:\/\/theelora.com\/es\/wp-json\/wp\/v2\/media?parent=15739"}],"wp:term":[{"taxonomy":"product_brand","embeddable":true,"href":"https:\/\/theelora.com\/es\/wp-json\/wp\/v2\/product_brand?post=15739"},{"taxonomy":"product_cat","embeddable":true,"href":"https:\/\/theelora.com\/es\/wp-json\/wp\/v2\/product_cat?post=15739"},{"taxonomy":"product_tag","embeddable":true,"href":"https:\/\/theelora.com\/es\/wp-json\/wp\/v2\/product_tag?post=15739"}],"curies":[{"name":"wp","href":"https:\/\/api.w.org\/{rel}","templated":true}]}}