{"id":15750,"date":"2023-11-07T05:14:47","date_gmt":"2023-11-07T05:14:47","guid":{"rendered":"https:\/\/theelora.com\/?post_type=product&#038;p=15750"},"modified":"2023-11-15T09:58:20","modified_gmt":"2023-11-15T09:58:20","slug":"15750","status":"publish","type":"product","link":"https:\/\/theelora.com\/es\/producto\/15750\/","title":{"rendered":"Lujosa cama moderna de madera"},"content":{"rendered":"<p>Esta colecci\u00f3n de camas de dise\u00f1o moderno se caracteriza por sus impresionantes dimensiones y su atm\u00f3sfera relajante. Las camas se fabrican utilizando tonos naturales y texturas suaves, y se realzan a\u00fan m\u00e1s con la lujosa elegancia de los cabeceros con incrustaciones. Estas caracter\u00edsticas se unen para crear un oasis de dormitorio refinado y acogedor. Las camas de esta colecci\u00f3n son perfectas para cualquiera que valore tanto la comodidad como el estilo en sus elecciones de mobiliario, y seguro que se convertir\u00e1n en una parte muy querida de cualquier dormitorio. Tanto si desea renovar su propia cama como si busca el regalo perfecto para un ser querido, estas camas de dise\u00f1o son una excelente elecci\u00f3n.<\/p>","protected":false},"excerpt":{"rendered":"<div class=\"productAttItem\">\n<div class=\"productAttTitel\">\n<p>Esta colecci\u00f3n de camas de dise\u00f1o presenta tonos naturales, texturas suaves y cabeceros con incrustaciones para crear un ambiente lujoso y acogedor.<\/p>\n<p>C\u00f3digo del producto: FD-CAMA-12-KELLY<\/p>\n<p>OEM: Disponible<\/p>\n<p>Muestra: Disponible<\/p>\n<p>Puerto: Foshan, Guangzhou, Shenzhen<\/p>\n<p>Lugar de origen: China<\/p>\n<p>Env\u00edos: Support Express - Flete mar\u00edtimo - Flete terrestre - Flete a\u00e9reo<\/p>\n<p>Capacidad de suministro\uff1a1000 piezas al mes<\/p>\n<\/div>\n<\/div>","protected":false},"featured_media":16419,"comment_status":"open","ping_status":"closed","template":"","meta":[],"product_brand":[],"product_cat":[71],"product_tag":[],"class_list":{"0":"post-15750","1":"product","2":"type-product","3":"status-publish","4":"has-post-thumbnail","6":"product_cat-beds","8":"first","9":"instock","10":"shipping-taxable","11":"purchasable","12":"product-type-simple"},"_links":{"self":[{"href":"https:\/\/theelora.com\/es\/wp-json\/wp\/v2\/product\/15750","targetHints":{"allow":["GET"]}}],"collection":[{"href":"https:\/\/theelora.com\/es\/wp-json\/wp\/v2\/product"}],"about":[{"href":"https:\/\/theelora.com\/es\/wp-json\/wp\/v2\/types\/product"}],"replies":[{"embeddable":true,"href":"https:\/\/theelora.com\/es\/wp-json\/wp\/v2\/comments?post=15750"}],"version-history":[{"count":0,"href":"https:\/\/theelora.com\/es\/wp-json\/wp\/v2\/product\/15750\/revisions"}],"wp:featuredmedia":[{"embeddable":true,"href":"https:\/\/theelora.com\/es\/wp-json\/wp\/v2\/media\/16419"}],"wp:attachment":[{"href":"https:\/\/theelora.com\/es\/wp-json\/wp\/v2\/media?parent=15750"}],"wp:term":[{"taxonomy":"product_brand","embeddable":true,"href":"https:\/\/theelora.com\/es\/wp-json\/wp\/v2\/product_brand?post=15750"},{"taxonomy":"product_cat","embeddable":true,"href":"https:\/\/theelora.com\/es\/wp-json\/wp\/v2\/product_cat?post=15750"},{"taxonomy":"product_tag","embeddable":true,"href":"https:\/\/theelora.com\/es\/wp-json\/wp\/v2\/product_tag?post=15750"}],"curies":[{"name":"wp","href":"https:\/\/api.w.org\/{rel}","templated":true}]}}