{"id":15752,"date":"2023-11-07T05:15:36","date_gmt":"2023-11-07T05:15:36","guid":{"rendered":"https:\/\/theelora.com\/?post_type=product&#038;p=15752"},"modified":"2023-11-12T05:15:52","modified_gmt":"2023-11-12T05:15:52","slug":"new-design-bed-room-furniture-sets-modern-italian-luxury-velvet-tufted-bed","status":"publish","type":"product","link":"https:\/\/theelora.com\/es\/producto\/new-design-bed-room-furniture-sets-modern-italian-luxury-velvet-tufted-bed\/","title":{"rendered":"Cama moderna italiana de lujo con acolchado de terciopelo"},"content":{"rendered":"<p>Al iniciar el proceso de amueblar y decorar su hogar, es habitual dar prioridad al dormitorio principal como uno de los espacios m\u00e1s importantes. La cama Lambert ofrece una serie de caracter\u00edsticas personalizables, incluyendo un cabecero ajustable, que le permiten dar vida a su visi\u00f3n personal del dise\u00f1o. La cama no s\u00f3lo es una opci\u00f3n pr\u00e1ctica y vers\u00e1til, sino que tambi\u00e9n cuenta con un dise\u00f1o moderno que incluye una pantalla prominente del logotipo ic\u00f3nico de la marca, mostrando la artesan\u00eda superior de la pieza.<\/p>","protected":false},"excerpt":{"rendered":"<div class=\"productAttItem\">\n<div class=\"productAttTitel\">\n<p>La cama Lambert es una opci\u00f3n personalizable y elegante para un dormitorio, con un cabecero ajustable y un dise\u00f1o moderno con el emblem\u00e1tico logotipo de la marca en un lugar destacado. Es una inversi\u00f3n pr\u00e1ctica y vers\u00e1til para cualquier hogar.<\/p>\n<p>C\u00f3digo del producto: FD-BED-13<\/p>\n<p>OEM: Disponible<\/p>\n<p>Muestra: Disponible<\/p>\n<p>Puerto: Foshan, Guangzhou, Shenzhen<\/p>\n<p>Lugar de origen: China<\/p>\n<p>Env\u00edos: Support Express - Flete mar\u00edtimo - Flete terrestre - Flete a\u00e9reo<\/p>\n<p>Capacidad de suministro\uff1a1000 piezas al mes<\/p>\n<\/div>\n<\/div>","protected":false},"featured_media":16422,"comment_status":"open","ping_status":"closed","template":"","meta":[],"product_brand":[],"product_cat":[71],"product_tag":[],"class_list":{"0":"post-15752","1":"product","2":"type-product","3":"status-publish","4":"has-post-thumbnail","6":"product_cat-beds","8":"first","9":"instock","10":"shipping-taxable","11":"purchasable","12":"product-type-simple"},"_links":{"self":[{"href":"https:\/\/theelora.com\/es\/wp-json\/wp\/v2\/product\/15752","targetHints":{"allow":["GET"]}}],"collection":[{"href":"https:\/\/theelora.com\/es\/wp-json\/wp\/v2\/product"}],"about":[{"href":"https:\/\/theelora.com\/es\/wp-json\/wp\/v2\/types\/product"}],"replies":[{"embeddable":true,"href":"https:\/\/theelora.com\/es\/wp-json\/wp\/v2\/comments?post=15752"}],"version-history":[{"count":0,"href":"https:\/\/theelora.com\/es\/wp-json\/wp\/v2\/product\/15752\/revisions"}],"wp:featuredmedia":[{"embeddable":true,"href":"https:\/\/theelora.com\/es\/wp-json\/wp\/v2\/media\/16422"}],"wp:attachment":[{"href":"https:\/\/theelora.com\/es\/wp-json\/wp\/v2\/media?parent=15752"}],"wp:term":[{"taxonomy":"product_brand","embeddable":true,"href":"https:\/\/theelora.com\/es\/wp-json\/wp\/v2\/product_brand?post=15752"},{"taxonomy":"product_cat","embeddable":true,"href":"https:\/\/theelora.com\/es\/wp-json\/wp\/v2\/product_cat?post=15752"},{"taxonomy":"product_tag","embeddable":true,"href":"https:\/\/theelora.com\/es\/wp-json\/wp\/v2\/product_tag?post=15752"}],"curies":[{"name":"wp","href":"https:\/\/api.w.org\/{rel}","templated":true}]}}