{"id":15769,"date":"2023-11-07T05:46:49","date_gmt":"2023-11-07T05:46:49","guid":{"rendered":"https:\/\/theelora.com\/?post_type=product&#038;p=15769"},"modified":"2023-11-15T10:06:36","modified_gmt":"2023-11-15T10:06:36","slug":"dirani-luxury-new-model-dark-gray-modern-minimalist-bed","status":"publish","type":"product","link":"https:\/\/theelora.com\/es\/producto\/dirani-luxury-new-model-dark-gray-modern-minimalist-bed\/","title":{"rendered":"Lujosa Cama Minimalista Moderna Gris Oscuro"},"content":{"rendered":"<p>Esta cama es una opci\u00f3n elegante y de alta calidad para cualquier dormitorio. Est\u00e1 fabricada con un duradero armaz\u00f3n de madera y acolchada con un tapizado de terciopelo gris plateado. La cama cuenta con un somier de l\u00e1minas de madera que proporciona un excelente soporte para el colch\u00f3n, as\u00ed como patas de barra central para una mayor estabilidad y durabilidad. A diferencia de otras camas otomanas, la cama Safina tiene una base s\u00f3lida que le permite guardar m\u00e1s objetos sin da\u00f1ar el suelo o la alfombra. Su s\u00f3lida construcci\u00f3n tambi\u00e9n la hace m\u00e1s duradera que las camas de tela, lo que garantiza que resistir\u00e1 el paso del tiempo.<\/p>","protected":false},"excerpt":{"rendered":"<p>Cama king moderna negra en tela de lujo, terciopelo o cuero. Contempor\u00e1neo somieres y camas otomana en doble, king y super king sizes.modern cama king negro Fabricante en China.<\/p>\n<div class=\"productAttItem\">\n<div class=\"productAttTitel\">\n<p>C\u00f3digo del producto: TB215<\/p>\n<p>OEM: Disponible<\/p>\n<p>Muestra: Disponible<\/p>\n<p>Puerto: Foshan, Guangzhou, Shenzhen<\/p>\n<p>Lugar de origen: China<\/p>\n<p>Env\u00edos: Support Express - Flete mar\u00edtimo - Flete terrestre - Flete a\u00e9reo<\/p>\n<p>Capacidad de suministro\uff1a1000 piezas al mes<\/p>\n<\/div>\n<\/div>","protected":false},"featured_media":16379,"comment_status":"open","ping_status":"closed","template":"","meta":[],"product_brand":[],"product_cat":[71],"product_tag":[],"class_list":{"0":"post-15769","1":"product","2":"type-product","3":"status-publish","4":"has-post-thumbnail","6":"product_cat-beds","8":"first","9":"instock","10":"shipping-taxable","11":"purchasable","12":"product-type-simple"},"_links":{"self":[{"href":"https:\/\/theelora.com\/es\/wp-json\/wp\/v2\/product\/15769","targetHints":{"allow":["GET"]}}],"collection":[{"href":"https:\/\/theelora.com\/es\/wp-json\/wp\/v2\/product"}],"about":[{"href":"https:\/\/theelora.com\/es\/wp-json\/wp\/v2\/types\/product"}],"replies":[{"embeddable":true,"href":"https:\/\/theelora.com\/es\/wp-json\/wp\/v2\/comments?post=15769"}],"version-history":[{"count":0,"href":"https:\/\/theelora.com\/es\/wp-json\/wp\/v2\/product\/15769\/revisions"}],"wp:featuredmedia":[{"embeddable":true,"href":"https:\/\/theelora.com\/es\/wp-json\/wp\/v2\/media\/16379"}],"wp:attachment":[{"href":"https:\/\/theelora.com\/es\/wp-json\/wp\/v2\/media?parent=15769"}],"wp:term":[{"taxonomy":"product_brand","embeddable":true,"href":"https:\/\/theelora.com\/es\/wp-json\/wp\/v2\/product_brand?post=15769"},{"taxonomy":"product_cat","embeddable":true,"href":"https:\/\/theelora.com\/es\/wp-json\/wp\/v2\/product_cat?post=15769"},{"taxonomy":"product_tag","embeddable":true,"href":"https:\/\/theelora.com\/es\/wp-json\/wp\/v2\/product_tag?post=15769"}],"curies":[{"name":"wp","href":"https:\/\/api.w.org\/{rel}","templated":true}]}}