{"id":15771,"date":"2023-11-07T05:46:26","date_gmt":"2023-11-07T05:46:26","guid":{"rendered":"https:\/\/theelora.com\/?post_type=product&#038;p=15771"},"modified":"2023-11-15T10:07:33","modified_gmt":"2023-11-15T10:07:33","slug":"modern-nordic-style-multifunctional-bed","status":"publish","type":"product","link":"https:\/\/theelora.com\/es\/producto\/modern-nordic-style-multifunctional-bed\/","title":{"rendered":"Cama multifuncional moderna de estilo n\u00f3rdico"},"content":{"rendered":"<p>La cama se define por su cabecero, que est\u00e1 adornado con acolchados tridimensionales en un patr\u00f3n romboidal que muestra las altas habilidades sartoriales de los artesanos que lo crearon. Esta caracter\u00edstica \u00fanica y elegante est\u00e1 disponible tanto en tapicer\u00eda de piel como de tela, lo que le permite elegir el material que mejor se adapte a su estilo y necesidades personales. El cabecero de la cama es un elemento destacado que a\u00f1adir\u00e1 inter\u00e9s visual y car\u00e1cter a cualquier dormitorio.<\/p>","protected":false},"excerpt":{"rendered":"<p>La cama se caracteriza por un cabecero con suaves acolchados tridimensionales en forma de rombo, y est\u00e1 disponible en tapicer\u00eda de piel y tela.<\/p>\n<p>C\u00f3digo del producto: COCA-CAMA-02-ABRAZO<\/p>\n<p>OEM: Disponible<\/p>\n<p>Muestra: Disponible<\/p>\n<p>Puerto: Foshan, Guangzhou, Shenzhen<\/p>\n<p>Lugar de origen: China<\/p>\n<p>Env\u00edos: Support Express - Flete mar\u00edtimo - Flete terrestre - Flete a\u00e9reo<\/p>\n<p>Capacidad de suministro\uff1a1000 piezas al mes<\/p>","protected":false},"featured_media":15784,"comment_status":"open","ping_status":"closed","template":"","meta":[],"product_brand":[],"product_cat":[71],"product_tag":[],"class_list":{"0":"post-15771","1":"product","2":"type-product","3":"status-publish","4":"has-post-thumbnail","6":"product_cat-beds","8":"first","9":"instock","10":"shipping-taxable","11":"purchasable","12":"product-type-simple"},"_links":{"self":[{"href":"https:\/\/theelora.com\/es\/wp-json\/wp\/v2\/product\/15771","targetHints":{"allow":["GET"]}}],"collection":[{"href":"https:\/\/theelora.com\/es\/wp-json\/wp\/v2\/product"}],"about":[{"href":"https:\/\/theelora.com\/es\/wp-json\/wp\/v2\/types\/product"}],"replies":[{"embeddable":true,"href":"https:\/\/theelora.com\/es\/wp-json\/wp\/v2\/comments?post=15771"}],"version-history":[{"count":0,"href":"https:\/\/theelora.com\/es\/wp-json\/wp\/v2\/product\/15771\/revisions"}],"wp:featuredmedia":[{"embeddable":true,"href":"https:\/\/theelora.com\/es\/wp-json\/wp\/v2\/media\/15784"}],"wp:attachment":[{"href":"https:\/\/theelora.com\/es\/wp-json\/wp\/v2\/media?parent=15771"}],"wp:term":[{"taxonomy":"product_brand","embeddable":true,"href":"https:\/\/theelora.com\/es\/wp-json\/wp\/v2\/product_brand?post=15771"},{"taxonomy":"product_cat","embeddable":true,"href":"https:\/\/theelora.com\/es\/wp-json\/wp\/v2\/product_cat?post=15771"},{"taxonomy":"product_tag","embeddable":true,"href":"https:\/\/theelora.com\/es\/wp-json\/wp\/v2\/product_tag?post=15771"}],"curies":[{"name":"wp","href":"https:\/\/api.w.org\/{rel}","templated":true}]}}