{"id":15793,"date":"2023-11-07T06:05:16","date_gmt":"2023-11-07T06:05:16","guid":{"rendered":"https:\/\/theelora.com\/?post_type=product&#038;p=15793"},"modified":"2023-11-12T05:19:57","modified_gmt":"2023-11-12T05:19:57","slug":"luxury-double-comfortable-classical-design-european-brown-fabric-bed","status":"publish","type":"product","link":"https:\/\/theelora.com\/es\/producto\/luxury-double-comfortable-classical-design-european-brown-fabric-bed\/","title":{"rendered":"Cama Europea de Tela Marr\u00f3n de Dise\u00f1o Cl\u00e1sico"},"content":{"rendered":"<p>Esta cama tiene cabecero y largueros tapizados en piel o tela, y presenta pespuntes verticales alternados con costuras paralelas. El cabecero tambi\u00e9n tiene detalles met\u00e1licos en los laterales que hacen juego con los de otros art\u00edculos de la colecci\u00f3n. Esta versi\u00f3n de la cama tiene un cabecero m\u00e1s ancho que incluye mesillas de noche empotradas, suspendidas mediante un perfil met\u00e1lico e integradas con un sofisticado sistema de iluminaci\u00f3n LED.<\/p>","protected":false},"excerpt":{"rendered":"<p>Esta cama tiene cabecero y largueros tapizados en piel o tela con pespuntes alternados y detalles met\u00e1licos en los laterales. Tambi\u00e9n tiene un cabecero m\u00e1s ancho con mesillas de noche empotradas que se suspenden mediante un perfil met\u00e1lico y se integran con un sistema de iluminaci\u00f3n LED.<\/p>\n<div class=\"productAttItem\">\n<div class=\"productAttTitel\">\n<p>C\u00f3digo del producto: 006<\/p>\n<p>OEM: Disponible<\/p>\n<p>Muestra: Disponible<\/p>\n<p>Puerto: Foshan, Guangzhou, Shenzhen<\/p>\n<p>Lugar de origen: China<\/p>\n<p>Env\u00edos: Support Express - Flete mar\u00edtimo - Flete terrestre - Flete a\u00e9reo<\/p>\n<p>Capacidad de suministro\uff1a1000 piezas al mes<\/p>\n<\/div>\n<\/div>","protected":false},"featured_media":16374,"comment_status":"open","ping_status":"closed","template":"","meta":[],"product_brand":[],"product_cat":[71],"product_tag":[],"class_list":{"0":"post-15793","1":"product","2":"type-product","3":"status-publish","4":"has-post-thumbnail","6":"product_cat-beds","8":"first","9":"instock","10":"shipping-taxable","11":"purchasable","12":"product-type-simple"},"_links":{"self":[{"href":"https:\/\/theelora.com\/es\/wp-json\/wp\/v2\/product\/15793","targetHints":{"allow":["GET"]}}],"collection":[{"href":"https:\/\/theelora.com\/es\/wp-json\/wp\/v2\/product"}],"about":[{"href":"https:\/\/theelora.com\/es\/wp-json\/wp\/v2\/types\/product"}],"replies":[{"embeddable":true,"href":"https:\/\/theelora.com\/es\/wp-json\/wp\/v2\/comments?post=15793"}],"version-history":[{"count":0,"href":"https:\/\/theelora.com\/es\/wp-json\/wp\/v2\/product\/15793\/revisions"}],"wp:featuredmedia":[{"embeddable":true,"href":"https:\/\/theelora.com\/es\/wp-json\/wp\/v2\/media\/16374"}],"wp:attachment":[{"href":"https:\/\/theelora.com\/es\/wp-json\/wp\/v2\/media?parent=15793"}],"wp:term":[{"taxonomy":"product_brand","embeddable":true,"href":"https:\/\/theelora.com\/es\/wp-json\/wp\/v2\/product_brand?post=15793"},{"taxonomy":"product_cat","embeddable":true,"href":"https:\/\/theelora.com\/es\/wp-json\/wp\/v2\/product_cat?post=15793"},{"taxonomy":"product_tag","embeddable":true,"href":"https:\/\/theelora.com\/es\/wp-json\/wp\/v2\/product_tag?post=15793"}],"curies":[{"name":"wp","href":"https:\/\/api.w.org\/{rel}","templated":true}]}}