{"id":15794,"date":"2023-11-07T06:10:32","date_gmt":"2023-11-07T06:10:32","guid":{"rendered":"https:\/\/theelora.com\/?post_type=product&#038;p=15794"},"modified":"2023-11-12T05:23:04","modified_gmt":"2023-11-12T05:23:04","slug":"italian-style-designs-double-genuine-leather-bed","status":"publish","type":"product","link":"https:\/\/theelora.com\/es\/producto\/italian-style-designs-double-genuine-leather-bed\/","title":{"rendered":"Cama doble de cuero genuino Italian Style Designs"},"content":{"rendered":"<p>La cama Frame est\u00e1 fabricada en madera y recubierta de espuma de poliuretano de varios espesores para ofrecer un dise\u00f1o c\u00f3modo y duradero. El cabecero y el somier est\u00e1n separados por un c\u00f3modo sistema de fijaci\u00f3n con ganchos, que facilita el transporte y el montaje. El somier puede alojar un muelle fijo con duelas de madera, aunque hay que tener en cuenta que la altura de los muelles no es regulable y que este producto no incluye compartimento de almacenamiento. El aro met\u00e1lico de acabado del somier est\u00e1 disponible en varios acabados, como marr\u00f3n matizado brillante, oro claro brillante, oro champ\u00e1n mate, cromo brillante, cromo negro brillante, bronce satinado mate, oro rosa brillante, oro ping mate y oro rosa negro. Existe la posibilidad de tapizar la parte trasera del respaldo con terciopelo a juego con el color de la tapicer\u00eda de piel. Tenga en cuenta que la tapicer\u00eda de cuero y tela no es desenfundable.<\/p>","protected":false},"excerpt":{"rendered":"<p>La cama es de madera y est\u00e1 recubierta de espuma de poliuretano de varios espesores. Dispone de un sistema de fijaci\u00f3n con ganchos que separa el cabecero y el somier, y \u00e9ste puede alojar un somier fijo con duelas de madera. El aro met\u00e1lico de acabado de la base est\u00e1 disponible en varios acabados, y la parte trasera del respaldo puede tapizarse en terciopelo a juego con el tapizado de piel.<\/p>\n<div class=\"productAttItem\">\n<div class=\"productAttTitel\">\n<p>C\u00f3digo del producto: LGHI-BED-01-YUME<\/p>\n<p>OEM: Disponible<\/p>\n<p>Muestra: Disponible<\/p>\n<p>Puerto: Foshan, Guangzhou, Shenzhen<\/p>\n<p>Lugar de origen: China<\/p>\n<p>Env\u00edos: Support Express - Flete mar\u00edtimo - Flete terrestre - Flete a\u00e9reo<\/p>\n<p>Capacidad de suministro\uff1a1000 piezas al mes<\/p>\n<\/div>\n<\/div>","protected":false},"featured_media":16368,"comment_status":"open","ping_status":"closed","template":"","meta":[],"product_brand":[],"product_cat":[71],"product_tag":[],"class_list":{"0":"post-15794","1":"product","2":"type-product","3":"status-publish","4":"has-post-thumbnail","6":"product_cat-beds","8":"first","9":"instock","10":"shipping-taxable","11":"purchasable","12":"product-type-simple"},"_links":{"self":[{"href":"https:\/\/theelora.com\/es\/wp-json\/wp\/v2\/product\/15794","targetHints":{"allow":["GET"]}}],"collection":[{"href":"https:\/\/theelora.com\/es\/wp-json\/wp\/v2\/product"}],"about":[{"href":"https:\/\/theelora.com\/es\/wp-json\/wp\/v2\/types\/product"}],"replies":[{"embeddable":true,"href":"https:\/\/theelora.com\/es\/wp-json\/wp\/v2\/comments?post=15794"}],"version-history":[{"count":0,"href":"https:\/\/theelora.com\/es\/wp-json\/wp\/v2\/product\/15794\/revisions"}],"wp:featuredmedia":[{"embeddable":true,"href":"https:\/\/theelora.com\/es\/wp-json\/wp\/v2\/media\/16368"}],"wp:attachment":[{"href":"https:\/\/theelora.com\/es\/wp-json\/wp\/v2\/media?parent=15794"}],"wp:term":[{"taxonomy":"product_brand","embeddable":true,"href":"https:\/\/theelora.com\/es\/wp-json\/wp\/v2\/product_brand?post=15794"},{"taxonomy":"product_cat","embeddable":true,"href":"https:\/\/theelora.com\/es\/wp-json\/wp\/v2\/product_cat?post=15794"},{"taxonomy":"product_tag","embeddable":true,"href":"https:\/\/theelora.com\/es\/wp-json\/wp\/v2\/product_tag?post=15794"}],"curies":[{"name":"wp","href":"https:\/\/api.w.org\/{rel}","templated":true}]}}