{"id":15837,"date":"2023-11-07T07:34:55","date_gmt":"2023-11-07T07:34:55","guid":{"rendered":"https:\/\/theelora.com\/?post_type=product&#038;p=15837"},"modified":"2023-11-15T09:48:22","modified_gmt":"2023-11-15T09:48:22","slug":"aesthetic-single-seater-lounge-sofa-chair","status":"publish","type":"product","link":"https:\/\/theelora.com\/es\/producto\/aesthetic-single-seater-lounge-sofa-chair\/","title":{"rendered":"Est\u00e9tica Silla Sof\u00e1 Lounge Monoplaza"},"content":{"rendered":"<p>Si piensa en los muebles como accesorios para su hogar, entonces un sof\u00e1 puede considerarse una valiosa inversi\u00f3n para su decoraci\u00f3n. Los cojines de un sof\u00e1 son c\u00f3modos y acogedores, lo que lo convierte en una pieza de bienvenida para los invitados. Los segmentos met\u00e1licos a ambos extremos del sof\u00e1 dan nombre al dise\u00f1o y a\u00f1aden un toque de elegancia, al tiempo que crean una silueta abierta y profunda. Un sof\u00e1 es un mueble funcional y elegante que puede realzar el aspecto general de una habitaci\u00f3n.<\/p>","protected":false},"excerpt":{"rendered":"<p>Un sof\u00e1 es un mueble c\u00f3modo y elegante que puede realzar el aspecto general de una habitaci\u00f3n. Tiene cojines de felpa y elegantes segmentos met\u00e1licos en los extremos que a\u00f1aden un toque de elegancia y crean una silueta abierta.<\/p>\n<p>C\u00f3digo del producto: FD-AC-06-PULSERA KELLY<\/p>\n<p>OEM: Disponible<\/p>\n<p>Muestra: Disponible<\/p>\n<p>Puerto: Foshan, Guangzhou, Shenzhen<\/p>\n<p>Lugar de origen: China<\/p>\n<p>Env\u00edos: Support Express - Flete mar\u00edtimo - Flete terrestre - Flete a\u00e9reo<\/p>\n<p>Capacidad de suministro\uff1a1000 piezas al mes<\/p>","protected":false},"featured_media":16443,"comment_status":"open","ping_status":"closed","template":"","meta":[],"product_brand":[],"product_cat":[74],"product_tag":[],"class_list":{"0":"post-15837","1":"product","2":"type-product","3":"status-publish","4":"has-post-thumbnail","6":"product_cat-chair","8":"first","9":"instock","10":"shipping-taxable","11":"purchasable","12":"product-type-simple"},"_links":{"self":[{"href":"https:\/\/theelora.com\/es\/wp-json\/wp\/v2\/product\/15837","targetHints":{"allow":["GET"]}}],"collection":[{"href":"https:\/\/theelora.com\/es\/wp-json\/wp\/v2\/product"}],"about":[{"href":"https:\/\/theelora.com\/es\/wp-json\/wp\/v2\/types\/product"}],"replies":[{"embeddable":true,"href":"https:\/\/theelora.com\/es\/wp-json\/wp\/v2\/comments?post=15837"}],"version-history":[{"count":0,"href":"https:\/\/theelora.com\/es\/wp-json\/wp\/v2\/product\/15837\/revisions"}],"wp:featuredmedia":[{"embeddable":true,"href":"https:\/\/theelora.com\/es\/wp-json\/wp\/v2\/media\/16443"}],"wp:attachment":[{"href":"https:\/\/theelora.com\/es\/wp-json\/wp\/v2\/media?parent=15837"}],"wp:term":[{"taxonomy":"product_brand","embeddable":true,"href":"https:\/\/theelora.com\/es\/wp-json\/wp\/v2\/product_brand?post=15837"},{"taxonomy":"product_cat","embeddable":true,"href":"https:\/\/theelora.com\/es\/wp-json\/wp\/v2\/product_cat?post=15837"},{"taxonomy":"product_tag","embeddable":true,"href":"https:\/\/theelora.com\/es\/wp-json\/wp\/v2\/product_tag?post=15837"}],"curies":[{"name":"wp","href":"https:\/\/api.w.org\/{rel}","templated":true}]}}