{"id":15838,"date":"2023-11-07T07:25:27","date_gmt":"2023-11-07T07:25:27","guid":{"rendered":"https:\/\/theelora.com\/?post_type=product&#038;p=15838"},"modified":"2023-11-16T05:03:42","modified_gmt":"2023-11-16T05:03:42","slug":"modern-green-leather-hotel-banquet-dining-chair","status":"publish","type":"product","link":"https:\/\/theelora.com\/es\/producto\/modern-green-leather-hotel-banquet-dining-chair\/","title":{"rendered":"Silla de comedor de banquete moderna de cuero verde"},"content":{"rendered":"<p><strong>Detalles del producto<\/strong><\/p>\n<ul>\n<li>Categor\u00eda: Silla de comedor<\/li>\n<li>Color: Como imagen o personalizado<\/li>\n<li>MOQ: 1 pieza<\/li>\n<li>Modelo : BOCA-DC-02-SOLEIL<\/li>\n<li>Estilo de dise\u00f1o: Lujo ligero italiano moderno<\/li>\n<li>Volumen estimado del art\u00edculo (m3) :0,5<\/li>\n<li>Peso estimado del art\u00edculo (KGS) : 15<\/li>\n<li>Plazo de entrega (d\u00edas): A negociar<\/li>\n<\/ul>\n<p><strong>Material destacado<\/strong><strong>:<\/strong><\/p>\n<ul>\n<li>Funda: tejido importado de alta calidad<\/li>\n<li>Pata de acero inoxidable<\/li>\n<li>esponja:esponja de alto destino(45%-65%)<\/li>\n<li>Estructura: interior de madera maciza<\/li>\n<li>contenido en agua : 8%-13%<\/li>\n<\/ul>\n<p>&nbsp;<\/p>\n<p><strong>Informaci\u00f3n sobre el tama\u00f1o:<\/strong><\/p>\n<p>Tama\u00f1os personalizados disponibles<\/p>\n<p>Informaci\u00f3n sobre el tama\u00f1o normal: 540W*540D*725H<\/p>\n<p><strong>\u00a0<\/strong><\/p>\n<p><strong>Paquete\u00a0<\/strong><strong>Detalles<\/strong><strong>:<\/strong><\/p>\n<p>1.Export est\u00e1ndar 5-capas cartones de papel duro + embalaje de madera<\/p>\n<p>2.Protecci\u00f3n interior de espuma y EPE<\/p>\n<p>3.Protecci\u00f3n de papel duro en cada esquina<\/p>\n<p><strong>El precio puede variar seg\u00fan el material y la cantidad que pida, p\u00f3ngase en contacto con nosotros para obtener informaci\u00f3n sobre precios.<\/strong><\/p>","protected":false},"excerpt":{"rendered":"<p>Silla acolchada con carcasa de madera curvada, rellena y tapizada en piel o tela. Las patas de fundici\u00f3n de aluminio est\u00e1n disponibles en acabado met\u00e1lico. Nuestros dise\u00f1os desempe\u00f1an un papel importante en este estilo, porque se adaptan a diferentes \u00e9pocas, se inspiran en distintas fuentes y prestan especial atenci\u00f3n a las \u00faltimas tendencias y revoluciones sociales.<\/p>\n<p>C\u00f3digo del producto: VL IPE- DC-03-ASTRID<\/p>\n<p>OEM: Disponible<\/p>\n<p>Muestra: Disponible<\/p>\n<p>Puerto: Foshan, Guangzhou, Shenzhen<\/p>\n<p>Lugar de origen: China<\/p>\n<p>Env\u00edos: Support Express - Flete mar\u00edtimo - Flete terrestre - Flete a\u00e9reo<\/p>\n<p>Capacidad de suministro\uff1a1000 piezas al mes<\/p>","protected":false},"featured_media":16438,"comment_status":"open","ping_status":"closed","template":"","meta":[],"product_brand":[],"product_cat":[74],"product_tag":[],"class_list":{"0":"post-15838","1":"product","2":"type-product","3":"status-publish","4":"has-post-thumbnail","6":"product_cat-chair","8":"first","9":"instock","10":"shipping-taxable","11":"purchasable","12":"product-type-simple"},"_links":{"self":[{"href":"https:\/\/theelora.com\/es\/wp-json\/wp\/v2\/product\/15838","targetHints":{"allow":["GET"]}}],"collection":[{"href":"https:\/\/theelora.com\/es\/wp-json\/wp\/v2\/product"}],"about":[{"href":"https:\/\/theelora.com\/es\/wp-json\/wp\/v2\/types\/product"}],"replies":[{"embeddable":true,"href":"https:\/\/theelora.com\/es\/wp-json\/wp\/v2\/comments?post=15838"}],"version-history":[{"count":0,"href":"https:\/\/theelora.com\/es\/wp-json\/wp\/v2\/product\/15838\/revisions"}],"wp:featuredmedia":[{"embeddable":true,"href":"https:\/\/theelora.com\/es\/wp-json\/wp\/v2\/media\/16438"}],"wp:attachment":[{"href":"https:\/\/theelora.com\/es\/wp-json\/wp\/v2\/media?parent=15838"}],"wp:term":[{"taxonomy":"product_brand","embeddable":true,"href":"https:\/\/theelora.com\/es\/wp-json\/wp\/v2\/product_brand?post=15838"},{"taxonomy":"product_cat","embeddable":true,"href":"https:\/\/theelora.com\/es\/wp-json\/wp\/v2\/product_cat?post=15838"},{"taxonomy":"product_tag","embeddable":true,"href":"https:\/\/theelora.com\/es\/wp-json\/wp\/v2\/product_tag?post=15838"}],"curies":[{"name":"wp","href":"https:\/\/api.w.org\/{rel}","templated":true}]}}