{"id":15866,"date":"2023-11-07T09:02:55","date_gmt":"2023-11-07T09:02:55","guid":{"rendered":"https:\/\/theelora.com\/?post_type=product&#038;p=15866"},"modified":"2023-11-15T09:42:44","modified_gmt":"2023-11-15T09:42:44","slug":"customized-modern-single-seater-fabric-chairs","status":"publish","type":"product","link":"https:\/\/theelora.com\/es\/producto\/customized-modern-single-seater-fabric-chairs\/","title":{"rendered":"Silla de tela monoplaza"},"content":{"rendered":"<p>El sill\u00f3n Leaf tiene una forma similar al follaje, con una superficie ondulada que cubre toda la estructura. Est\u00e1 tapizado en piel bordada o tela y destaca por su forma sinuosa. Los materiales utilizados para crear este sill\u00f3n incluyen tela y cuero, y el dise\u00f1o general pretende evocar una sensaci\u00f3n de abrazo y comodidad.<\/p>","protected":false},"excerpt":{"rendered":"<p>El sill\u00f3n Leaf es una c\u00f3moda pieza de asiento con una superficie ondulada y una forma sinuosa que recuerda al follaje. Est\u00e1 tapizado en piel bordada o tela y fabricado con materiales tanto de piel como de tela<\/p>\n<p>C\u00f3digo del producto: COCA-AC-01-HOJA<\/p>\n<p>OEM: Disponible<\/p>\n<p>Muestra: Disponible<\/p>\n<p>Puerto: Foshan, Guangzhou, Shenzhen<\/p>\n<p>Lugar de origen: China<\/p>\n<p>Env\u00edos: Support Express - Flete mar\u00edtimo - Flete terrestre - Flete a\u00e9reo<\/p>\n<p>Capacidad de suministro\uff1a1000 piezas al mes<\/p>","protected":false},"featured_media":16449,"comment_status":"open","ping_status":"closed","template":"","meta":[],"product_brand":[],"product_cat":[74],"product_tag":[],"class_list":{"0":"post-15866","1":"product","2":"type-product","3":"status-publish","4":"has-post-thumbnail","6":"product_cat-chair","8":"first","9":"instock","10":"shipping-taxable","11":"purchasable","12":"product-type-simple"},"_links":{"self":[{"href":"https:\/\/theelora.com\/es\/wp-json\/wp\/v2\/product\/15866","targetHints":{"allow":["GET"]}}],"collection":[{"href":"https:\/\/theelora.com\/es\/wp-json\/wp\/v2\/product"}],"about":[{"href":"https:\/\/theelora.com\/es\/wp-json\/wp\/v2\/types\/product"}],"replies":[{"embeddable":true,"href":"https:\/\/theelora.com\/es\/wp-json\/wp\/v2\/comments?post=15866"}],"version-history":[{"count":0,"href":"https:\/\/theelora.com\/es\/wp-json\/wp\/v2\/product\/15866\/revisions"}],"wp:featuredmedia":[{"embeddable":true,"href":"https:\/\/theelora.com\/es\/wp-json\/wp\/v2\/media\/16449"}],"wp:attachment":[{"href":"https:\/\/theelora.com\/es\/wp-json\/wp\/v2\/media?parent=15866"}],"wp:term":[{"taxonomy":"product_brand","embeddable":true,"href":"https:\/\/theelora.com\/es\/wp-json\/wp\/v2\/product_brand?post=15866"},{"taxonomy":"product_cat","embeddable":true,"href":"https:\/\/theelora.com\/es\/wp-json\/wp\/v2\/product_cat?post=15866"},{"taxonomy":"product_tag","embeddable":true,"href":"https:\/\/theelora.com\/es\/wp-json\/wp\/v2\/product_tag?post=15866"}],"curies":[{"name":"wp","href":"https:\/\/api.w.org\/{rel}","templated":true}]}}