{"id":15868,"date":"2023-11-07T09:03:48","date_gmt":"2023-11-07T09:03:48","guid":{"rendered":"https:\/\/theelora.com\/?post_type=product&#038;p=15868"},"modified":"2023-11-16T04:22:18","modified_gmt":"2023-11-16T04:22:18","slug":"elegant-luxury-leather-sofa-chair","status":"publish","type":"product","link":"https:\/\/theelora.com\/es\/producto\/elegant-luxury-leather-sofa-chair\/","title":{"rendered":"Elegante sof\u00e1 de cuero de lujo Silla"},"content":{"rendered":"<p>El sill\u00f3n es una combinaci\u00f3n de estructura de madera y tapicer\u00eda suave y c\u00f3moda. El armaz\u00f3n est\u00e1 formado por 20 piezas de nogal macizo, ensambladas por expertos artesanos. La funda del sill\u00f3n, que no se puede quitar, est\u00e1 disponible en tela o piel en varios colores. El sill\u00f3n tiene un respaldo que proporciona una sensaci\u00f3n de seguridad y comodidad, haciendo que el cuerpo se sienta acogido y bien anclado al suelo.<\/p>","protected":false},"excerpt":{"rendered":"<p>El sill\u00f3n es una combinaci\u00f3n de armaz\u00f3n de madera y suave tapizado, fabricado con 20 piezas de nogal macizo ensambladas expertamente por artesanos. Tiene una funda no desenfundable disponible en tela o piel y un respaldo que proporciona sensaci\u00f3n de seguridad y confort.<\/p>\n<p>C\u00f3digo del producto: GIO-AC-01-HUG<\/p>\n<p>OEM: Disponible<\/p>\n<p>Muestra: Disponible<\/p>\n<p>Puerto: Foshan, Guangzhou, Shenzhen<\/p>\n<p>Lugar de origen: China<\/p>\n<p>Env\u00edos: Support Express - Flete mar\u00edtimo - Flete terrestre - Flete a\u00e9reo<\/p>\n<p>Capacidad de suministro\uff1a1000 piezas al mes<\/p>","protected":false},"featured_media":16452,"comment_status":"open","ping_status":"closed","template":"","meta":[],"product_brand":[],"product_cat":[74],"product_tag":[],"class_list":{"0":"post-15868","1":"product","2":"type-product","3":"status-publish","4":"has-post-thumbnail","6":"product_cat-chair","8":"first","9":"instock","10":"shipping-taxable","11":"purchasable","12":"product-type-simple"},"_links":{"self":[{"href":"https:\/\/theelora.com\/es\/wp-json\/wp\/v2\/product\/15868","targetHints":{"allow":["GET"]}}],"collection":[{"href":"https:\/\/theelora.com\/es\/wp-json\/wp\/v2\/product"}],"about":[{"href":"https:\/\/theelora.com\/es\/wp-json\/wp\/v2\/types\/product"}],"replies":[{"embeddable":true,"href":"https:\/\/theelora.com\/es\/wp-json\/wp\/v2\/comments?post=15868"}],"version-history":[{"count":0,"href":"https:\/\/theelora.com\/es\/wp-json\/wp\/v2\/product\/15868\/revisions"}],"wp:featuredmedia":[{"embeddable":true,"href":"https:\/\/theelora.com\/es\/wp-json\/wp\/v2\/media\/16452"}],"wp:attachment":[{"href":"https:\/\/theelora.com\/es\/wp-json\/wp\/v2\/media?parent=15868"}],"wp:term":[{"taxonomy":"product_brand","embeddable":true,"href":"https:\/\/theelora.com\/es\/wp-json\/wp\/v2\/product_brand?post=15868"},{"taxonomy":"product_cat","embeddable":true,"href":"https:\/\/theelora.com\/es\/wp-json\/wp\/v2\/product_cat?post=15868"},{"taxonomy":"product_tag","embeddable":true,"href":"https:\/\/theelora.com\/es\/wp-json\/wp\/v2\/product_tag?post=15868"}],"curies":[{"name":"wp","href":"https:\/\/api.w.org\/{rel}","templated":true}]}}