{"id":15870,"date":"2023-11-07T09:00:52","date_gmt":"2023-11-07T09:00:52","guid":{"rendered":"https:\/\/theelora.com\/?post_type=product&#038;p=15870"},"modified":"2023-11-16T05:14:03","modified_gmt":"2023-11-16T05:14:03","slug":"unique-shaped-single-sofa-chair","status":"publish","type":"product","link":"https:\/\/theelora.com\/es\/producto\/unique-shaped-single-sofa-chair\/","title":{"rendered":"Silla Sof\u00e1 Individual de Forma \u00danica"},"content":{"rendered":"<p>La chaise-longue es una c\u00f3moda opci\u00f3n de asiento con estructura de contrachapado de abedul y acolchado de espuma de poliuretano y fibra acr\u00edlica. La chaise-longue est\u00e1 tapizada en piel o tela y tiene una estructura de soporte de acero inoxidable. Esta chaise-longue est\u00e1 disponible en una gama de acabados lacados que se incluyen en la selecci\u00f3n de acabados met\u00e1licos satinados.<\/p>","protected":false},"excerpt":{"rendered":"<p>La chaise-longue es una pieza de asiento con estructura de contrachapado de abedul, relleno de espuma de poliuretano y fibra acr\u00edlica, y armaz\u00f3n de acero inoxidable. Puede tapizarse en piel o tela y est\u00e1 disponible en varios acabados lacados de la selecci\u00f3n de metal satinado.<\/p>\n<p>C\u00f3digo del producto: VL IPE-AC-11-EGOISTE<\/p>\n<p>OEM: Disponible<\/p>\n<p>Muestra: Disponible<\/p>\n<p>Puerto: Foshan, Guangzhou, Shenzhen<\/p>\n<p>Lugar de origen: China<\/p>\n<p>Env\u00edos: Support Express - Flete mar\u00edtimo - Flete terrestre - Flete a\u00e9reo<\/p>\n<p>Capacidad de suministro\uff1a1000 piezas al mes<\/p>\n<p>&nbsp;<\/p>","protected":false},"featured_media":16446,"comment_status":"open","ping_status":"closed","template":"","meta":[],"product_brand":[],"product_cat":[74],"product_tag":[],"class_list":{"0":"post-15870","1":"product","2":"type-product","3":"status-publish","4":"has-post-thumbnail","6":"product_cat-chair","8":"first","9":"instock","10":"shipping-taxable","11":"purchasable","12":"product-type-simple"},"_links":{"self":[{"href":"https:\/\/theelora.com\/es\/wp-json\/wp\/v2\/product\/15870","targetHints":{"allow":["GET"]}}],"collection":[{"href":"https:\/\/theelora.com\/es\/wp-json\/wp\/v2\/product"}],"about":[{"href":"https:\/\/theelora.com\/es\/wp-json\/wp\/v2\/types\/product"}],"replies":[{"embeddable":true,"href":"https:\/\/theelora.com\/es\/wp-json\/wp\/v2\/comments?post=15870"}],"version-history":[{"count":0,"href":"https:\/\/theelora.com\/es\/wp-json\/wp\/v2\/product\/15870\/revisions"}],"wp:featuredmedia":[{"embeddable":true,"href":"https:\/\/theelora.com\/es\/wp-json\/wp\/v2\/media\/16446"}],"wp:attachment":[{"href":"https:\/\/theelora.com\/es\/wp-json\/wp\/v2\/media?parent=15870"}],"wp:term":[{"taxonomy":"product_brand","embeddable":true,"href":"https:\/\/theelora.com\/es\/wp-json\/wp\/v2\/product_brand?post=15870"},{"taxonomy":"product_cat","embeddable":true,"href":"https:\/\/theelora.com\/es\/wp-json\/wp\/v2\/product_cat?post=15870"},{"taxonomy":"product_tag","embeddable":true,"href":"https:\/\/theelora.com\/es\/wp-json\/wp\/v2\/product_tag?post=15870"}],"curies":[{"name":"wp","href":"https:\/\/api.w.org\/{rel}","templated":true}]}}