{"id":15889,"date":"2023-11-07T09:21:24","date_gmt":"2023-11-07T09:21:24","guid":{"rendered":"https:\/\/theelora.com\/?post_type=product&#038;p=15889"},"modified":"2023-11-16T05:04:37","modified_gmt":"2023-11-16T05:04:37","slug":"single-seat-leather-sofa","status":"publish","type":"product","link":"https:\/\/theelora.com\/es\/producto\/single-seat-leather-sofa\/","title":{"rendered":"Sof\u00e1 de piel de una plaza"},"content":{"rendered":"<p>El sof\u00e1 tiene un armaz\u00f3n de metal con acabado en bronce y est\u00e1 fabricado en madera multicapa. Los muelles son de cinchas el\u00e1sticas de alto contenido en caucho natural, y la tapicer\u00eda del armaz\u00f3n es de poliuretano expandido de diferentes densidades, con una capa superior de alto contenido el\u00e1stico que proporciona suavidad con el paso del tiempo. La tapicer\u00eda exterior es de paneles de madera acolchada en piel o tela a elecci\u00f3n del cliente, y los cojines de los asientos son de caucho de densidad variable de alta resistencia con una capa superior de plumas de ganso canalizadas y suaves. El sof\u00e1 tiene un dise\u00f1o lineal de l\u00edneas compactas y definidas, que lo hacen adecuado para espacios modernos o cl\u00e1sicos. Est\u00e1 disponible en dos tama\u00f1os y tiene bandas de bronce en los reposabrazos que crean un fuerte dise\u00f1o visual. Este sof\u00e1 est\u00e1 dise\u00f1ado para ser c\u00f3modo y relajante, con detalles impactantes que pueden admirarse desde todos los \u00e1ngulos.<\/p>","protected":false},"excerpt":{"rendered":"<p>El sof\u00e1 tiene una estructura de metal con acabado en bronce y una tapicer\u00eda c\u00f3moda y de alta calidad. Tiene un dise\u00f1o lineal adecuado para espacios modernos o cl\u00e1sicos. Los reposabrazos tienen un dise\u00f1o visual \u00fanico con bandas de bronce. Este sof\u00e1 est\u00e1 dise\u00f1ado para ser c\u00f3modo y relajante, con detalles impactantes.<\/p>\n<p>C\u00f3digo del producto: CANTO-AC-02-VOYAGE<\/p>\n<p>OEM: Disponible<\/p>\n<p>Muestra: Disponible<\/p>\n<p>Puerto: Foshan, Guangzhou, Shenzhen<\/p>\n<p>Lugar de origen: China<\/p>\n<p>Env\u00edos: Support Express - Flete mar\u00edtimo - Flete terrestre - Flete a\u00e9reo<\/p>\n<p>Capacidad de suministro\uff1a1000 piezas al mes<\/p>","protected":false},"featured_media":16454,"comment_status":"open","ping_status":"closed","template":"","meta":[],"product_brand":[],"product_cat":[74],"product_tag":[],"class_list":{"0":"post-15889","1":"product","2":"type-product","3":"status-publish","4":"has-post-thumbnail","6":"product_cat-chair","8":"first","9":"instock","10":"shipping-taxable","11":"purchasable","12":"product-type-simple"},"_links":{"self":[{"href":"https:\/\/theelora.com\/es\/wp-json\/wp\/v2\/product\/15889","targetHints":{"allow":["GET"]}}],"collection":[{"href":"https:\/\/theelora.com\/es\/wp-json\/wp\/v2\/product"}],"about":[{"href":"https:\/\/theelora.com\/es\/wp-json\/wp\/v2\/types\/product"}],"replies":[{"embeddable":true,"href":"https:\/\/theelora.com\/es\/wp-json\/wp\/v2\/comments?post=15889"}],"version-history":[{"count":0,"href":"https:\/\/theelora.com\/es\/wp-json\/wp\/v2\/product\/15889\/revisions"}],"wp:featuredmedia":[{"embeddable":true,"href":"https:\/\/theelora.com\/es\/wp-json\/wp\/v2\/media\/16454"}],"wp:attachment":[{"href":"https:\/\/theelora.com\/es\/wp-json\/wp\/v2\/media?parent=15889"}],"wp:term":[{"taxonomy":"product_brand","embeddable":true,"href":"https:\/\/theelora.com\/es\/wp-json\/wp\/v2\/product_brand?post=15889"},{"taxonomy":"product_cat","embeddable":true,"href":"https:\/\/theelora.com\/es\/wp-json\/wp\/v2\/product_cat?post=15889"},{"taxonomy":"product_tag","embeddable":true,"href":"https:\/\/theelora.com\/es\/wp-json\/wp\/v2\/product_tag?post=15889"}],"curies":[{"name":"wp","href":"https:\/\/api.w.org\/{rel}","templated":true}]}}