{"id":15895,"date":"2023-11-07T09:33:02","date_gmt":"2023-11-07T09:33:02","guid":{"rendered":"https:\/\/theelora.com\/?post_type=product&#038;p=15895"},"modified":"2023-11-16T05:01:03","modified_gmt":"2023-11-16T05:01:03","slug":"luxury-leather-sofa-chair","status":"publish","type":"product","link":"https:\/\/theelora.com\/es\/producto\/luxury-leather-sofa-chair\/","title":{"rendered":"Sof\u00e1 de cuero de lujo"},"content":{"rendered":"<p>Esta elegante y vers\u00e1til silla de medio brazo presenta patas talladas a mano en nogal negro americano o roble macizo. Se muestra arriba tapizada con raso ebonizado negro y patas de nogal negro americano. La silla tiene l\u00edneas delicadas y curvas, cuidadosamente talladas a mano en nogal negro americano macizo. Las patas tienen un acabado satinado ebonizado negro, que a\u00f1ade a la silla una discreta elegancia. Las sutiles formas arqueadas de la silla contribuyen a su sensaci\u00f3n de sofisticaci\u00f3n y refinamiento. En conjunto, esta silla es un complemento elegante y atemporal para cualquier espacio, ya que sus patas talladas a mano y sus delicadas curvas la convierten en un mueble \u00fanico y memorable.<\/p>","protected":false},"excerpt":{"rendered":"<p>Esta silla es un complemento elegante y atemporal para cualquier espacio, con sus patas talladas a mano y sus delicadas curvas que la convierten en un mueble \u00fanico y memorable.<\/p>\n<p>C\u00f3digo del producto: CC-C-01-Diva Taburete H-L<\/p>\n<p>OEM: Disponible<\/p>\n<p>Muestra: Disponible<\/p>\n<p>Puerto: Foshan, Guangzhou, Shenzhen<\/p>\n<p>Lugar de origen: China<\/p>\n<p>Env\u00edos: Support Express - Flete mar\u00edtimo - Flete terrestre - Flete a\u00e9reo<\/p>\n<p>Capacidad de suministro\uff1a1000 piezas al mes<\/p>","protected":false},"featured_media":16460,"comment_status":"open","ping_status":"closed","template":"","meta":[],"product_brand":[],"product_cat":[74],"product_tag":[],"class_list":{"0":"post-15895","1":"product","2":"type-product","3":"status-publish","4":"has-post-thumbnail","6":"product_cat-chair","8":"first","9":"instock","10":"shipping-taxable","11":"purchasable","12":"product-type-simple"},"_links":{"self":[{"href":"https:\/\/theelora.com\/es\/wp-json\/wp\/v2\/product\/15895","targetHints":{"allow":["GET"]}}],"collection":[{"href":"https:\/\/theelora.com\/es\/wp-json\/wp\/v2\/product"}],"about":[{"href":"https:\/\/theelora.com\/es\/wp-json\/wp\/v2\/types\/product"}],"replies":[{"embeddable":true,"href":"https:\/\/theelora.com\/es\/wp-json\/wp\/v2\/comments?post=15895"}],"version-history":[{"count":0,"href":"https:\/\/theelora.com\/es\/wp-json\/wp\/v2\/product\/15895\/revisions"}],"wp:featuredmedia":[{"embeddable":true,"href":"https:\/\/theelora.com\/es\/wp-json\/wp\/v2\/media\/16460"}],"wp:attachment":[{"href":"https:\/\/theelora.com\/es\/wp-json\/wp\/v2\/media?parent=15895"}],"wp:term":[{"taxonomy":"product_brand","embeddable":true,"href":"https:\/\/theelora.com\/es\/wp-json\/wp\/v2\/product_brand?post=15895"},{"taxonomy":"product_cat","embeddable":true,"href":"https:\/\/theelora.com\/es\/wp-json\/wp\/v2\/product_cat?post=15895"},{"taxonomy":"product_tag","embeddable":true,"href":"https:\/\/theelora.com\/es\/wp-json\/wp\/v2\/product_tag?post=15895"}],"curies":[{"name":"wp","href":"https:\/\/api.w.org\/{rel}","templated":true}]}}