{"id":15910,"date":"2023-11-07T09:41:00","date_gmt":"2023-11-07T09:41:00","guid":{"rendered":"https:\/\/theelora.com\/?post_type=product&#038;p=15910"},"modified":"2023-11-15T09:47:31","modified_gmt":"2023-11-15T09:47:31","slug":"elegant-nordic-leather-chair","status":"publish","type":"product","link":"https:\/\/theelora.com\/es\/producto\/elegant-nordic-leather-chair\/","title":{"rendered":"Elegante silla n\u00f3rdica de cuero"},"content":{"rendered":"<p>Si busca a\u00f1adir un toque de sofisticaci\u00f3n y estilo a su hogar, el sill\u00f3n Kelly es una elecci\u00f3n perfecta. Este sill\u00f3n traduce con maestr\u00eda la tendencia de moda actual de contrastes atrevidos en una pieza statement que seguro cautivar\u00e1 la atenci\u00f3n de tus invitados m\u00e1s creativos. Su estilo envolvente se integra a la perfecci\u00f3n en espacios modernos, mientras que los reposabrazos met\u00e1licos independientes, disponibles en tela o piel, permiten una mayor versatilidad si alguna vez decide cambiar su decoraci\u00f3n. Tanto si buscas hacer una declaraci\u00f3n de intenciones como si simplemente quieres a\u00f1adir un toque de estilo a tu espacio, el sill\u00f3n Kelly es una elecci\u00f3n chic y sofisticada.<\/p>","protected":false},"excerpt":{"rendered":"<p>El sof\u00e1 est\u00e1 dise\u00f1ado con patrones hermosos, adecuados para la decoraci\u00f3n de su hogar. El sof\u00e1 de estilo n\u00f3rdico patr\u00f3n de asientos, le dar\u00e1 una nueva experiencia visual.Nordic Living Room Leather Seater Manufacturer in China<\/p>\n<p>OEM: Disponible<\/p>\n<p>Muestra: Disponible<\/p>\n<p>Puerto: Foshan, Guangzhou, Shenzhen<\/p>\n<p>Lugar de origen: China<\/p>\n<p>Env\u00edos: Support Express - Flete mar\u00edtimo - Flete terrestre - Flete a\u00e9reo<\/p>\n<p>Capacidad de suministro\uff1a1000 piezas al mes<\/p>","protected":false},"featured_media":15915,"comment_status":"open","ping_status":"closed","template":"","meta":[],"product_brand":[],"product_cat":[74],"product_tag":[],"class_list":{"0":"post-15910","1":"product","2":"type-product","3":"status-publish","4":"has-post-thumbnail","6":"product_cat-chair","8":"first","9":"instock","10":"shipping-taxable","11":"purchasable","12":"product-type-simple"},"_links":{"self":[{"href":"https:\/\/theelora.com\/es\/wp-json\/wp\/v2\/product\/15910","targetHints":{"allow":["GET"]}}],"collection":[{"href":"https:\/\/theelora.com\/es\/wp-json\/wp\/v2\/product"}],"about":[{"href":"https:\/\/theelora.com\/es\/wp-json\/wp\/v2\/types\/product"}],"replies":[{"embeddable":true,"href":"https:\/\/theelora.com\/es\/wp-json\/wp\/v2\/comments?post=15910"}],"version-history":[{"count":0,"href":"https:\/\/theelora.com\/es\/wp-json\/wp\/v2\/product\/15910\/revisions"}],"wp:featuredmedia":[{"embeddable":true,"href":"https:\/\/theelora.com\/es\/wp-json\/wp\/v2\/media\/15915"}],"wp:attachment":[{"href":"https:\/\/theelora.com\/es\/wp-json\/wp\/v2\/media?parent=15910"}],"wp:term":[{"taxonomy":"product_brand","embeddable":true,"href":"https:\/\/theelora.com\/es\/wp-json\/wp\/v2\/product_brand?post=15910"},{"taxonomy":"product_cat","embeddable":true,"href":"https:\/\/theelora.com\/es\/wp-json\/wp\/v2\/product_cat?post=15910"},{"taxonomy":"product_tag","embeddable":true,"href":"https:\/\/theelora.com\/es\/wp-json\/wp\/v2\/product_tag?post=15910"}],"curies":[{"name":"wp","href":"https:\/\/api.w.org\/{rel}","templated":true}]}}