{"id":15919,"date":"2023-11-07T10:10:05","date_gmt":"2023-11-07T10:10:05","guid":{"rendered":"https:\/\/theelora.com\/?post_type=product&#038;p=15919"},"modified":"2023-11-09T10:56:56","modified_gmt":"2023-11-09T10:56:56","slug":"luxury-high-quality-nordic-customized-living-room-sofa-chair","status":"publish","type":"product","link":"https:\/\/theelora.com\/es\/producto\/luxury-high-quality-nordic-customized-living-room-sofa-chair\/","title":{"rendered":"Silla Sof\u00e1 N\u00f3rdica de Alta Calidad"},"content":{"rendered":"<p>El sill\u00f3n Accent es la forma perfecta de transformar la decoraci\u00f3n de su sal\u00f3n. Su profundo mech\u00f3n de botones y sus robustas patas acr\u00edlicas le dan un aspecto \u00fanico y visionario que seguro que le encantar\u00e1. El sill\u00f3n est\u00e1 tapizado en lujoso terciopelo de alto rendimiento resistente a las manchas y cuenta con un glamuroso ribete con cabeza de clavo. Tambi\u00e9n est\u00e1 dise\u00f1ado para la comodidad, con un generoso acolchado de espuma densa y un sistema de soporte de muelle sinuoso para una experiencia de asiento de primera calidad. Esta moderna silla de acento es perfecta para el sal\u00f3n, la sala de estar, el dormitorio o la entrada, y seguro que se convertir\u00e1 en un adorno muy apreciado en su hogar.<\/p>","protected":false},"excerpt":{"rendered":"<p>El sill\u00f3n Accent es la forma perfecta de transformar la decoraci\u00f3n de su sal\u00f3n. Su profundo mech\u00f3n de botones y sus robustas patas acr\u00edlicas le dan un aspecto \u00fanico y visionario que seguro que le encantar\u00e1. El sill\u00f3n est\u00e1 tapizado en lujoso terciopelo de alto rendimiento resistente a las manchas y cuenta con un glamuroso ribete con cabeza de clavo. Tambi\u00e9n est\u00e1 dise\u00f1ado para la comodidad, con un generoso acolchado de espuma densa y un sistema de soporte de muelle sinuoso para una experiencia de asiento de primera calidad. Esta moderna silla de acento es perfecta para el sal\u00f3n, la sala de estar, el dormitorio o la entrada, y seguro que se convertir\u00e1 en un adorno muy apreciado en su hogar.<\/p>\n<p>OEM: Disponible<\/p>\n<p>Muestra: Disponible<\/p>\n<p>Puerto: Foshan, Guangzhou, Shenzhen<\/p>\n<p>Lugar de origen: China<\/p>\n<p>Env\u00edos: Support Express - Flete mar\u00edtimo - Flete terrestre - Flete a\u00e9reo<\/p>\n<p>Capacidad de suministro\uff1a1000 piezas al mes<\/p>","protected":false},"featured_media":16470,"comment_status":"open","ping_status":"closed","template":"","meta":[],"product_brand":[],"product_cat":[74],"product_tag":[],"class_list":{"0":"post-15919","1":"product","2":"type-product","3":"status-publish","4":"has-post-thumbnail","6":"product_cat-chair","8":"first","9":"instock","10":"shipping-taxable","11":"purchasable","12":"product-type-simple"},"_links":{"self":[{"href":"https:\/\/theelora.com\/es\/wp-json\/wp\/v2\/product\/15919","targetHints":{"allow":["GET"]}}],"collection":[{"href":"https:\/\/theelora.com\/es\/wp-json\/wp\/v2\/product"}],"about":[{"href":"https:\/\/theelora.com\/es\/wp-json\/wp\/v2\/types\/product"}],"replies":[{"embeddable":true,"href":"https:\/\/theelora.com\/es\/wp-json\/wp\/v2\/comments?post=15919"}],"version-history":[{"count":0,"href":"https:\/\/theelora.com\/es\/wp-json\/wp\/v2\/product\/15919\/revisions"}],"wp:featuredmedia":[{"embeddable":true,"href":"https:\/\/theelora.com\/es\/wp-json\/wp\/v2\/media\/16470"}],"wp:attachment":[{"href":"https:\/\/theelora.com\/es\/wp-json\/wp\/v2\/media?parent=15919"}],"wp:term":[{"taxonomy":"product_brand","embeddable":true,"href":"https:\/\/theelora.com\/es\/wp-json\/wp\/v2\/product_brand?post=15919"},{"taxonomy":"product_cat","embeddable":true,"href":"https:\/\/theelora.com\/es\/wp-json\/wp\/v2\/product_cat?post=15919"},{"taxonomy":"product_tag","embeddable":true,"href":"https:\/\/theelora.com\/es\/wp-json\/wp\/v2\/product_tag?post=15919"}],"curies":[{"name":"wp","href":"https:\/\/api.w.org\/{rel}","templated":true}]}}