{"id":15921,"date":"2023-11-07T10:05:04","date_gmt":"2023-11-07T10:05:04","guid":{"rendered":"https:\/\/theelora.com\/?post_type=product&#038;p=15921"},"modified":"2023-11-09T09:59:13","modified_gmt":"2023-11-09T09:59:13","slug":"high-luxurious-unique-shape-standard-single-sofa-living-room-single-seat","status":"publish","type":"product","link":"https:\/\/theelora.com\/es\/producto\/high-luxurious-unique-shape-standard-single-sofa-living-room-single-seat\/","title":{"rendered":"Sof\u00e1 individual de forma \u00fanica"},"content":{"rendered":"<p>El sill\u00f3n Reeves \"Large\" es un sill\u00f3n espacioso y c\u00f3modo que cuenta con una carcasa estructural moldeada de poliuretano con una capa interior flexible de poliuretano de alta densidad. El respaldo del sill\u00f3n se apoya en un elegante soporte met\u00e1lico curvado con un acabado de pintura brillante en color bronce claro, y la parte delantera se asienta sobre robustas patas de madera maciza de Sucupira con un acabado te\u00f1ido en color Vis\u00f3n. Las generosas proporciones de la silla y sus l\u00edneas curvil\u00edneas la convierten en un complemento atractivo y elegante para cualquier habitaci\u00f3n.<\/p>","protected":false},"excerpt":{"rendered":"<p>El sill\u00f3n Reeves \"Large\" es un amplio sill\u00f3n con carcasa de poliuretano y soporte met\u00e1lico. Tiene patas de madera de Sucupira con acabado en color Vis\u00f3n.<\/p>\n<p>C\u00f3digo del producto: F901<\/p>\n<p>OEM: Disponible<\/p>\n<p>Muestra: Disponible<\/p>\n<p>Puerto: Foshan, Guangzhou, Shenzhen<\/p>\n<p>Lugar de origen: China<\/p>\n<p>Env\u00edos: Support Express - Flete mar\u00edtimo - Flete terrestre - Flete a\u00e9reo<\/p>\n<p>Capacidad de suministro\uff1a1000 piezas al mes<\/p>","protected":false},"featured_media":16468,"comment_status":"open","ping_status":"closed","template":"","meta":[],"product_brand":[],"product_cat":[74],"product_tag":[],"class_list":{"0":"post-15921","1":"product","2":"type-product","3":"status-publish","4":"has-post-thumbnail","6":"product_cat-chair","8":"first","9":"instock","10":"shipping-taxable","11":"purchasable","12":"product-type-simple"},"_links":{"self":[{"href":"https:\/\/theelora.com\/es\/wp-json\/wp\/v2\/product\/15921","targetHints":{"allow":["GET"]}}],"collection":[{"href":"https:\/\/theelora.com\/es\/wp-json\/wp\/v2\/product"}],"about":[{"href":"https:\/\/theelora.com\/es\/wp-json\/wp\/v2\/types\/product"}],"replies":[{"embeddable":true,"href":"https:\/\/theelora.com\/es\/wp-json\/wp\/v2\/comments?post=15921"}],"version-history":[{"count":0,"href":"https:\/\/theelora.com\/es\/wp-json\/wp\/v2\/product\/15921\/revisions"}],"wp:featuredmedia":[{"embeddable":true,"href":"https:\/\/theelora.com\/es\/wp-json\/wp\/v2\/media\/16468"}],"wp:attachment":[{"href":"https:\/\/theelora.com\/es\/wp-json\/wp\/v2\/media?parent=15921"}],"wp:term":[{"taxonomy":"product_brand","embeddable":true,"href":"https:\/\/theelora.com\/es\/wp-json\/wp\/v2\/product_brand?post=15921"},{"taxonomy":"product_cat","embeddable":true,"href":"https:\/\/theelora.com\/es\/wp-json\/wp\/v2\/product_cat?post=15921"},{"taxonomy":"product_tag","embeddable":true,"href":"https:\/\/theelora.com\/es\/wp-json\/wp\/v2\/product_tag?post=15921"}],"curies":[{"name":"wp","href":"https:\/\/api.w.org\/{rel}","templated":true}]}}