{"id":16056,"date":"2023-11-08T05:30:33","date_gmt":"2023-11-08T05:30:33","guid":{"rendered":"https:\/\/theelora.com\/?post_type=product&#038;p=16056"},"modified":"2023-11-15T09:15:27","modified_gmt":"2023-11-15T09:15:27","slug":"high-end-italy-postmodern-couch-living-room-furniture-sofa","status":"publish","type":"product","link":"https:\/\/theelora.com\/es\/producto\/high-end-italy-postmodern-couch-living-room-furniture-sofa\/","title":{"rendered":"Sof\u00e1 de estilo postmoderno"},"content":{"rendered":"<p><strong>Detalles del producto<\/strong><\/p>\n<p>Categor\u00eda: Sof\u00e1<\/p>\n<p>Color: Como imagen o personalizado<\/p>\n<p>MOQ: 1 pieza<\/p>\n<p>N\u00ba de modelo : BGT-SF-01<\/p>\n<p>Estilo de dise\u00f1o: Lujo ligero italiano moderno<\/p>\n<p>Volumen estimado de la partida (m3) : 1,3<\/p>\n<p>Peso estimado del art\u00edculo (KGS) : 110<\/p>\n<p>Plazo de entrega (d\u00edas): A negociar<\/p>\n<p><strong>\u00a0<\/strong><\/p>\n<p><strong>Material destacado<\/strong><strong>:<\/strong><\/p>\n<ul>\n<li class=\"p\">Funda: tejido importado de alta calidad<\/li>\n<li class=\"p\">Acero inoxidable 304<\/li>\n<li class=\"p\">esponja: esponja de alta densidad (45%-65%)<\/li>\n<li class=\"p\">Estructura: interior de madera maciza<\/li>\n<li class=\"p\">contenido en agua : 8%-13%<\/li>\n<\/ul>\n<p>&nbsp;<\/p>\n<p><strong>Informaci\u00f3n sobre el tama\u00f1o:<\/strong><\/p>\n<p>Tama\u00f1os personalizados disponibles<\/p>\n<p>Regular Informaci\u00f3n sobre tallas:<\/p>\n<ul>\n<li class=\"p\">2 plazas:1600W*1000D*840H<\/li>\n<\/ul>\n<p><strong>Paquete\u00a0<\/strong><strong>Detalles<\/strong><strong>:<\/strong><\/p>\n<ul>\n<li>1.Export est\u00e1ndar 5-capas cartones de papel duro + embalaje de madera<\/li>\n<li>2.Protecci\u00f3n interior de espuma y EPE<\/li>\n<li>3.Protecci\u00f3n de papel duro en cada esquina<\/li>\n<\/ul>\n<p><strong>El precio puede variar seg\u00fan el material y la cantidad que pida, p\u00f3ngase en contacto con nosotros para obtener informaci\u00f3n sobre precios.<\/strong><\/p>","protected":false},"excerpt":{"rendered":"<p>Con su arquitectura geom\u00e9trica, el dise\u00f1o est\u00e1 perfectamente equilibrado entre clasicismo y modernismo. Sus l\u00edneas limpias, que se integran libremente en la arquitectura moderna.<\/p>\n<p>C\u00f3digo del producto: BGT-SF-01<\/p>\n<p>OEM: Disponible<\/p>\n<p>Muestra: Disponible<\/p>\n<p>Puerto: Foshan, Guangzhou, Shenzhen<\/p>\n<p>Lugar de origen: China<\/p>\n<p>Env\u00edos: Support Express - Flete mar\u00edtimo - Flete terrestre - Flete a\u00e9reo<\/p>\n<p>Capacidad de suministro\uff1a1000 piezas al mes<\/p>","protected":false},"featured_media":16514,"comment_status":"open","ping_status":"closed","template":"","meta":[],"product_brand":[],"product_cat":[75],"product_tag":[],"class_list":{"0":"post-16056","1":"product","2":"type-product","3":"status-publish","4":"has-post-thumbnail","6":"product_cat-sofa","8":"first","9":"instock","10":"shipping-taxable","11":"purchasable","12":"product-type-simple"},"_links":{"self":[{"href":"https:\/\/theelora.com\/es\/wp-json\/wp\/v2\/product\/16056","targetHints":{"allow":["GET"]}}],"collection":[{"href":"https:\/\/theelora.com\/es\/wp-json\/wp\/v2\/product"}],"about":[{"href":"https:\/\/theelora.com\/es\/wp-json\/wp\/v2\/types\/product"}],"replies":[{"embeddable":true,"href":"https:\/\/theelora.com\/es\/wp-json\/wp\/v2\/comments?post=16056"}],"version-history":[{"count":0,"href":"https:\/\/theelora.com\/es\/wp-json\/wp\/v2\/product\/16056\/revisions"}],"wp:featuredmedia":[{"embeddable":true,"href":"https:\/\/theelora.com\/es\/wp-json\/wp\/v2\/media\/16514"}],"wp:attachment":[{"href":"https:\/\/theelora.com\/es\/wp-json\/wp\/v2\/media?parent=16056"}],"wp:term":[{"taxonomy":"product_brand","embeddable":true,"href":"https:\/\/theelora.com\/es\/wp-json\/wp\/v2\/product_brand?post=16056"},{"taxonomy":"product_cat","embeddable":true,"href":"https:\/\/theelora.com\/es\/wp-json\/wp\/v2\/product_cat?post=16056"},{"taxonomy":"product_tag","embeddable":true,"href":"https:\/\/theelora.com\/es\/wp-json\/wp\/v2\/product_tag?post=16056"}],"curies":[{"name":"wp","href":"https:\/\/api.w.org\/{rel}","templated":true}]}}