{"id":16101,"date":"2023-11-08T06:52:37","date_gmt":"2023-11-08T06:52:37","guid":{"rendered":"https:\/\/theelora.com\/?post_type=product&#038;p=16101"},"modified":"2023-11-15T09:35:01","modified_gmt":"2023-11-15T09:35:01","slug":"foshan-velvet-fabric-sofa-set","status":"publish","type":"product","link":"https:\/\/theelora.com\/es\/producto\/foshan-velvet-fabric-sofa-set\/","title":{"rendered":"Sof\u00e1 de tela de terciopelo Foshan"},"content":{"rendered":"<p>Esta es la descripci\u00f3n de un mueble que tiene una estructura de madera maciza y est\u00e1 acolchado con espuma de poliuretano. La tapicer\u00eda est\u00e1 disponible en piel o tela, y los brazos y respaldos est\u00e1n decorados con inserciones de color en contraste y ribetes de piel. El asiento est\u00e1 formado por un coj\u00edn sobre una base de poliuretano y est\u00e1 recubierto de Memory Foam\u00ae y plumas, mientras que los cojines del respaldo est\u00e1n rellenos de una combinaci\u00f3n de poliuretano y plum\u00f3n. Los laterales y el respaldo del mueble presentan frisos de acero inoxidable satinado, y el armaz\u00f3n exterior puede acabarse en diversos acabados met\u00e1licos. La mesa baja que acompa\u00f1a al mueble est\u00e1 disponible en madera chapada o lacada, en una gama de colores.<\/p>","protected":false},"excerpt":{"rendered":"<p>Del\u00e9itese con la piel italiana 100%. Dise\u00f1ada en Italia, nuestra colecci\u00f3n de sof\u00e1s Elora es el ep\u00edtome del refinamiento con estilo y el confort de alta gama.<\/p>\n<p>C\u00f3digo del producto:VL IPE-SF-01-BASTIAN DUAL<\/p>\n<p>OEM: Disponible<\/p>\n<p>Muestra: Disponible<\/p>\n<p>Puerto: Foshan, Guangzhou, Shenzhen<\/p>\n<p>Lugar de origen: China<\/p>\n<p>Env\u00edos: Support Express - Flete mar\u00edtimo - Flete terrestre - Flete a\u00e9reo<\/p>\n<p>Capacidad de suministro\uff1a1000 piezas al mes<\/p>\n<p>&nbsp;<\/p>","protected":false},"featured_media":16529,"comment_status":"open","ping_status":"closed","template":"","meta":[],"product_brand":[],"product_cat":[75],"product_tag":[],"class_list":{"0":"post-16101","1":"product","2":"type-product","3":"status-publish","4":"has-post-thumbnail","6":"product_cat-sofa","8":"first","9":"instock","10":"shipping-taxable","11":"purchasable","12":"product-type-simple"},"_links":{"self":[{"href":"https:\/\/theelora.com\/es\/wp-json\/wp\/v2\/product\/16101","targetHints":{"allow":["GET"]}}],"collection":[{"href":"https:\/\/theelora.com\/es\/wp-json\/wp\/v2\/product"}],"about":[{"href":"https:\/\/theelora.com\/es\/wp-json\/wp\/v2\/types\/product"}],"replies":[{"embeddable":true,"href":"https:\/\/theelora.com\/es\/wp-json\/wp\/v2\/comments?post=16101"}],"version-history":[{"count":0,"href":"https:\/\/theelora.com\/es\/wp-json\/wp\/v2\/product\/16101\/revisions"}],"wp:featuredmedia":[{"embeddable":true,"href":"https:\/\/theelora.com\/es\/wp-json\/wp\/v2\/media\/16529"}],"wp:attachment":[{"href":"https:\/\/theelora.com\/es\/wp-json\/wp\/v2\/media?parent=16101"}],"wp:term":[{"taxonomy":"product_brand","embeddable":true,"href":"https:\/\/theelora.com\/es\/wp-json\/wp\/v2\/product_brand?post=16101"},{"taxonomy":"product_cat","embeddable":true,"href":"https:\/\/theelora.com\/es\/wp-json\/wp\/v2\/product_cat?post=16101"},{"taxonomy":"product_tag","embeddable":true,"href":"https:\/\/theelora.com\/es\/wp-json\/wp\/v2\/product_tag?post=16101"}],"curies":[{"name":"wp","href":"https:\/\/api.w.org\/{rel}","templated":true}]}}