{"id":16148,"date":"2023-11-08T08:42:54","date_gmt":"2023-11-08T08:42:54","guid":{"rendered":"https:\/\/theelora.com\/?post_type=product&#038;p=16148"},"modified":"2023-11-15T09:26:36","modified_gmt":"2023-11-15T09:26:36","slug":"minimalistic-single-seater-sofa","status":"publish","type":"product","link":"https:\/\/theelora.com\/es\/producto\/minimalistic-single-seater-sofa\/","title":{"rendered":"Sof\u00e1 minimalista de una plaza"},"content":{"rendered":"<p>Las \u00faltimas incorporaciones a la colecci\u00f3n son una impresionante mezcla de materiales naturales como la madera y la piedra, que a\u00f1aden un toque extra de lujo a los interiores. Estos elementos crean un interesante contraste con las impresionantes vistas de Mil\u00e1n que pueden contemplarse desde la colecci\u00f3n. La incorporaci\u00f3n del verde y el oc\u00e9ano realza la belleza de los muebles y a\u00f1ade un toque contempor\u00e1neo a la est\u00e9tica cl\u00e1sica. En conjunto, estas nuevas incorporaciones complementan a la perfecci\u00f3n la colecci\u00f3n y proporcionan una experiencia \u00fanica y memorable a quienes las contemplan.<\/p>","protected":false},"excerpt":{"rendered":"<p>Las nuevas incorporaciones a la colecci\u00f3n presentan materiales naturales y ofrecen una experiencia lujosa y contempor\u00e1nea con hermosas vistas de Mil\u00e1n.<\/p>\n<p>C\u00f3digo del producto: FD-AC-02-ARTU<\/p>\n<p>OEM: Disponible<\/p>\n<p>Muestra: Disponible<\/p>\n<p>Puerto: Foshan, Guangzhou, Shenzhen<\/p>\n<p>Lugar de origen: China<\/p>\n<p>Env\u00edos: Support Express - Flete mar\u00edtimo - Flete terrestre - Flete a\u00e9reo<\/p>\n<p>Capacidad de suministro\uff1a1000 piezas al mes<\/p>","protected":false},"featured_media":16547,"comment_status":"open","ping_status":"closed","template":"","meta":[],"product_brand":[],"product_cat":[75],"product_tag":[],"class_list":{"0":"post-16148","1":"product","2":"type-product","3":"status-publish","4":"has-post-thumbnail","6":"product_cat-sofa","8":"first","9":"instock","10":"shipping-taxable","11":"purchasable","12":"product-type-simple"},"_links":{"self":[{"href":"https:\/\/theelora.com\/es\/wp-json\/wp\/v2\/product\/16148","targetHints":{"allow":["GET"]}}],"collection":[{"href":"https:\/\/theelora.com\/es\/wp-json\/wp\/v2\/product"}],"about":[{"href":"https:\/\/theelora.com\/es\/wp-json\/wp\/v2\/types\/product"}],"replies":[{"embeddable":true,"href":"https:\/\/theelora.com\/es\/wp-json\/wp\/v2\/comments?post=16148"}],"version-history":[{"count":0,"href":"https:\/\/theelora.com\/es\/wp-json\/wp\/v2\/product\/16148\/revisions"}],"wp:featuredmedia":[{"embeddable":true,"href":"https:\/\/theelora.com\/es\/wp-json\/wp\/v2\/media\/16547"}],"wp:attachment":[{"href":"https:\/\/theelora.com\/es\/wp-json\/wp\/v2\/media?parent=16148"}],"wp:term":[{"taxonomy":"product_brand","embeddable":true,"href":"https:\/\/theelora.com\/es\/wp-json\/wp\/v2\/product_brand?post=16148"},{"taxonomy":"product_cat","embeddable":true,"href":"https:\/\/theelora.com\/es\/wp-json\/wp\/v2\/product_cat?post=16148"},{"taxonomy":"product_tag","embeddable":true,"href":"https:\/\/theelora.com\/es\/wp-json\/wp\/v2\/product_tag?post=16148"}],"curies":[{"name":"wp","href":"https:\/\/api.w.org\/{rel}","templated":true}]}}