{"id":16162,"date":"2023-11-08T08:59:39","date_gmt":"2023-11-08T08:59:39","guid":{"rendered":"https:\/\/theelora.com\/?post_type=product&#038;p=16162"},"modified":"2023-11-09T12:00:51","modified_gmt":"2023-11-09T12:00:51","slug":"2023-new-italian-luxury-sofa-set-living-room-furniture-upholstery-split","status":"publish","type":"product","link":"https:\/\/theelora.com\/es\/producto\/2023-new-italian-luxury-sofa-set-living-room-furniture-upholstery-split\/","title":{"rendered":"Sof\u00e1 partido tapizado italiano"},"content":{"rendered":"<p>Nuestra nueva colecci\u00f3n, fabricada exclusivamente en Italia, es una lujosa propuesta para el dise\u00f1o de interiores que se caracteriza por sus l\u00edneas limpias, proporciones perfectas y un enfoque en materiales innovadores y artesan\u00eda especializada. Estos elementos pueden apreciarse en cada pieza de la colecci\u00f3n. Muchos de nuestros clientes, incluidos nosotros mismos como entusiastas del dise\u00f1o y la arquitectura, expresan a menudo su deseo de tener un espacio verde en su entorno vital. Por ello, hemos incluido en esta colecci\u00f3n una serie de art\u00edculos que pueden ayudar a aportar un toque de naturaleza al hogar.<\/p>","protected":false},"excerpt":{"rendered":"<p>La nueva colecci\u00f3n es una propuesta de interiorismo de lujo que se caracteriza por sus l\u00edneas limpias, proporciones perfectas, materiales innovadores y artesan\u00eda especializada. Se fabrica exclusivamente en Italia e incluye art\u00edculos que pueden aportar un toque de naturaleza al hogar.<\/p>\n<p>C\u00f3digo del producto: A-055<\/p>\n<p>OEM: Disponible<\/p>\n<p>Muestra: Disponible<\/p>\n<p>Puerto: Foshan, Guangzhou, Shenzhen<\/p>\n<p>Lugar de origen: China<\/p>\n<p>Env\u00edos: Support Express - Flete mar\u00edtimo - Flete terrestre - Flete a\u00e9reo<\/p>\n<p>Capacidad de suministro\uff1a1000 piezas al mes<\/p>","protected":false},"featured_media":16552,"comment_status":"open","ping_status":"closed","template":"","meta":[],"product_brand":[],"product_cat":[75],"product_tag":[],"class_list":{"0":"post-16162","1":"product","2":"type-product","3":"status-publish","4":"has-post-thumbnail","6":"product_cat-sofa","8":"first","9":"instock","10":"shipping-taxable","11":"purchasable","12":"product-type-simple"},"_links":{"self":[{"href":"https:\/\/theelora.com\/es\/wp-json\/wp\/v2\/product\/16162","targetHints":{"allow":["GET"]}}],"collection":[{"href":"https:\/\/theelora.com\/es\/wp-json\/wp\/v2\/product"}],"about":[{"href":"https:\/\/theelora.com\/es\/wp-json\/wp\/v2\/types\/product"}],"replies":[{"embeddable":true,"href":"https:\/\/theelora.com\/es\/wp-json\/wp\/v2\/comments?post=16162"}],"version-history":[{"count":0,"href":"https:\/\/theelora.com\/es\/wp-json\/wp\/v2\/product\/16162\/revisions"}],"wp:featuredmedia":[{"embeddable":true,"href":"https:\/\/theelora.com\/es\/wp-json\/wp\/v2\/media\/16552"}],"wp:attachment":[{"href":"https:\/\/theelora.com\/es\/wp-json\/wp\/v2\/media?parent=16162"}],"wp:term":[{"taxonomy":"product_brand","embeddable":true,"href":"https:\/\/theelora.com\/es\/wp-json\/wp\/v2\/product_brand?post=16162"},{"taxonomy":"product_cat","embeddable":true,"href":"https:\/\/theelora.com\/es\/wp-json\/wp\/v2\/product_cat?post=16162"},{"taxonomy":"product_tag","embeddable":true,"href":"https:\/\/theelora.com\/es\/wp-json\/wp\/v2\/product_tag?post=16162"}],"curies":[{"name":"wp","href":"https:\/\/api.w.org\/{rel}","templated":true}]}}