{"id":16182,"date":"2023-11-08T09:13:47","date_gmt":"2023-11-08T09:13:47","guid":{"rendered":"https:\/\/theelora.com\/?post_type=product&#038;p=16182"},"modified":"2023-11-15T09:16:26","modified_gmt":"2023-11-15T09:16:26","slug":"modern-italian-minimalist-design-fabric-chesterfield-sofa","status":"publish","type":"product","link":"https:\/\/theelora.com\/es\/producto\/modern-italian-minimalist-design-fabric-chesterfield-sofa\/","title":{"rendered":"Sof\u00e1 Chesterfield de tela de dise\u00f1o minimalista italiano moderno"},"content":{"rendered":"<p>El sof\u00e1 lineal es una interpretaci\u00f3n moderna de un dise\u00f1o cl\u00e1sico ingl\u00e9s, realzado por su tapizado empenachado que cubre todo el respaldo y los reposabrazos. El sof\u00e1 cuenta con un armaz\u00f3n de madera maciza de haya y \u00e1lamo con inserciones de madera contrachapada, y correas el\u00e1sticas indeformables proporcionan soporte el\u00e1stico. El armaz\u00f3n est\u00e1 acolchado con espuma de poliuretano de alta densidad de varias densidades, y la capa superior tiene un alto componente el\u00e1stico para mayor comodidad. Los pies met\u00e1licos del sof\u00e1 est\u00e1n integrados en el per\u00edmetro de la pieza, soportando los reposabrazos y envolviendo el asiento, dando al sof\u00e1 una sensaci\u00f3n de ligereza y liviandad. Este sof\u00e1 \u00fanico y con estilo ser\u00e1 sin duda una pieza destacada en cualquier sal\u00f3n.<\/p>","protected":false},"excerpt":{"rendered":"<p>El sof\u00e1 lineal es una versi\u00f3n moderna de un dise\u00f1o cl\u00e1sico ingl\u00e9s con tapicer\u00eda empenachada y armaz\u00f3n de madera maciza con correas el\u00e1sticas para sujetar los muelles. Est\u00e1 acolchado con espuma de poliuretano de alta densidad y tiene patas met\u00e1licas integradas en el per\u00edmetro que sujetan los reposabrazos y dan al sof\u00e1 sensaci\u00f3n de ligereza.<\/p>\n<p>C\u00f3digo del producto: Z-040<\/p>\n<p>OEM: Disponible<\/p>\n<p>Muestra: Disponible<\/p>\n<p>Puerto: Foshan, Guangzhou, Shenzhen<\/p>\n<p>Lugar de origen: China<\/p>\n<p>Env\u00edos: Support Express - Flete mar\u00edtimo - Flete terrestre - Flete a\u00e9reo<\/p>\n<p>Capacidad de suministro\uff1a1000 piezas al mes<\/p>","protected":false},"featured_media":16559,"comment_status":"open","ping_status":"closed","template":"","meta":[],"product_brand":[],"product_cat":[75],"product_tag":[],"class_list":{"0":"post-16182","1":"product","2":"type-product","3":"status-publish","4":"has-post-thumbnail","6":"product_cat-sofa","8":"first","9":"instock","10":"shipping-taxable","11":"purchasable","12":"product-type-simple"},"_links":{"self":[{"href":"https:\/\/theelora.com\/es\/wp-json\/wp\/v2\/product\/16182","targetHints":{"allow":["GET"]}}],"collection":[{"href":"https:\/\/theelora.com\/es\/wp-json\/wp\/v2\/product"}],"about":[{"href":"https:\/\/theelora.com\/es\/wp-json\/wp\/v2\/types\/product"}],"replies":[{"embeddable":true,"href":"https:\/\/theelora.com\/es\/wp-json\/wp\/v2\/comments?post=16182"}],"version-history":[{"count":0,"href":"https:\/\/theelora.com\/es\/wp-json\/wp\/v2\/product\/16182\/revisions"}],"wp:featuredmedia":[{"embeddable":true,"href":"https:\/\/theelora.com\/es\/wp-json\/wp\/v2\/media\/16559"}],"wp:attachment":[{"href":"https:\/\/theelora.com\/es\/wp-json\/wp\/v2\/media?parent=16182"}],"wp:term":[{"taxonomy":"product_brand","embeddable":true,"href":"https:\/\/theelora.com\/es\/wp-json\/wp\/v2\/product_brand?post=16182"},{"taxonomy":"product_cat","embeddable":true,"href":"https:\/\/theelora.com\/es\/wp-json\/wp\/v2\/product_cat?post=16182"},{"taxonomy":"product_tag","embeddable":true,"href":"https:\/\/theelora.com\/es\/wp-json\/wp\/v2\/product_tag?post=16182"}],"curies":[{"name":"wp","href":"https:\/\/api.w.org\/{rel}","templated":true}]}}