{"id":16195,"date":"2023-11-08T09:36:54","date_gmt":"2023-11-08T09:36:54","guid":{"rendered":"https:\/\/theelora.com\/?post_type=product&#038;p=16195"},"modified":"2023-11-09T12:13:23","modified_gmt":"2023-11-09T12:13:23","slug":"genuine-leather-luxury-fold-sofa-bed","status":"publish","type":"product","link":"https:\/\/theelora.com\/es\/producto\/genuine-leather-luxury-fold-sofa-bed\/","title":{"rendered":"Sof\u00e1 cama plegable de lujo en piel aut\u00e9ntica"},"content":{"rendered":"<p>La chaise longue de la colecci\u00f3n Vogue es un mueble sofisticado y con estilo que se caracteriza por sus detalles elegantes y refinados. La chaise longue est\u00e1 fabricada con una base \u00fanica que le confiere un aspecto distintivo y es un elemento clave del dise\u00f1o de toda la colecci\u00f3n Vogue. La chaise longue puede tapizarse en piel o tela, y presenta bordados hexagonales en la estructura exterior. Los candados de metal dorado y las cremalleras decorativas se aplican a la chaise longue para a\u00f1adir un toque de glamour y elegancia. La chaise longue Vogue est\u00e1 disponible en varios acabados, para que pueda elegir el que mejor se adapte a su estilo y decoraci\u00f3n. Esta lujosa y c\u00f3moda pieza se convertir\u00e1 sin duda en el lugar favorito de cualquier sal\u00f3n.<\/p>","protected":false},"excerpt":{"rendered":"<p>La chaise longue Vogue es un mueble sofisticado que se caracteriza por sus detalles elegantes y refinados, como una base \u00fanica y bordados hexagonales en la estructura exterior. Puede tapizarse en piel o tela y cuenta con candados de metal dorado y cremalleras decorativas para a\u00f1adir glamour. Est\u00e1 disponible en varios acabados.<\/p>\n<p>C\u00f3digo del producto: TR-SF-02-VOGUE<\/p>\n<p>OEM: Disponible<\/p>\n<p>Muestra: Disponible<\/p>\n<p>Puerto: Foshan, Guangzhou, Shenzhen<\/p>\n<p>Lugar de origen: China<\/p>\n<p>Env\u00edos: Support Express - Flete mar\u00edtimo - Flete terrestre - Flete a\u00e9reo<\/p>\n<p>Capacidad de suministro\uff1a1000 piezas al mes<\/p>","protected":false},"featured_media":16565,"comment_status":"open","ping_status":"closed","template":"","meta":[],"product_brand":[],"product_cat":[75],"product_tag":[],"class_list":{"0":"post-16195","1":"product","2":"type-product","3":"status-publish","4":"has-post-thumbnail","6":"product_cat-sofa","8":"first","9":"instock","10":"shipping-taxable","11":"purchasable","12":"product-type-simple"},"_links":{"self":[{"href":"https:\/\/theelora.com\/es\/wp-json\/wp\/v2\/product\/16195","targetHints":{"allow":["GET"]}}],"collection":[{"href":"https:\/\/theelora.com\/es\/wp-json\/wp\/v2\/product"}],"about":[{"href":"https:\/\/theelora.com\/es\/wp-json\/wp\/v2\/types\/product"}],"replies":[{"embeddable":true,"href":"https:\/\/theelora.com\/es\/wp-json\/wp\/v2\/comments?post=16195"}],"version-history":[{"count":0,"href":"https:\/\/theelora.com\/es\/wp-json\/wp\/v2\/product\/16195\/revisions"}],"wp:featuredmedia":[{"embeddable":true,"href":"https:\/\/theelora.com\/es\/wp-json\/wp\/v2\/media\/16565"}],"wp:attachment":[{"href":"https:\/\/theelora.com\/es\/wp-json\/wp\/v2\/media?parent=16195"}],"wp:term":[{"taxonomy":"product_brand","embeddable":true,"href":"https:\/\/theelora.com\/es\/wp-json\/wp\/v2\/product_brand?post=16195"},{"taxonomy":"product_cat","embeddable":true,"href":"https:\/\/theelora.com\/es\/wp-json\/wp\/v2\/product_cat?post=16195"},{"taxonomy":"product_tag","embeddable":true,"href":"https:\/\/theelora.com\/es\/wp-json\/wp\/v2\/product_tag?post=16195"}],"curies":[{"name":"wp","href":"https:\/\/api.w.org\/{rel}","templated":true}]}}