{"id":16206,"date":"2023-11-08T09:49:27","date_gmt":"2023-11-08T09:49:27","guid":{"rendered":"https:\/\/theelora.com\/?post_type=product&#038;p=16206"},"modified":"2023-11-09T12:18:05","modified_gmt":"2023-11-09T12:18:05","slug":"italian-modern-leather-living-room-sectional-sofa-white-armrest-fabric","status":"publish","type":"product","link":"https:\/\/theelora.com\/es\/producto\/italian-modern-leather-living-room-sectional-sofa-white-armrest-fabric\/","title":{"rendered":"Sof\u00e1 seccional de piel italiana"},"content":{"rendered":"<p>El amplio armaz\u00f3n de esta silla est\u00e1 tapizado en tela, piel o chapado de liquidambar ahumado o ra\u00edz de zarza de nogal, y rodea un c\u00f3modo asiento. El dise\u00f1o de los reposabrazos se extiende hacia el exterior del armaz\u00f3n, creando un aspecto aerodin\u00e1mico y moderno a la vez que mantiene una atm\u00f3sfera acogedora y relajante. En conjunto, la silla es a la vez elegante y c\u00f3moda, lo que la convierte en un complemento perfecto para cualquier espacio.<\/p>","protected":false},"excerpt":{"rendered":"<p>Esta silla tiene un amplio armaz\u00f3n tapizado en tela o piel, con reposabrazos que se extienden hacia fuera. Es a la vez moderna y c\u00f3moda, con un ambiente acogedor.<\/p>\n<p>C\u00f3digo del producto: A1820<\/p>\n<p>OEM: Disponible<\/p>\n<p>Muestra: Disponible<\/p>\n<p>Puerto: Foshan, Guangzhou, Shenzhen<\/p>\n<p>Lugar de origen: China<\/p>\n<p>Env\u00edos: Support Express - Flete mar\u00edtimo - Flete terrestre - Flete a\u00e9reo<\/p>\n<p>Capacidad de suministro\uff1a1000 piezas al mes<\/p>","protected":false},"featured_media":16572,"comment_status":"open","ping_status":"closed","template":"","meta":[],"product_brand":[],"product_cat":[75],"product_tag":[],"class_list":{"0":"post-16206","1":"product","2":"type-product","3":"status-publish","4":"has-post-thumbnail","6":"product_cat-sofa","8":"first","9":"instock","10":"shipping-taxable","11":"purchasable","12":"product-type-simple"},"_links":{"self":[{"href":"https:\/\/theelora.com\/es\/wp-json\/wp\/v2\/product\/16206","targetHints":{"allow":["GET"]}}],"collection":[{"href":"https:\/\/theelora.com\/es\/wp-json\/wp\/v2\/product"}],"about":[{"href":"https:\/\/theelora.com\/es\/wp-json\/wp\/v2\/types\/product"}],"replies":[{"embeddable":true,"href":"https:\/\/theelora.com\/es\/wp-json\/wp\/v2\/comments?post=16206"}],"version-history":[{"count":0,"href":"https:\/\/theelora.com\/es\/wp-json\/wp\/v2\/product\/16206\/revisions"}],"wp:featuredmedia":[{"embeddable":true,"href":"https:\/\/theelora.com\/es\/wp-json\/wp\/v2\/media\/16572"}],"wp:attachment":[{"href":"https:\/\/theelora.com\/es\/wp-json\/wp\/v2\/media?parent=16206"}],"wp:term":[{"taxonomy":"product_brand","embeddable":true,"href":"https:\/\/theelora.com\/es\/wp-json\/wp\/v2\/product_brand?post=16206"},{"taxonomy":"product_cat","embeddable":true,"href":"https:\/\/theelora.com\/es\/wp-json\/wp\/v2\/product_cat?post=16206"},{"taxonomy":"product_tag","embeddable":true,"href":"https:\/\/theelora.com\/es\/wp-json\/wp\/v2\/product_tag?post=16206"}],"curies":[{"name":"wp","href":"https:\/\/api.w.org\/{rel}","templated":true}]}}