{"id":16207,"date":"2023-11-08T09:49:11","date_gmt":"2023-11-08T09:49:11","guid":{"rendered":"https:\/\/theelora.com\/?post_type=product&#038;p=16207"},"modified":"2023-11-09T12:15:47","modified_gmt":"2023-11-09T12:15:47","slug":"modern-u-shape-sofa-set","status":"publish","type":"product","link":"https:\/\/theelora.com\/es\/producto\/modern-u-shape-sofa-set\/","title":{"rendered":"Sof\u00e1 moderno en forma de U"},"content":{"rendered":"<p>El sof\u00e1 BATTONIX es un s\u00edmbolo de elegancia y sofisticaci\u00f3n que no ha perdido su intrincado encanto. Su espacioso dise\u00f1o presenta una mayor profundidad para un asiento m\u00e1s amplio y una relajaci\u00f3n completa desde el muslo hacia abajo para un m\u00e1ximo confort. Este sof\u00e1 est\u00e1 fabricado con materiales de alta calidad, como tela de primera seleccionada a mano para un acabado lujoso y madera de pino asi\u00e1tico para un uso duradero. La combinaci\u00f3n de cuero, ante y espuma de alta densidad (densidad 40) proporciona una experiencia c\u00f3moda y lujosa al usuario.<\/p>","protected":false},"excerpt":{"rendered":"<p>Sof\u00e1 chesterfield moderno de cuero gris-Explore nuestra elegante colecci\u00f3n gris, que incluye chesterfields de cuero gris y chesterfields de terciopelo gris, as\u00ed como otros tejidos, en una gran variedad de combinaciones.<\/p>\n<p>C\u00f3digo del producto:Z-029<\/p>\n<p>OEM: Disponible<\/p>\n<p>Muestra: Disponible<\/p>\n<p>Puerto: Foshan, Guangzhou, Shenzhen<\/p>\n<p>Lugar de origen: China<\/p>\n<p>Env\u00edos: Support Express - Flete mar\u00edtimo - Flete terrestre - Flete a\u00e9reo<\/p>\n<p>Capacidad de suministro\uff1a1000 piezas al mes<\/p>","protected":false},"featured_media":16569,"comment_status":"open","ping_status":"closed","template":"","meta":[],"product_brand":[],"product_cat":[75],"product_tag":[],"class_list":{"0":"post-16207","1":"product","2":"type-product","3":"status-publish","4":"has-post-thumbnail","6":"product_cat-sofa","8":"first","9":"instock","10":"shipping-taxable","11":"purchasable","12":"product-type-simple"},"_links":{"self":[{"href":"https:\/\/theelora.com\/es\/wp-json\/wp\/v2\/product\/16207","targetHints":{"allow":["GET"]}}],"collection":[{"href":"https:\/\/theelora.com\/es\/wp-json\/wp\/v2\/product"}],"about":[{"href":"https:\/\/theelora.com\/es\/wp-json\/wp\/v2\/types\/product"}],"replies":[{"embeddable":true,"href":"https:\/\/theelora.com\/es\/wp-json\/wp\/v2\/comments?post=16207"}],"version-history":[{"count":0,"href":"https:\/\/theelora.com\/es\/wp-json\/wp\/v2\/product\/16207\/revisions"}],"wp:featuredmedia":[{"embeddable":true,"href":"https:\/\/theelora.com\/es\/wp-json\/wp\/v2\/media\/16569"}],"wp:attachment":[{"href":"https:\/\/theelora.com\/es\/wp-json\/wp\/v2\/media?parent=16207"}],"wp:term":[{"taxonomy":"product_brand","embeddable":true,"href":"https:\/\/theelora.com\/es\/wp-json\/wp\/v2\/product_brand?post=16207"},{"taxonomy":"product_cat","embeddable":true,"href":"https:\/\/theelora.com\/es\/wp-json\/wp\/v2\/product_cat?post=16207"},{"taxonomy":"product_tag","embeddable":true,"href":"https:\/\/theelora.com\/es\/wp-json\/wp\/v2\/product_tag?post=16207"}],"curies":[{"name":"wp","href":"https:\/\/api.w.org\/{rel}","templated":true}]}}