{"id":16237,"date":"2023-11-08T10:30:25","date_gmt":"2023-11-08T10:30:25","guid":{"rendered":"https:\/\/theelora.com\/?post_type=product&#038;p=16237"},"modified":"2023-11-09T12:28:40","modified_gmt":"2023-11-09T12:28:40","slug":"high-quality-retro-top-brand-nubuck-leather-new-model-sofa","status":"publish","type":"product","link":"https:\/\/theelora.com\/es\/producto\/high-quality-retro-top-brand-nubuck-leather-new-model-sofa\/","title":{"rendered":"Sof\u00e1 retro de piel nobuk"},"content":{"rendered":"<p>El sof\u00e1 est\u00e1 tapizado en piel o tela, que no es desenfundable. La estructura es una combinaci\u00f3n de madera maciza y madera contrachapada, y el asiento se apoya en un sistema de muelles el\u00e1sticos para mayor comodidad. El relleno del asiento est\u00e1 hecho de una mezcla de poliuretano con densidades variables, Memory Foam y plumas, mientras que el respaldo interior presenta un dise\u00f1o capitonn\u00e9. El sof\u00e1 se adorna adem\u00e1s con bandas decorativas de cuero y un logotipo de lat\u00f3n. El z\u00f3calo tiene una forma \u00fanica y es de aluminio satinado, y los componentes met\u00e1licos pueden acabarse con una selecci\u00f3n de lacas met\u00e1licas satinadas. Este sof\u00e1 es una opci\u00f3n de asiento elegante y c\u00f3moda que a\u00f1adir\u00e1 un toque de sofisticaci\u00f3n a cualquier habitaci\u00f3n.<\/p>","protected":false},"excerpt":{"rendered":"<p>El sof\u00e1 est\u00e1 tapizado en piel o tela y tiene una estructura de madera maciza y contrachapado con un sistema de muelles el\u00e1sticos para el asiento.<\/p>\n<p>C\u00f3digo del producto: BL805<\/p>\n<p>OEM: Disponible<\/p>\n<p>Muestra: Disponible<\/p>\n<p>Puerto: Foshan, Guangzhou, Shenzhen<\/p>\n<p>Lugar de origen: China<\/p>\n<p>Env\u00edos: Support Express - Flete mar\u00edtimo - Flete terrestre - Flete a\u00e9reo<\/p>\n<p>Capacidad de suministro\uff1a1000 piezas al mes<\/p>","protected":false},"featured_media":16586,"comment_status":"open","ping_status":"closed","template":"","meta":[],"product_brand":[],"product_cat":[75],"product_tag":[],"class_list":{"0":"post-16237","1":"product","2":"type-product","3":"status-publish","4":"has-post-thumbnail","6":"product_cat-sofa","8":"first","9":"instock","10":"shipping-taxable","11":"purchasable","12":"product-type-simple"},"_links":{"self":[{"href":"https:\/\/theelora.com\/es\/wp-json\/wp\/v2\/product\/16237","targetHints":{"allow":["GET"]}}],"collection":[{"href":"https:\/\/theelora.com\/es\/wp-json\/wp\/v2\/product"}],"about":[{"href":"https:\/\/theelora.com\/es\/wp-json\/wp\/v2\/types\/product"}],"replies":[{"embeddable":true,"href":"https:\/\/theelora.com\/es\/wp-json\/wp\/v2\/comments?post=16237"}],"version-history":[{"count":0,"href":"https:\/\/theelora.com\/es\/wp-json\/wp\/v2\/product\/16237\/revisions"}],"wp:featuredmedia":[{"embeddable":true,"href":"https:\/\/theelora.com\/es\/wp-json\/wp\/v2\/media\/16586"}],"wp:attachment":[{"href":"https:\/\/theelora.com\/es\/wp-json\/wp\/v2\/media?parent=16237"}],"wp:term":[{"taxonomy":"product_brand","embeddable":true,"href":"https:\/\/theelora.com\/es\/wp-json\/wp\/v2\/product_brand?post=16237"},{"taxonomy":"product_cat","embeddable":true,"href":"https:\/\/theelora.com\/es\/wp-json\/wp\/v2\/product_cat?post=16237"},{"taxonomy":"product_tag","embeddable":true,"href":"https:\/\/theelora.com\/es\/wp-json\/wp\/v2\/product_tag?post=16237"}],"curies":[{"name":"wp","href":"https:\/\/api.w.org\/{rel}","templated":true}]}}