{"id":16239,"date":"2023-11-08T10:30:05","date_gmt":"2023-11-08T10:30:05","guid":{"rendered":"https:\/\/theelora.com\/?post_type=product&#038;p=16239"},"modified":"2023-11-09T12:26:56","modified_gmt":"2023-11-09T12:26:56","slug":"synthetic-leather-sectional-sofa-set","status":"publish","type":"product","link":"https:\/\/theelora.com\/es\/producto\/synthetic-leather-sectional-sofa-set\/","title":{"rendered":"Sof\u00e1 seccional de piel sint\u00e9tica"},"content":{"rendered":"<p>El roble ahumado es un tipo de madera cl\u00e1sico que ofrece Mehling &amp; Wiesmann. La empresa dispone de un amplio stock de roble ahumado de primera calidad, conocido por su exclusivo color superficial entre marr\u00f3n chocolate y casi negro. Esta madera vers\u00e1til es adecuada para una amplia gama de proyectos, como la fabricaci\u00f3n de muebles y el equipamiento interior de alta calidad. Los distintos niveles de \u00e1cido t\u00e1nico de la madera crean encantadores efectos de luces y sombras y, si el duramen no est\u00e1 completamente formado, pueden aparecer zonas brillantes de albura tras el proceso de ahumado. Estas zonas son caracter\u00edsticas del roble europeo y confieren al roble ahumado una p\u00e1tina natural \u00fanica. El fabricante italiano de muebles Poliform se ha inspirado en el roble ahumado recto de la regi\u00f3n de Spessart y ofrece desde hace varios a\u00f1os una l\u00ednea denominada \"rovere Spessarto\". Esta madera ha demostrado ser una elecci\u00f3n popular entre los clientes.<\/p>","protected":false},"excerpt":{"rendered":"<p>Con un color de superficie \u00fanico y adecuado para diversos proyectos, tiene encantadores efectos de luces y sombras y puede presentar zonas visibles de albura brillante, que le confieren una p\u00e1tina natural.<\/p>\n<p>C\u00f3digo del producto: AL952<\/p>\n<p>OEM: Disponible<\/p>\n<p>Muestra: Disponible<\/p>\n<p>Puerto: Foshan, Guangzhou, Shenzhen<\/p>\n<p>Lugar de origen: China<\/p>\n<p>Env\u00edos: Support Express - Flete mar\u00edtimo - Flete terrestre - Flete a\u00e9reo<\/p>\n<p>Capacidad de suministro\uff1a1000 piezas al mes<\/p>","protected":false},"featured_media":16584,"comment_status":"open","ping_status":"closed","template":"","meta":[],"product_brand":[],"product_cat":[75],"product_tag":[],"class_list":{"0":"post-16239","1":"product","2":"type-product","3":"status-publish","4":"has-post-thumbnail","6":"product_cat-sofa","8":"first","9":"instock","10":"shipping-taxable","11":"purchasable","12":"product-type-simple"},"_links":{"self":[{"href":"https:\/\/theelora.com\/es\/wp-json\/wp\/v2\/product\/16239","targetHints":{"allow":["GET"]}}],"collection":[{"href":"https:\/\/theelora.com\/es\/wp-json\/wp\/v2\/product"}],"about":[{"href":"https:\/\/theelora.com\/es\/wp-json\/wp\/v2\/types\/product"}],"replies":[{"embeddable":true,"href":"https:\/\/theelora.com\/es\/wp-json\/wp\/v2\/comments?post=16239"}],"version-history":[{"count":0,"href":"https:\/\/theelora.com\/es\/wp-json\/wp\/v2\/product\/16239\/revisions"}],"wp:featuredmedia":[{"embeddable":true,"href":"https:\/\/theelora.com\/es\/wp-json\/wp\/v2\/media\/16584"}],"wp:attachment":[{"href":"https:\/\/theelora.com\/es\/wp-json\/wp\/v2\/media?parent=16239"}],"wp:term":[{"taxonomy":"product_brand","embeddable":true,"href":"https:\/\/theelora.com\/es\/wp-json\/wp\/v2\/product_brand?post=16239"},{"taxonomy":"product_cat","embeddable":true,"href":"https:\/\/theelora.com\/es\/wp-json\/wp\/v2\/product_cat?post=16239"},{"taxonomy":"product_tag","embeddable":true,"href":"https:\/\/theelora.com\/es\/wp-json\/wp\/v2\/product_tag?post=16239"}],"curies":[{"name":"wp","href":"https:\/\/api.w.org\/{rel}","templated":true}]}}