{"id":16287,"date":"2023-11-08T11:29:55","date_gmt":"2023-11-08T11:29:55","guid":{"rendered":"https:\/\/theelora.com\/?post_type=product&#038;p=16287"},"modified":"2023-11-09T12:42:25","modified_gmt":"2023-11-09T12:42:25","slug":"royal-solid-wood-marble-top-coffee-table","status":"publish","type":"product","link":"https:\/\/theelora.com\/es\/producto\/royal-solid-wood-marble-top-coffee-table\/","title":{"rendered":"Mesa de centro Royal con tapa de m\u00e1rmol y madera maciza"},"content":{"rendered":"<p><strong>Detalles del producto<\/strong><\/p>\n<p>Categor\u00eda: Mesa de centro<\/p>\n<p>Color: Como imagen o personalizado<\/p>\n<p>MOQ: 1 pieza<\/p>\n<p>Modelo : BOCA-CT-03-LAPIAZ<\/p>\n<p>Estilo de dise\u00f1o: Lujo ligero italiano moderno<\/p>\n<p>Volumen estimado del art\u00edculo (m3) : 0,4<\/p>\n<p>Peso estimado del art\u00edculo (KGS) : 85<\/p>\n<p>Plazo de entrega (d\u00edas): A negociar<\/p>\n<p><strong>\u00a0<\/strong><\/p>\n<p><strong>Material destacado<\/strong><strong>:<\/strong><\/p>\n<ul>\n<li class=\"p\"><strong>\u00a0Acero inoxidable 304 + pintura<\/strong><\/li>\n<\/ul>\n<p>&nbsp;<\/p>\n<p><strong>Informaci\u00f3n sobre el tama\u00f1o:<\/strong><\/p>\n<p>Tama\u00f1os personalizados disponibles<\/p>\n<p>Informaci\u00f3n sobre el tama\u00f1o normal: 1200W*700D*420H<\/p>\n<p><strong>\u00a0<\/strong><\/p>\n<p><strong>Paquete\u00a0<\/strong><strong>Detalles<\/strong><strong>:<\/strong><\/p>\n<p>1.Export est\u00e1ndar 5-capas cartones de papel duro + embalaje de madera<\/p>\n<p>2.Protecci\u00f3n interior de espuma y EPE<\/p>\n<p>3.Protecci\u00f3n de papel duro en cada esquina<\/p>\n<p><strong>\u00a0<\/strong><\/p>\n<p><strong>El precio puede variar seg\u00fan el material y la cantidad que pida, p\u00f3ngase en contacto con nosotros para obtener informaci\u00f3n sobre precios.<\/strong><\/p>","protected":false},"excerpt":{"rendered":"<p class=\"product-des\">Los grandes imperios tardan siglos en construirse, y los que se levantan tras su ca\u00edda encuentran la verdadera fuerza.El tablero de la mesa de comedor Empire es de caoba recubierta de fina chapa y tiene detalles de lat\u00f3n muy pulido para rellenar las grietas. Las patas tambi\u00e9n son de caoba, tienen el mismo acabado y presentan asientos de lat\u00f3n pulido.<\/p>\n<p>C\u00f3digo del producto: BOCA-CT-03-LAPIAZ<\/p>\n<p>OEM: Disponible<\/p>\n<p>Muestra: Disponible<\/p>\n<p>Puerto: Foshan, Guangzhou, Shenzhen<\/p>\n<p>Lugar de origen: China<\/p>\n<p>Env\u00edos: Support Express - Flete mar\u00edtimo - Flete terrestre - Flete a\u00e9reo<\/p>\n<p>Capacidad de suministro\uff1a1000 piezas al mes<\/p>","protected":false},"featured_media":16602,"comment_status":"open","ping_status":"closed","template":"","meta":[],"product_brand":[],"product_cat":[76],"product_tag":[],"class_list":{"0":"post-16287","1":"product","2":"type-product","3":"status-publish","4":"has-post-thumbnail","6":"product_cat-coffee-table","8":"first","9":"instock","10":"shipping-taxable","11":"purchasable","12":"product-type-simple"},"_links":{"self":[{"href":"https:\/\/theelora.com\/es\/wp-json\/wp\/v2\/product\/16287","targetHints":{"allow":["GET"]}}],"collection":[{"href":"https:\/\/theelora.com\/es\/wp-json\/wp\/v2\/product"}],"about":[{"href":"https:\/\/theelora.com\/es\/wp-json\/wp\/v2\/types\/product"}],"replies":[{"embeddable":true,"href":"https:\/\/theelora.com\/es\/wp-json\/wp\/v2\/comments?post=16287"}],"version-history":[{"count":0,"href":"https:\/\/theelora.com\/es\/wp-json\/wp\/v2\/product\/16287\/revisions"}],"wp:featuredmedia":[{"embeddable":true,"href":"https:\/\/theelora.com\/es\/wp-json\/wp\/v2\/media\/16602"}],"wp:attachment":[{"href":"https:\/\/theelora.com\/es\/wp-json\/wp\/v2\/media?parent=16287"}],"wp:term":[{"taxonomy":"product_brand","embeddable":true,"href":"https:\/\/theelora.com\/es\/wp-json\/wp\/v2\/product_brand?post=16287"},{"taxonomy":"product_cat","embeddable":true,"href":"https:\/\/theelora.com\/es\/wp-json\/wp\/v2\/product_cat?post=16287"},{"taxonomy":"product_tag","embeddable":true,"href":"https:\/\/theelora.com\/es\/wp-json\/wp\/v2\/product_tag?post=16287"}],"curies":[{"name":"wp","href":"https:\/\/api.w.org\/{rel}","templated":true}]}}