{"id":16305,"date":"2023-11-08T11:51:17","date_gmt":"2023-11-08T11:51:17","guid":{"rendered":"https:\/\/theelora.com\/?post_type=product&#038;p=16305"},"modified":"2023-11-09T12:51:06","modified_gmt":"2023-11-09T12:51:06","slug":"wooden-square-coffee-table","status":"publish","type":"product","link":"https:\/\/theelora.com\/es\/producto\/wooden-square-coffee-table\/","title":{"rendered":"Mesa de centro cuadrada de madera"},"content":{"rendered":"<p>La base de la mesa es de metal y presenta un acabado cepillado disponible en varios colores de la colecci\u00f3n. El tablero de la mesa puede ser de roble en acabado weng\u00e9 brillante, o de m\u00e1rmol en la categor\u00eda A de la colecci\u00f3n. Ambas opciones proporcionan una superficie duradera y elegante para la mesa, convirti\u00e9ndola en un complemento pr\u00e1ctico y atractivo para cualquier hogar.<\/p>","protected":false},"excerpt":{"rendered":"<p>La base de la mesa es de metal con acabado cepillado, y el tablero est\u00e1 disponible en roble con acabado weng\u00e9 brillante o m\u00e1rmol de la categor\u00eda A de la colecci\u00f3n.<\/p>\n<p>C\u00f3digo del producto: RC-CT-01-B-52<\/p>\n<p>OEM: Disponible<\/p>\n<p>Muestra: Disponible<\/p>\n<p>Puerto: Foshan, Guangzhou, Shenzhen<\/p>\n<p>Lugar de origen: China<\/p>\n<p>Env\u00edos: Support Express - Flete mar\u00edtimo - Flete terrestre - Flete a\u00e9reo<\/p>\n<p>Capacidad de suministro\uff1a1000 piezas al mes<\/p>","protected":false},"featured_media":16612,"comment_status":"open","ping_status":"closed","template":"","meta":[],"product_brand":[],"product_cat":[76],"product_tag":[],"class_list":{"0":"post-16305","1":"product","2":"type-product","3":"status-publish","4":"has-post-thumbnail","6":"product_cat-coffee-table","8":"first","9":"instock","10":"shipping-taxable","11":"purchasable","12":"product-type-simple"},"_links":{"self":[{"href":"https:\/\/theelora.com\/es\/wp-json\/wp\/v2\/product\/16305","targetHints":{"allow":["GET"]}}],"collection":[{"href":"https:\/\/theelora.com\/es\/wp-json\/wp\/v2\/product"}],"about":[{"href":"https:\/\/theelora.com\/es\/wp-json\/wp\/v2\/types\/product"}],"replies":[{"embeddable":true,"href":"https:\/\/theelora.com\/es\/wp-json\/wp\/v2\/comments?post=16305"}],"version-history":[{"count":0,"href":"https:\/\/theelora.com\/es\/wp-json\/wp\/v2\/product\/16305\/revisions"}],"wp:featuredmedia":[{"embeddable":true,"href":"https:\/\/theelora.com\/es\/wp-json\/wp\/v2\/media\/16612"}],"wp:attachment":[{"href":"https:\/\/theelora.com\/es\/wp-json\/wp\/v2\/media?parent=16305"}],"wp:term":[{"taxonomy":"product_brand","embeddable":true,"href":"https:\/\/theelora.com\/es\/wp-json\/wp\/v2\/product_brand?post=16305"},{"taxonomy":"product_cat","embeddable":true,"href":"https:\/\/theelora.com\/es\/wp-json\/wp\/v2\/product_cat?post=16305"},{"taxonomy":"product_tag","embeddable":true,"href":"https:\/\/theelora.com\/es\/wp-json\/wp\/v2\/product_tag?post=16305"}],"curies":[{"name":"wp","href":"https:\/\/api.w.org\/{rel}","templated":true}]}}