{"id":16619,"date":"2023-11-10T04:44:37","date_gmt":"2023-11-10T04:44:37","guid":{"rendered":"https:\/\/theelora.com\/?post_type=product&#038;p=16619"},"modified":"2023-11-10T04:45:11","modified_gmt":"2023-11-10T04:45:11","slug":"luxurious-marble-top-coffee-table","status":"publish","type":"product","link":"https:\/\/theelora.com\/es\/producto\/luxurious-marble-top-coffee-table\/","title":{"rendered":"Lujosa mesa de centro con tapa de m\u00e1rmol"},"content":{"rendered":"<p>La mesa es un mueble cil\u00edndrico que presenta una corona met\u00e1lica en su estructura central, con forma de alianza. El acabado met\u00e1lico de la estructura se complementa con un tapizado de piel o tela en el armaz\u00f3n, y el tablero de la mesa puede ser de m\u00e1rmol o de madera, seg\u00fan su gusto personal. Esta mesa \u00fanica y elegante es perfecta como mesa de servicio, y su combinaci\u00f3n de materiales y acabados la convierten en una pieza destacada que aportar\u00e1 un toque de sofisticaci\u00f3n a cualquier espacio.<\/p>","protected":false},"excerpt":{"rendered":"<p>La mesa es una pieza cil\u00edndrica con una corona met\u00e1lica en su estructura central y un tapizado de cuero o tela en el armaz\u00f3n. El tablero de la mesa puede ser de m\u00e1rmol o de madera. Se trata de una pieza elegante y \u00fanica, adecuada para su uso como mesa de servicio.<\/p>\n<p>C\u00f3digo del producto: CC-CT-02-COOKIE<\/p>\n<p>OEM: Disponible<\/p>\n<p>Muestra: Disponible<\/p>\n<p>Puerto: Foshan, Guangzhou, Shenzhen<\/p>\n<p>Lugar de origen: China<\/p>\n<p>Env\u00edos: Support Express - Flete mar\u00edtimo - Flete terrestre - Flete a\u00e9reo<\/p>\n<p>Capacidad de suministro\uff1a1000 piezas al mes<\/p>","protected":false},"featured_media":16631,"comment_status":"open","ping_status":"closed","template":"","meta":[],"product_brand":[],"product_cat":[76],"product_tag":[],"class_list":{"0":"post-16619","1":"product","2":"type-product","3":"status-publish","4":"has-post-thumbnail","6":"product_cat-coffee-table","8":"first","9":"instock","10":"shipping-taxable","11":"purchasable","12":"product-type-simple"},"_links":{"self":[{"href":"https:\/\/theelora.com\/es\/wp-json\/wp\/v2\/product\/16619","targetHints":{"allow":["GET"]}}],"collection":[{"href":"https:\/\/theelora.com\/es\/wp-json\/wp\/v2\/product"}],"about":[{"href":"https:\/\/theelora.com\/es\/wp-json\/wp\/v2\/types\/product"}],"replies":[{"embeddable":true,"href":"https:\/\/theelora.com\/es\/wp-json\/wp\/v2\/comments?post=16619"}],"version-history":[{"count":0,"href":"https:\/\/theelora.com\/es\/wp-json\/wp\/v2\/product\/16619\/revisions"}],"wp:featuredmedia":[{"embeddable":true,"href":"https:\/\/theelora.com\/es\/wp-json\/wp\/v2\/media\/16631"}],"wp:attachment":[{"href":"https:\/\/theelora.com\/es\/wp-json\/wp\/v2\/media?parent=16619"}],"wp:term":[{"taxonomy":"product_brand","embeddable":true,"href":"https:\/\/theelora.com\/es\/wp-json\/wp\/v2\/product_brand?post=16619"},{"taxonomy":"product_cat","embeddable":true,"href":"https:\/\/theelora.com\/es\/wp-json\/wp\/v2\/product_cat?post=16619"},{"taxonomy":"product_tag","embeddable":true,"href":"https:\/\/theelora.com\/es\/wp-json\/wp\/v2\/product_tag?post=16619"}],"curies":[{"name":"wp","href":"https:\/\/api.w.org\/{rel}","templated":true}]}}