{"id":16621,"date":"2023-11-10T04:34:10","date_gmt":"2023-11-10T04:34:10","guid":{"rendered":"https:\/\/theelora.com\/?post_type=product&#038;p=16621"},"modified":"2023-11-10T04:34:10","modified_gmt":"2023-11-10T04:34:10","slug":"stylish-round-natural-wood-coffee-table","status":"publish","type":"product","link":"https:\/\/theelora.com\/es\/producto\/stylish-round-natural-wood-coffee-table\/","title":{"rendered":"Mesa de centro redonda de madera natural"},"content":{"rendered":"<p>La colecci\u00f3n de mesas de centro Atenae presenta una gran variedad de materiales, como metal, madera y m\u00e1rmol. Las mesas se caracterizan por su dise\u00f1o distintivo, que presenta dos gruesas bandas met\u00e1licas curvadas que forman la estructura de la mesa y soportan la parte superior. Las mesas est\u00e1n disponibles en varios di\u00e1metros y alturas, lo que permite utilizarlas individualmente o agruparlas para crear diversas composiciones que encajar\u00e1n a la perfecci\u00f3n en cualquier espacio sofisticado. Las mesas Atenae son vers\u00e1tiles y pueden incorporarse f\u00e1cilmente a cualquier tipo de sal\u00f3n.<\/p>","protected":false},"excerpt":{"rendered":"<p>La colecci\u00f3n de mesas de centro Atenae incluye mesas de metal, madera y m\u00e1rmol, con un dise\u00f1o \u00fanico que presenta bandas met\u00e1licas curvadas que sostienen la parte superior. Est\u00e1n disponibles en varios tama\u00f1os y alturas, y pueden utilizarse individualmente o combinadas para adaptarse a cualquier espacio.<\/p>\n<p>&nbsp;<\/p>\n<p>C\u00f3digo del producto: CANTO-CT-02-ATENAE<\/p>\n<p>OEM: Disponible<\/p>\n<p>Muestra: Disponible<\/p>\n<p>Puerto: Foshan, Guangzhou, Shenzhen<\/p>\n<p>Lugar de origen: China<\/p>\n<p>Env\u00edos: Support Express - Flete mar\u00edtimo - Flete terrestre - Flete a\u00e9reo<\/p>\n<p>Capacidad de suministro\uff1a1000 piezas al mes<\/p>","protected":false},"featured_media":16622,"comment_status":"open","ping_status":"closed","template":"","meta":[],"product_brand":[],"product_cat":[76],"product_tag":[],"class_list":{"0":"post-16621","1":"product","2":"type-product","3":"status-publish","4":"has-post-thumbnail","6":"product_cat-coffee-table","8":"first","9":"instock","10":"shipping-taxable","11":"purchasable","12":"product-type-simple"},"_links":{"self":[{"href":"https:\/\/theelora.com\/es\/wp-json\/wp\/v2\/product\/16621","targetHints":{"allow":["GET"]}}],"collection":[{"href":"https:\/\/theelora.com\/es\/wp-json\/wp\/v2\/product"}],"about":[{"href":"https:\/\/theelora.com\/es\/wp-json\/wp\/v2\/types\/product"}],"replies":[{"embeddable":true,"href":"https:\/\/theelora.com\/es\/wp-json\/wp\/v2\/comments?post=16621"}],"version-history":[{"count":0,"href":"https:\/\/theelora.com\/es\/wp-json\/wp\/v2\/product\/16621\/revisions"}],"wp:featuredmedia":[{"embeddable":true,"href":"https:\/\/theelora.com\/es\/wp-json\/wp\/v2\/media\/16622"}],"wp:attachment":[{"href":"https:\/\/theelora.com\/es\/wp-json\/wp\/v2\/media?parent=16621"}],"wp:term":[{"taxonomy":"product_brand","embeddable":true,"href":"https:\/\/theelora.com\/es\/wp-json\/wp\/v2\/product_brand?post=16621"},{"taxonomy":"product_cat","embeddable":true,"href":"https:\/\/theelora.com\/es\/wp-json\/wp\/v2\/product_cat?post=16621"},{"taxonomy":"product_tag","embeddable":true,"href":"https:\/\/theelora.com\/es\/wp-json\/wp\/v2\/product_tag?post=16621"}],"curies":[{"name":"wp","href":"https:\/\/api.w.org\/{rel}","templated":true}]}}