{"id":16668,"date":"2023-11-10T05:39:19","date_gmt":"2023-11-10T05:39:19","guid":{"rendered":"https:\/\/theelora.com\/?post_type=product&#038;p=16668"},"modified":"2023-11-10T11:58:11","modified_gmt":"2023-11-10T11:58:11","slug":"luxurious-italian-six-seater-dining-table","status":"publish","type":"product","link":"https:\/\/theelora.com\/es\/producto\/luxurious-italian-six-seater-dining-table\/","title":{"rendered":"Lujosa mesa de comedor italiana de seis plazas"},"content":{"rendered":"<p><strong>Detalles del producto<\/strong><\/p>\n<ul>\n<li>Categor\u00eda: Mesa de comedor<\/li>\n<li>Color: Como imagen o personalizado<\/li>\n<li>MOQ: 1 pieza<\/li>\n<li>Modelo : DD-DN-04-BOLTON<\/li>\n<li>Estilo de dise\u00f1o: Lujo ligero italiano moderno<\/li>\n<li>Volumen estimado del art\u00edculo (m3) : 1,8<\/li>\n<li>Peso estimado del art\u00edculo (KGS) : 180<\/li>\n<li>Plazo de entrega (d\u00edas): A negociar<\/li>\n<\/ul>\n<p><strong>\u00a0<\/strong><\/p>\n<p><strong>Material destacado<\/strong><strong>:<\/strong><\/p>\n<div>cubierta:cuero de fibra napa+acero inoxidable 304+madera maciza+m\u00e1rmol natural<\/div>\n<p>&nbsp;<\/p>\n<p><strong>Informaci\u00f3n sobre el tama\u00f1o:<\/strong><\/p>\n<p>Tama\u00f1os personalizados disponibles<\/p>\n<p>Informaci\u00f3n sobre el tama\u00f1o normal: 1800W*1000D*750H; marble:1800W*1000D*20H<\/p>\n<p><strong>Paquete\u00a0<\/strong><strong>Detalles<\/strong><strong>:<\/strong><\/p>\n<ul>\n<li>1.Export est\u00e1ndar 5-capas cartones de papel duro + embalaje de madera<\/li>\n<li>2.Protecci\u00f3n interior de espuma y EPE<\/li>\n<li>3.Protecci\u00f3n de papel duro en cada esquina<\/li>\n<\/ul>\n<p><strong>El precio puede variar seg\u00fan el material y la cantidad que pida, p\u00f3ngase en contacto con nosotros para obtener informaci\u00f3n sobre precios.<\/strong><\/p>","protected":false},"excerpt":{"rendered":"<p class=\"product-des\">Cada tabla es verdaderamente \u00fanico con su dise\u00f1o de m\u00e1rmol conocido por su ritmo audaz y din\u00e1mico.Somos un fabricante de muebles de lujo y profesional desde 2005. Traiga usted por encargo, de alta calidad, buen acabado, muebles de lujo mordern con precio de f\u00e1brica.<\/p>\n<div class=\"inquiryBasket\">\n<p>C\u00f3digo del producto: VL IPE -DN-03-BABILONIA<\/p>\n<p>OEM: Disponible<\/p>\n<p>Muestra: Disponible<\/p>\n<p>Puerto: Foshan, Guangzhou, Shenzhen<\/p>\n<p>Lugar de origen: China<\/p>\n<p>Env\u00edos: Support Express - Flete mar\u00edtimo - Flete terrestre - Flete a\u00e9reo<\/p>\n<p>Capacidad de suministro\uff1a1000 piezas al mes<\/p>\n<\/div>","protected":false},"featured_media":16670,"comment_status":"open","ping_status":"closed","template":"","meta":[],"product_brand":[],"product_cat":[77],"product_tag":[],"class_list":{"0":"post-16668","1":"product","2":"type-product","3":"status-publish","4":"has-post-thumbnail","6":"product_cat-dining-table","8":"first","9":"instock","10":"shipping-taxable","11":"purchasable","12":"product-type-simple"},"_links":{"self":[{"href":"https:\/\/theelora.com\/es\/wp-json\/wp\/v2\/product\/16668","targetHints":{"allow":["GET"]}}],"collection":[{"href":"https:\/\/theelora.com\/es\/wp-json\/wp\/v2\/product"}],"about":[{"href":"https:\/\/theelora.com\/es\/wp-json\/wp\/v2\/types\/product"}],"replies":[{"embeddable":true,"href":"https:\/\/theelora.com\/es\/wp-json\/wp\/v2\/comments?post=16668"}],"version-history":[{"count":0,"href":"https:\/\/theelora.com\/es\/wp-json\/wp\/v2\/product\/16668\/revisions"}],"wp:featuredmedia":[{"embeddable":true,"href":"https:\/\/theelora.com\/es\/wp-json\/wp\/v2\/media\/16670"}],"wp:attachment":[{"href":"https:\/\/theelora.com\/es\/wp-json\/wp\/v2\/media?parent=16668"}],"wp:term":[{"taxonomy":"product_brand","embeddable":true,"href":"https:\/\/theelora.com\/es\/wp-json\/wp\/v2\/product_brand?post=16668"},{"taxonomy":"product_cat","embeddable":true,"href":"https:\/\/theelora.com\/es\/wp-json\/wp\/v2\/product_cat?post=16668"},{"taxonomy":"product_tag","embeddable":true,"href":"https:\/\/theelora.com\/es\/wp-json\/wp\/v2\/product_tag?post=16668"}],"curies":[{"name":"wp","href":"https:\/\/api.w.org\/{rel}","templated":true}]}}