{"id":16685,"date":"2023-11-10T06:15:26","date_gmt":"2023-11-10T06:15:26","guid":{"rendered":"https:\/\/theelora.com\/?post_type=product&#038;p=16685"},"modified":"2023-11-10T06:15:26","modified_gmt":"2023-11-10T06:15:26","slug":"luxurious-black-marble-top-dining-table","status":"publish","type":"product","link":"https:\/\/theelora.com\/es\/producto\/luxurious-black-marble-top-dining-table\/","title":{"rendered":"Lujosa mesa de comedor con tapa de m\u00e1rmol negro"},"content":{"rendered":"<p>Las mesas redondas del sal\u00f3n, escult\u00f3ricas e ic\u00f3nicas, son una aut\u00e9ntica obra de arte. Esta mesa contempor\u00e1nea pone la forma al servicio de la funci\u00f3n y combina a la perfecci\u00f3n la calidad de la materia prima para obtener un resultado sorprendente. En esta variante, un tablero de elegante cer\u00e1mica se apoya en la gr\u00e1fica y necesaria base de acero. El modelo premium, con su grueso canto pintado y su forma cuadrada con bordes redondeados, es a\u00fan m\u00e1s elegante. La madera, por su parte, es la contrapartida m\u00e1s sombr\u00eda de esta magn\u00edfica mesa de madera. Por \u00faltimo, para crear el modelo redondo se ha utilizado el original inserto de cer\u00e1mica y una combinaci\u00f3n in\u00e9dita de maderas preciosas.<\/p>","protected":false},"excerpt":{"rendered":"<p>Las mesas redondas del sal\u00f3n, escult\u00f3ricas e ic\u00f3nicas, son una aut\u00e9ntica obra de arte. Esta mesa contempor\u00e1nea pone la forma al servicio de la funci\u00f3n y combina a la perfecci\u00f3n la calidad de la materia prima para obtener un resultado sorprendente.<\/p>\n<p>C\u00f3digo del producto: CAT-DN-01-SOHO<\/p>\n<p>OEM: Disponible<\/p>\n<p>Muestra: Disponible<\/p>\n<p>Puerto: Foshan, Guangzhou, Shenzhen<\/p>\n<p>Lugar de origen: China<\/p>\n<p>Env\u00edos: Support Express - Flete mar\u00edtimo - Flete terrestre - Flete a\u00e9reo<\/p>\n<p>Capacidad de suministro\uff1a1000 piezas al mes<\/p>","protected":false},"featured_media":16687,"comment_status":"open","ping_status":"closed","template":"","meta":[],"product_brand":[],"product_cat":[77],"product_tag":[],"class_list":{"0":"post-16685","1":"product","2":"type-product","3":"status-publish","4":"has-post-thumbnail","6":"product_cat-dining-table","8":"first","9":"instock","10":"shipping-taxable","11":"purchasable","12":"product-type-simple"},"_links":{"self":[{"href":"https:\/\/theelora.com\/es\/wp-json\/wp\/v2\/product\/16685","targetHints":{"allow":["GET"]}}],"collection":[{"href":"https:\/\/theelora.com\/es\/wp-json\/wp\/v2\/product"}],"about":[{"href":"https:\/\/theelora.com\/es\/wp-json\/wp\/v2\/types\/product"}],"replies":[{"embeddable":true,"href":"https:\/\/theelora.com\/es\/wp-json\/wp\/v2\/comments?post=16685"}],"version-history":[{"count":0,"href":"https:\/\/theelora.com\/es\/wp-json\/wp\/v2\/product\/16685\/revisions"}],"wp:featuredmedia":[{"embeddable":true,"href":"https:\/\/theelora.com\/es\/wp-json\/wp\/v2\/media\/16687"}],"wp:attachment":[{"href":"https:\/\/theelora.com\/es\/wp-json\/wp\/v2\/media?parent=16685"}],"wp:term":[{"taxonomy":"product_brand","embeddable":true,"href":"https:\/\/theelora.com\/es\/wp-json\/wp\/v2\/product_brand?post=16685"},{"taxonomy":"product_cat","embeddable":true,"href":"https:\/\/theelora.com\/es\/wp-json\/wp\/v2\/product_cat?post=16685"},{"taxonomy":"product_tag","embeddable":true,"href":"https:\/\/theelora.com\/es\/wp-json\/wp\/v2\/product_tag?post=16685"}],"curies":[{"name":"wp","href":"https:\/\/api.w.org\/{rel}","templated":true}]}}