{"id":16686,"date":"2023-11-10T06:16:01","date_gmt":"2023-11-10T06:16:01","guid":{"rendered":"https:\/\/theelora.com\/?post_type=product&#038;p=16686"},"modified":"2023-11-10T06:16:01","modified_gmt":"2023-11-10T06:16:01","slug":"luxurious-four-seater-marble-top-dining-table","status":"publish","type":"product","link":"https:\/\/theelora.com\/es\/producto\/luxurious-four-seater-marble-top-dining-table\/","title":{"rendered":"Lujosa Mesa de Comedor de Cuatro Plazas con Tapa de M\u00e1rmol"},"content":{"rendered":"<p><strong>Detalles del producto<\/strong><\/p>\n<p>Categor\u00eda: Mesa de comedor<\/p>\n<p>Color: Como imagen o personalizado<\/p>\n<p>MOQ: 1 pieza<\/p>\n<p>N\u00ba de modelo : FD-DN-05-MORRIS<\/p>\n<p>Estilo de dise\u00f1o: Lujo ligero italiano moderno<\/p>\n<p>Volumen estimado del art\u00edculo (m3) : 1,5<\/p>\n<p>Peso estimado del art\u00edculo (KGS) : 150<\/p>\n<p>Plazo de entrega (d\u00edas): A negociar<\/p>\n<p><strong>\u00a0<\/strong><\/p>\n<p><strong>Material destacado<\/strong><strong>:<\/strong><\/p>\n<ul>\n<li class=\"p\"><strong>\u00a0<\/strong>marco de madera maciza+madera contrachapada+acero inoxidable 304+pintura<\/li>\n<\/ul>\n<p>&nbsp;<\/p>\n<p><strong>Informaci\u00f3n sobre el tama\u00f1o:<\/strong><\/p>\n<p>Tama\u00f1os personalizados disponibles<\/p>\n<p>Informaci\u00f3n sobre el tama\u00f1o normal: 1600W*900D*760H<\/p>\n<p><strong>Paquete\u00a0<\/strong><strong>Detalles<\/strong><strong>:<\/strong><\/p>\n<ul>\n<li>1.Export est\u00e1ndar 5-capas cartones de papel duro + embalaje de madera<\/li>\n<li>2.Protecci\u00f3n interior de espuma y EPE<\/li>\n<li>3.Protecci\u00f3n de papel duro en cada esquina<\/li>\n<\/ul>\n<p><strong>El precio puede variar seg\u00fan el material y la cantidad que pida, p\u00f3ngase en contacto con nosotros para obtener informaci\u00f3n sobre precios.<\/strong><\/p>","protected":false},"excerpt":{"rendered":"<p>La singularidad de esta mesa rectangular se refleja en la hermosa base que envuelve la losa de m\u00e1rmol como una cinta, realzando la textura natural de la piedra. La forma de las piezas met\u00e1licas es muy preciada, con acabados brillantes y mates, algunos decorados a mano para conseguir un sutil efecto tridimensional.<\/p>\n<p>C\u00f3digo del producto: FD-DN-05-MORRIS<\/p>\n<p>OEM: Disponible<\/p>\n<p>Muestra: Disponible<\/p>\n<p>Puerto: Foshan, Guangzhou, Shenzhen<\/p>\n<p>Lugar de origen: China<\/p>\n<p>Env\u00edos: Support Express - Flete mar\u00edtimo - Flete terrestre - Flete a\u00e9reo<\/p>\n<p>Capacidad de suministro\uff1a1000 piezas al mes<\/p>","protected":false},"featured_media":16688,"comment_status":"open","ping_status":"closed","template":"","meta":[],"product_brand":[],"product_cat":[77],"product_tag":[],"class_list":{"0":"post-16686","1":"product","2":"type-product","3":"status-publish","4":"has-post-thumbnail","6":"product_cat-dining-table","8":"first","9":"instock","10":"shipping-taxable","11":"purchasable","12":"product-type-simple"},"_links":{"self":[{"href":"https:\/\/theelora.com\/es\/wp-json\/wp\/v2\/product\/16686","targetHints":{"allow":["GET"]}}],"collection":[{"href":"https:\/\/theelora.com\/es\/wp-json\/wp\/v2\/product"}],"about":[{"href":"https:\/\/theelora.com\/es\/wp-json\/wp\/v2\/types\/product"}],"replies":[{"embeddable":true,"href":"https:\/\/theelora.com\/es\/wp-json\/wp\/v2\/comments?post=16686"}],"version-history":[{"count":0,"href":"https:\/\/theelora.com\/es\/wp-json\/wp\/v2\/product\/16686\/revisions"}],"wp:featuredmedia":[{"embeddable":true,"href":"https:\/\/theelora.com\/es\/wp-json\/wp\/v2\/media\/16688"}],"wp:attachment":[{"href":"https:\/\/theelora.com\/es\/wp-json\/wp\/v2\/media?parent=16686"}],"wp:term":[{"taxonomy":"product_brand","embeddable":true,"href":"https:\/\/theelora.com\/es\/wp-json\/wp\/v2\/product_brand?post=16686"},{"taxonomy":"product_cat","embeddable":true,"href":"https:\/\/theelora.com\/es\/wp-json\/wp\/v2\/product_cat?post=16686"},{"taxonomy":"product_tag","embeddable":true,"href":"https:\/\/theelora.com\/es\/wp-json\/wp\/v2\/product_tag?post=16686"}],"curies":[{"name":"wp","href":"https:\/\/api.w.org\/{rel}","templated":true}]}}