{"id":16696,"date":"2023-11-10T06:37:55","date_gmt":"2023-11-10T06:37:55","guid":{"rendered":"https:\/\/theelora.com\/?post_type=product&#038;p=16696"},"modified":"2023-11-10T06:37:55","modified_gmt":"2023-11-10T06:37:55","slug":"antique-rosewood-matte-finish-dining-table","status":"publish","type":"product","link":"https:\/\/theelora.com\/es\/producto\/antique-rosewood-matte-finish-dining-table\/","title":{"rendered":"Mesa de Comedor de Palo de Rosa Antiguo Acabado Mate"},"content":{"rendered":"<p>La mesa Morris es una versi\u00f3n moderna de un dise\u00f1o cl\u00e1sico, con el ic\u00f3nico motivo Astuccio. El tablero de madera, que tambi\u00e9n est\u00e1 disponible en un elegante acabado mate de palisandro antiguo, est\u00e1 adornado con elegantes detalles de metal galvanizado que dividen la superficie en tres secciones. Las patas de la mesa son una combinaci\u00f3n de acero y madera, y est\u00e1n acabadas a juego con el tablero. Esta mesa es un homenaje a la tradici\u00f3n cl\u00e1sica y seguro que causar\u00e1 sensaci\u00f3n en cualquier espacio.<\/p>","protected":false},"excerpt":{"rendered":"<p>La encimera de madera, que tambi\u00e9n est\u00e1 disponible en un elegante acabado mate de palisandro antiguo, est\u00e1 adornada con elegantes detalles de metal galvanizado que dividen la superficie en tres secciones.<\/p>\n<p>C\u00f3digo del producto: FD-DT-01<\/p>\n<p>OEM: Disponible<\/p>\n<p>Muestra: Disponible<\/p>\n<p>Puerto: Foshan, Guangzhou, Shenzhen<\/p>\n<p>Lugar de origen: China<\/p>\n<p>Env\u00edos: Support Express - Flete mar\u00edtimo - Flete terrestre - Flete a\u00e9reo<\/p>\n<p>Capacidad de suministro\uff1a1000 piezas al mes<\/p>","protected":false},"featured_media":16709,"comment_status":"open","ping_status":"closed","template":"","meta":[],"product_brand":[],"product_cat":[77],"product_tag":[],"class_list":{"0":"post-16696","1":"product","2":"type-product","3":"status-publish","4":"has-post-thumbnail","6":"product_cat-dining-table","8":"first","9":"instock","10":"shipping-taxable","11":"purchasable","12":"product-type-simple"},"_links":{"self":[{"href":"https:\/\/theelora.com\/es\/wp-json\/wp\/v2\/product\/16696","targetHints":{"allow":["GET"]}}],"collection":[{"href":"https:\/\/theelora.com\/es\/wp-json\/wp\/v2\/product"}],"about":[{"href":"https:\/\/theelora.com\/es\/wp-json\/wp\/v2\/types\/product"}],"replies":[{"embeddable":true,"href":"https:\/\/theelora.com\/es\/wp-json\/wp\/v2\/comments?post=16696"}],"version-history":[{"count":0,"href":"https:\/\/theelora.com\/es\/wp-json\/wp\/v2\/product\/16696\/revisions"}],"wp:featuredmedia":[{"embeddable":true,"href":"https:\/\/theelora.com\/es\/wp-json\/wp\/v2\/media\/16709"}],"wp:attachment":[{"href":"https:\/\/theelora.com\/es\/wp-json\/wp\/v2\/media?parent=16696"}],"wp:term":[{"taxonomy":"product_brand","embeddable":true,"href":"https:\/\/theelora.com\/es\/wp-json\/wp\/v2\/product_brand?post=16696"},{"taxonomy":"product_cat","embeddable":true,"href":"https:\/\/theelora.com\/es\/wp-json\/wp\/v2\/product_cat?post=16696"},{"taxonomy":"product_tag","embeddable":true,"href":"https:\/\/theelora.com\/es\/wp-json\/wp\/v2\/product_tag?post=16696"}],"curies":[{"name":"wp","href":"https:\/\/api.w.org\/{rel}","templated":true}]}}