{"id":16697,"date":"2023-11-10T06:29:25","date_gmt":"2023-11-10T06:29:25","guid":{"rendered":"https:\/\/theelora.com\/?post_type=product&#038;p=16697"},"modified":"2023-11-10T06:29:25","modified_gmt":"2023-11-10T06:29:25","slug":"italian-stainless-steel-marble-top-dining-table","status":"publish","type":"product","link":"https:\/\/theelora.com\/es\/producto\/italian-stainless-steel-marble-top-dining-table\/","title":{"rendered":"Mesa de comedor italiana con tapa de m\u00e1rmol y acero inoxidable"},"content":{"rendered":"<div>\n<p><strong>Detalles del producto<\/strong><\/p>\n<ul>\n<li>Categor\u00eda: Mesa de comedor<\/li>\n<li>Color: Como imagen o personalizado<\/li>\n<li>MOQ: 1 pieza<\/li>\n<li>N\u00ba de modelo : LGHI-DN-04-MANFRED<\/li>\n<li>Estilo de dise\u00f1o: Lujo ligero italiano moderno<\/li>\n<li>Volumen estimado del art\u00edculo (m3) : 1,7<\/li>\n<li>Peso estimado del art\u00edculo (KGS) : 120<\/li>\n<li>Plazo de entrega (d\u00edas): A negociar<\/li>\n<\/ul>\n<p><strong>\u00a0<\/strong><\/p>\n<p><strong>Material destacado<\/strong><strong>:<\/strong><\/p>\n<ul>\n<li class=\"p\">Acero inoxidable 304+m\u00e1rmol<\/li>\n<\/ul>\n<p>&nbsp;<\/p>\n<p><strong>Informaci\u00f3n sobre el tama\u00f1o:<\/strong><\/p>\n<p>Tama\u00f1os personalizados disponibles<\/p>\n<p>Informaci\u00f3n sobre el tama\u00f1o normal: 1300W*1300D*750H<\/p>\n<p><strong>Paquete\u00a0<\/strong><strong>Detalles<\/strong><strong>:<\/strong><\/p>\n<ul>\n<li>1.Export est\u00e1ndar 5-capas cartones de papel duro + embalaje de madera<\/li>\n<li>2.Protecci\u00f3n interior de espuma y EPE<\/li>\n<li>3.Protecci\u00f3n de papel duro en cada esquina<\/li>\n<\/ul>\n<p><strong>El precio puede variar seg\u00fan el material y la cantidad que pida, p\u00f3ngase en contacto con nosotros para obtener informaci\u00f3n sobre precios.<\/strong><\/p>\n<\/div>","protected":false},"excerpt":{"rendered":"<p>La ambiciosa mesa dise\u00f1ada por nuestro equipo es un elemento llamativo en su comedor. Somos interioristas profesionales y ofrecemos soluciones de mobiliario personalizadas seg\u00fan sus necesidades y preferencias. Nuestra mesa de comedor es personalizada, con una gran variedad de tama\u00f1os, materiales y acabados para elegir.<\/p>\n<p>C\u00f3digo del producto: LGHI-DN-04-MANFRED<\/p>\n<p>OEM: Disponible<\/p>\n<p>Muestra: Disponible<\/p>\n<p>Puerto: Foshan, Guangzhou, Shenzhen<\/p>\n<p>Lugar de origen: China<\/p>\n<p>Env\u00edos: Support Express - Flete mar\u00edtimo - Flete terrestre - Flete a\u00e9reo<\/p>\n<p>Capacidad de suministro\uff1a1000 piezas al mes<\/p>\n<p>&nbsp;<\/p>","protected":false},"featured_media":16699,"comment_status":"open","ping_status":"closed","template":"","meta":[],"product_brand":[],"product_cat":[77],"product_tag":[],"class_list":{"0":"post-16697","1":"product","2":"type-product","3":"status-publish","4":"has-post-thumbnail","6":"product_cat-dining-table","8":"first","9":"instock","10":"shipping-taxable","11":"purchasable","12":"product-type-simple"},"_links":{"self":[{"href":"https:\/\/theelora.com\/es\/wp-json\/wp\/v2\/product\/16697","targetHints":{"allow":["GET"]}}],"collection":[{"href":"https:\/\/theelora.com\/es\/wp-json\/wp\/v2\/product"}],"about":[{"href":"https:\/\/theelora.com\/es\/wp-json\/wp\/v2\/types\/product"}],"replies":[{"embeddable":true,"href":"https:\/\/theelora.com\/es\/wp-json\/wp\/v2\/comments?post=16697"}],"version-history":[{"count":0,"href":"https:\/\/theelora.com\/es\/wp-json\/wp\/v2\/product\/16697\/revisions"}],"wp:featuredmedia":[{"embeddable":true,"href":"https:\/\/theelora.com\/es\/wp-json\/wp\/v2\/media\/16699"}],"wp:attachment":[{"href":"https:\/\/theelora.com\/es\/wp-json\/wp\/v2\/media?parent=16697"}],"wp:term":[{"taxonomy":"product_brand","embeddable":true,"href":"https:\/\/theelora.com\/es\/wp-json\/wp\/v2\/product_brand?post=16697"},{"taxonomy":"product_cat","embeddable":true,"href":"https:\/\/theelora.com\/es\/wp-json\/wp\/v2\/product_cat?post=16697"},{"taxonomy":"product_tag","embeddable":true,"href":"https:\/\/theelora.com\/es\/wp-json\/wp\/v2\/product_tag?post=16697"}],"curies":[{"name":"wp","href":"https:\/\/api.w.org\/{rel}","templated":true}]}}