{"id":16698,"date":"2023-11-10T06:30:55","date_gmt":"2023-11-10T06:30:55","guid":{"rendered":"https:\/\/theelora.com\/?post_type=product&#038;p=16698"},"modified":"2023-11-10T06:30:55","modified_gmt":"2023-11-10T06:30:55","slug":"modern-marble-top-dining-table","status":"publish","type":"product","link":"https:\/\/theelora.com\/es\/producto\/modern-marble-top-dining-table\/","title":{"rendered":"Mesa de comedor moderna con tapa de m\u00e1rmol"},"content":{"rendered":"<p><strong>Detalles del producto<\/strong><\/p>\n<ul>\n<li>Categor\u00eda: Mesa de comedor<\/li>\n<li>Color: Como imagen o personalizado<\/li>\n<li>MOQ: 1 pieza<\/li>\n<li>N\u00ba de modelo : GG-DN-01-CHARISMA-RE<\/li>\n<li>Estilo de dise\u00f1o: Lujo ligero italiano moderno<\/li>\n<li>Volumen estimado del art\u00edculo (m3) : 2<\/li>\n<li>Peso estimado del art\u00edculo (KGS) : 200<\/li>\n<li>Plazo de entrega (d\u00edas): A negociar<\/li>\n<\/ul>\n<p><strong>\u00a0<\/strong><\/p>\n<p><strong>Material destacado<\/strong><strong>:<\/strong><\/p>\n<ul>\n<li>Acero inoxidable 304+m\u00e1rmol+pintura<\/li>\n<\/ul>\n<p>&nbsp;<\/p>\n<p><strong>Informaci\u00f3n sobre el tama\u00f1o:<\/strong><\/p>\n<p>Tama\u00f1os personalizados disponibles<\/p>\n<p>Informaci\u00f3n sobre el tama\u00f1o normal: 2000W*1000D*760H<\/p>\n<p><strong>\u00a0<\/strong><\/p>\n<p><strong>Paquete\u00a0<\/strong><strong>Detalles<\/strong><strong>:<\/strong><\/p>\n<p>1.Export est\u00e1ndar 5-capas cartones de papel duro + embalaje de madera<\/p>\n<p>2.Protecci\u00f3n interior de espuma y EPE<\/p>\n<p>3.Protecci\u00f3n de papel duro en cada esquina<\/p>\n<p><strong>El precio puede variar seg\u00fan el material y la cantidad que pida, p\u00f3ngase en contacto con nosotros para obtener informaci\u00f3n sobre precios.<\/strong><\/p>","protected":false},"excerpt":{"rendered":"<p>Esta mesa es sin\u00f3nimo de encanto y magnetismo. Es el detalle \u00fanico de nuestro nuevo estilo de vida: el viaje multisensorial entre la belleza y el lujo, condensa artesan\u00eda y elegancia, y el perfecto estilo italiano. El encantador dise\u00f1o de muebles y objetos, as\u00ed como el cuidadoso estudio de los materiales y sus combinaciones crom\u00e1ticas, definen una atm\u00f3sfera acogedora, en la que el gusto encierra matices contempor\u00e1neos y decorativos.<\/p>\n<p>C\u00f3digo del producto: GG-DN-01-CHARISMA-RE<\/p>\n<p>OEM: Disponible<\/p>\n<p>Muestra: Disponible<\/p>\n<p>Puerto: Foshan, Guangzhou, Shenzhen<\/p>\n<p>Lugar de origen: China<\/p>\n<p>Env\u00edos: Support Express - Flete mar\u00edtimo - Flete terrestre - Flete a\u00e9reo<\/p>\n<p>Capacidad de suministro\uff1a1000 piezas al mes<\/p>","protected":false},"featured_media":16703,"comment_status":"open","ping_status":"closed","template":"","meta":[],"product_brand":[],"product_cat":[77],"product_tag":[],"class_list":{"0":"post-16698","1":"product","2":"type-product","3":"status-publish","4":"has-post-thumbnail","6":"product_cat-dining-table","8":"first","9":"instock","10":"shipping-taxable","11":"purchasable","12":"product-type-simple"},"_links":{"self":[{"href":"https:\/\/theelora.com\/es\/wp-json\/wp\/v2\/product\/16698","targetHints":{"allow":["GET"]}}],"collection":[{"href":"https:\/\/theelora.com\/es\/wp-json\/wp\/v2\/product"}],"about":[{"href":"https:\/\/theelora.com\/es\/wp-json\/wp\/v2\/types\/product"}],"replies":[{"embeddable":true,"href":"https:\/\/theelora.com\/es\/wp-json\/wp\/v2\/comments?post=16698"}],"version-history":[{"count":0,"href":"https:\/\/theelora.com\/es\/wp-json\/wp\/v2\/product\/16698\/revisions"}],"wp:featuredmedia":[{"embeddable":true,"href":"https:\/\/theelora.com\/es\/wp-json\/wp\/v2\/media\/16703"}],"wp:attachment":[{"href":"https:\/\/theelora.com\/es\/wp-json\/wp\/v2\/media?parent=16698"}],"wp:term":[{"taxonomy":"product_brand","embeddable":true,"href":"https:\/\/theelora.com\/es\/wp-json\/wp\/v2\/product_brand?post=16698"},{"taxonomy":"product_cat","embeddable":true,"href":"https:\/\/theelora.com\/es\/wp-json\/wp\/v2\/product_cat?post=16698"},{"taxonomy":"product_tag","embeddable":true,"href":"https:\/\/theelora.com\/es\/wp-json\/wp\/v2\/product_tag?post=16698"}],"curies":[{"name":"wp","href":"https:\/\/api.w.org\/{rel}","templated":true}]}}