{"id":16716,"date":"2023-11-10T06:57:55","date_gmt":"2023-11-10T06:57:55","guid":{"rendered":"https:\/\/theelora.com\/?post_type=product&#038;p=16716"},"modified":"2023-11-15T12:02:10","modified_gmt":"2023-11-15T12:02:10","slug":"postmodern-sideboard-cabinet","status":"publish","type":"product","link":"https:\/\/theelora.com\/es\/producto\/postmodern-sideboard-cabinet\/","title":{"rendered":"Armario aparador postmoderno"},"content":{"rendered":"<p>El aparador es una obra maestra consagrada con l\u00edneas vanguardistas y un dise\u00f1o facetado inspirado en el movimiento deconstructivista de la arquitectura posmoderna. Est\u00e1 fabricado en madera y recubierto de pan de plata con un tono esmeralda transl\u00facido y un barniz de alto brillo en la parte superior. Tiene dos cajones muy esculpidos y dos puertas que dan a un interior de pan de oro. El cuerpo del aparador se apoya en una afilada base dorada y es una expresi\u00f3n de exclusividad y alto dise\u00f1o coleccionable. El aparador est\u00e1 fabricado con la t\u00e9cnica del dorado a la hoja, una artesan\u00eda atesorada y rica que a\u00f1ade un toque atemporal y lleva el legado de quienes lo construyeron.<\/p>","protected":false},"excerpt":{"rendered":"<p class=\"product-des\">El aparador es una obra maestra consagrada que presenta un dise\u00f1o facetado inspirado en el movimiento deconstructivista de la arquitectura posmoderna.<\/p>\n<p>C\u00f3digo del producto: BOCA-CB-01-DIAMANTE<\/p>\n<p>OEM: Disponible<\/p>\n<p>Muestra: Disponible<\/p>\n<p>Puerto: Foshan, Guangzhou, Shenzhen<\/p>\n<p>Lugar de origen: China<\/p>\n<p>Env\u00edos: Support Express - Flete mar\u00edtimo - Flete terrestre - Flete a\u00e9reo<\/p>\n<p>Capacidad de suministro\uff1a1000 piezas al mes<\/p>","protected":false},"featured_media":16717,"comment_status":"open","ping_status":"closed","template":"","meta":[],"product_brand":[],"product_cat":[78],"product_tag":[],"class_list":{"0":"post-16716","1":"product","2":"type-product","3":"status-publish","4":"has-post-thumbnail","6":"product_cat-cabinet","8":"first","9":"instock","10":"shipping-taxable","11":"purchasable","12":"product-type-simple"},"_links":{"self":[{"href":"https:\/\/theelora.com\/es\/wp-json\/wp\/v2\/product\/16716","targetHints":{"allow":["GET"]}}],"collection":[{"href":"https:\/\/theelora.com\/es\/wp-json\/wp\/v2\/product"}],"about":[{"href":"https:\/\/theelora.com\/es\/wp-json\/wp\/v2\/types\/product"}],"replies":[{"embeddable":true,"href":"https:\/\/theelora.com\/es\/wp-json\/wp\/v2\/comments?post=16716"}],"version-history":[{"count":0,"href":"https:\/\/theelora.com\/es\/wp-json\/wp\/v2\/product\/16716\/revisions"}],"wp:featuredmedia":[{"embeddable":true,"href":"https:\/\/theelora.com\/es\/wp-json\/wp\/v2\/media\/16717"}],"wp:attachment":[{"href":"https:\/\/theelora.com\/es\/wp-json\/wp\/v2\/media?parent=16716"}],"wp:term":[{"taxonomy":"product_brand","embeddable":true,"href":"https:\/\/theelora.com\/es\/wp-json\/wp\/v2\/product_brand?post=16716"},{"taxonomy":"product_cat","embeddable":true,"href":"https:\/\/theelora.com\/es\/wp-json\/wp\/v2\/product_cat?post=16716"},{"taxonomy":"product_tag","embeddable":true,"href":"https:\/\/theelora.com\/es\/wp-json\/wp\/v2\/product_tag?post=16716"}],"curies":[{"name":"wp","href":"https:\/\/api.w.org\/{rel}","templated":true}]}}