{"id":16729,"date":"2023-11-10T08:44:58","date_gmt":"2023-11-10T08:44:58","guid":{"rendered":"https:\/\/theelora.com\/?post_type=product&#038;p=16729"},"modified":"2023-11-15T11:46:42","modified_gmt":"2023-11-15T11:46:42","slug":"ebony-veneer-wood-sideboard-cabinets","status":"publish","type":"product","link":"https:\/\/theelora.com\/es\/producto\/ebony-veneer-wood-sideboard-cabinets\/","title":{"rendered":"Aparador de madera chapada en \u00e9bano"},"content":{"rendered":"<p>C\u00f3digo del producto: BOCA-DC-02-SOLEIL<\/p>\n<p>OEM: Disponible<\/p>\n<p>Muestra: Disponible<\/p>\n<p>Puerto: Foshan, Guangzhou, Shenzhen<\/p>\n<p>Lugar de origen: China<\/p>\n<p>Env\u00edos: Support Express - Flete mar\u00edtimo - Flete terrestre - Flete a\u00e9reo<\/p>\n<p>Capacidad de suministro\uff1a1000 piezas al mes<\/p>\n<p>El aparador es una pieza \u00fanica con un dise\u00f1o moderno inspirado en los cl\u00e1sicos tubos de \u00f3rgano de iglesia. Est\u00e1 hecho a mano por varios maestros artesanos y se considera una de las piezas m\u00e1s exquisitas de la colecci\u00f3n Limited Edition. El aparador tiene un robusto cuerpo de madera recubierto de un conjunto de tubos de lat\u00f3n dorado o niquelado, soldados entre s\u00ed con tecnolog\u00eda de vanguardia. Tiene una base lacada en negro y una tapa acabada en cristal negro opaco, y est\u00e1 disponible en tres longitudes diferentes con dos, cuatro o seis puertas superpuestas. El interior del aparador est\u00e1 acabado en elegante chapa de \u00e9bano y tiene un estante central de cristal ahumado que a\u00f1ade practicidad a la pieza de acento. El aparador Symphony es capaz de a\u00f1adir sofisticaci\u00f3n y ritmo a cualquier espacio.<\/p>\n<p>&nbsp;<\/p>","protected":false},"excerpt":{"rendered":"<p>C\u00f3digo del producto: BOCA-CB-03-SYMPHONY<\/p>\n<p>OEM: Disponible<\/p>\n<p>Muestra: Disponible<\/p>\n<p>Puerto: Foshan, Guangzhou, Shenzhen<\/p>\n<p>Lugar de origen: China<\/p>\n<p>Env\u00edos: Support Express - Flete mar\u00edtimo - Flete terrestre - Flete a\u00e9reo<\/p>\n<p>Capacidad de suministro\uff1a1000 piezas al mes<\/p>","protected":false},"featured_media":16737,"comment_status":"open","ping_status":"closed","template":"","meta":[],"product_brand":[],"product_cat":[78],"product_tag":[],"class_list":{"0":"post-16729","1":"product","2":"type-product","3":"status-publish","4":"has-post-thumbnail","6":"product_cat-cabinet","8":"first","9":"instock","10":"shipping-taxable","11":"purchasable","12":"product-type-simple"},"_links":{"self":[{"href":"https:\/\/theelora.com\/es\/wp-json\/wp\/v2\/product\/16729","targetHints":{"allow":["GET"]}}],"collection":[{"href":"https:\/\/theelora.com\/es\/wp-json\/wp\/v2\/product"}],"about":[{"href":"https:\/\/theelora.com\/es\/wp-json\/wp\/v2\/types\/product"}],"replies":[{"embeddable":true,"href":"https:\/\/theelora.com\/es\/wp-json\/wp\/v2\/comments?post=16729"}],"version-history":[{"count":0,"href":"https:\/\/theelora.com\/es\/wp-json\/wp\/v2\/product\/16729\/revisions"}],"wp:featuredmedia":[{"embeddable":true,"href":"https:\/\/theelora.com\/es\/wp-json\/wp\/v2\/media\/16737"}],"wp:attachment":[{"href":"https:\/\/theelora.com\/es\/wp-json\/wp\/v2\/media?parent=16729"}],"wp:term":[{"taxonomy":"product_brand","embeddable":true,"href":"https:\/\/theelora.com\/es\/wp-json\/wp\/v2\/product_brand?post=16729"},{"taxonomy":"product_cat","embeddable":true,"href":"https:\/\/theelora.com\/es\/wp-json\/wp\/v2\/product_cat?post=16729"},{"taxonomy":"product_tag","embeddable":true,"href":"https:\/\/theelora.com\/es\/wp-json\/wp\/v2\/product_tag?post=16729"}],"curies":[{"name":"wp","href":"https:\/\/api.w.org\/{rel}","templated":true}]}}