{"id":16751,"date":"2023-11-10T09:00:50","date_gmt":"2023-11-10T09:00:50","guid":{"rendered":"https:\/\/theelora.com\/?post_type=product&#038;p=16751"},"modified":"2023-11-15T11:53:07","modified_gmt":"2023-11-15T11:53:07","slug":"luxurious-marble-top-cabinet","status":"publish","type":"product","link":"https:\/\/theelora.com\/es\/producto\/luxurious-marble-top-cabinet\/","title":{"rendered":"Lujoso armario con encimera de m\u00e1rmol"},"content":{"rendered":"<p>La c\u00f3moda Lambert es una inversi\u00f3n pr\u00e1ctica y vers\u00e1til que le permite dar vida a su visi\u00f3n personal del dise\u00f1o a trav\u00e9s de una amplia gama de opciones de tejidos y acabados. La c\u00f3moda no s\u00f3lo ofrece un exterior elegante y personalizable, sino que tambi\u00e9n incluye lujosos forros de microfibra para los cajones que ayudan a proteger y conservar los objetos almacenados. Esta atenci\u00f3n tanto a la forma como a la funci\u00f3n hace de la c\u00f3moda Lambert una elecci\u00f3n fiable y de alta calidad para cualquier hogar.<\/p>","protected":false},"excerpt":{"rendered":"<p>C\u00f3digo del producto: FD-ARMARIO-LAMBER<\/p>\n<p>OEM: Disponible<\/p>\n<p>Muestra: Disponible<\/p>\n<p>Puerto: Foshan, Guangzhou, Shenzhen<\/p>\n<p>Lugar de origen: China<\/p>\n<p>Env\u00edos: Support Express - Flete mar\u00edtimo - Flete terrestre - Flete a\u00e9reo<\/p>\n<p>Capacidad de suministro\uff1a1000 piezas al mes<\/p>","protected":false},"featured_media":16752,"comment_status":"open","ping_status":"closed","template":"","meta":[],"product_brand":[],"product_cat":[78],"product_tag":[],"class_list":{"0":"post-16751","1":"product","2":"type-product","3":"status-publish","4":"has-post-thumbnail","6":"product_cat-cabinet","8":"first","9":"instock","10":"shipping-taxable","11":"purchasable","12":"product-type-simple"},"_links":{"self":[{"href":"https:\/\/theelora.com\/es\/wp-json\/wp\/v2\/product\/16751","targetHints":{"allow":["GET"]}}],"collection":[{"href":"https:\/\/theelora.com\/es\/wp-json\/wp\/v2\/product"}],"about":[{"href":"https:\/\/theelora.com\/es\/wp-json\/wp\/v2\/types\/product"}],"replies":[{"embeddable":true,"href":"https:\/\/theelora.com\/es\/wp-json\/wp\/v2\/comments?post=16751"}],"version-history":[{"count":0,"href":"https:\/\/theelora.com\/es\/wp-json\/wp\/v2\/product\/16751\/revisions"}],"wp:featuredmedia":[{"embeddable":true,"href":"https:\/\/theelora.com\/es\/wp-json\/wp\/v2\/media\/16752"}],"wp:attachment":[{"href":"https:\/\/theelora.com\/es\/wp-json\/wp\/v2\/media?parent=16751"}],"wp:term":[{"taxonomy":"product_brand","embeddable":true,"href":"https:\/\/theelora.com\/es\/wp-json\/wp\/v2\/product_brand?post=16751"},{"taxonomy":"product_cat","embeddable":true,"href":"https:\/\/theelora.com\/es\/wp-json\/wp\/v2\/product_cat?post=16751"},{"taxonomy":"product_tag","embeddable":true,"href":"https:\/\/theelora.com\/es\/wp-json\/wp\/v2\/product_tag?post=16751"}],"curies":[{"name":"wp","href":"https:\/\/api.w.org\/{rel}","templated":true}]}}